{"id":1183,"date":"2022-01-31T09:19:13","date_gmt":"2022-01-31T03:19:13","guid":{"rendered":"https:\/\/r2-toys.com\/?page_id=1183"},"modified":"2022-04-01T04:06:26","modified_gmt":"2022-03-31T22:06:26","slug":"politica-de-privacidad","status":"publish","type":"page","link":"https:\/\/r2-toys.com\/index.php\/politica-de-privacidad\/","title":{"rendered":"Pol\u00edtica de Privacidad"},"content":{"rendered":"\r\n<p>&nbsp;<\/p>\r\n\r\n\r\n\r\n<p><strong>AVISO DE PRIVACIDAD<\/strong><\/p>\r\n\r\n\r\n\r\n<p><strong>1. IDENTIDAD Y DOMICILIO DEL RESPONSABLE<\/strong><\/p>\r\n\r\n\r\n\r\n<p>R2-TOYS con domicilio en CIUDAD DE M\u00c9XICO<\/p>\r\n\r\n\r\n\r\n<p><strong>2. DATOS PERSONALES SOLICITADOS<\/strong><\/p>\r\n\r\n\r\n\r\n<p>Aquellos datos personales que se obtengan de manera verbal, por escrito, por medios electr\u00f3nicos, \u00f3pticos o por cualquier otra tecnolog\u00eda, o por signos inequ\u00edvocos, con base en la finalidad para lo que otorgue su libre consentimiento, son:<\/p>\r\n\r\n\r\n\r\n<ol class=\"wp-block-list\">\r\n<li>Datos de identificaci\u00f3n y ubicaci\u00f3n<\/li>\r\n<li>Datos bancarios de cobro<\/li>\r\n<\/ol>\r\n\r\n\r\n\r\n<p>El sitio no est\u00e1 dise\u00f1ado para menores de 18 a\u00f1os de edad. Al utilizar este sitio, usted declara que tiene al menos la mayor\u00eda de edad independientemente del\u00a0\u00a0estado o provincia de residencia, que tiene la mayor\u00eda de edad en su estado o provincia de residencia, o que est\u00e1 bajo la supervisi\u00f3n de padres, tutor o representante legal que cumpla con esta condici\u00f3n.<\/p>\r\n\r\n\r\n\r\n<p><strong>3. TRATAMIENTO DE LOS DATOS PERSONALES<\/strong><\/p>\r\n\r\n\r\n\r\n<p>Los datos personales que se obtengan ser\u00e1n para las siguientes finalidades:<\/p>\r\n\r\n\r\n\r\n<p>Finalidades Primarias:\u00a0<\/p>\r\n\r\n\r\n\r\n<ul class=\"wp-block-list\">\r\n<li>Verificar su identidad y ubicaci\u00f3n.<\/li>\r\n<li>Crear su cuenta de usuario.<\/li>\r\n<li>Alimentar nuestra base de datos.<\/li>\r\n<li>Informarlo y\/o localizarlo por cualquier medio digital, audio-visual, tecnol\u00f3gico o f\u00edsico (correo electr\u00f3nico, mensajer\u00eda o llamada, etc.) con respecto al estatus de su orden y\/o pedido de productos o servicios.<\/li>\r\n<li>La devoluci\u00f3n y\/o cambio de productos<\/li>\r\n<li>Cobranza y facturaci\u00f3n\u00a0<\/li>\r\n<li>Cumplir con las leyes, reglamentos,\u00a0\u00a0normatividad aplicable y los requerimientos efectuados por parte de las autoridades.<\/li>\r\n<li>Soporte t\u00e9cnico\u00a0<\/li>\r\n<\/ul>\r\n\r\n\r\n\r\n<p>Finalidades Secundarias:\u00a0<\/p>\r\n\r\n\r\n\r\n<ul class=\"wp-block-list\">\r\n<li>Promociones, lanzamientos y nuevos productos.<\/li>\r\n<li>Encuestas de satisfacci\u00f3n.<\/li>\r\n<li>Agradecimientos e invitaciones.<\/li>\r\n<li>Seguimiento de soporte t\u00e9cnico\u00a0<\/li>\r\n<\/ul>\r\n\r\n\r\n\r\n<p>El propietario de los datos personales tiene derecho a que sus datos personales no sean usados para los fines secundarios.<\/p>\r\n\r\n\r\n\r\n<p>En caso de ejercer este derecho, el propietario de los datos personales deber\u00e1 hacerlo conforme al numeral 4 y 5 del presente Aviso de Privacidad. En sentido opuesto se entender\u00e1 que el propietario acepta y autoriza el tratamiento de sus datos personales para la finalidad primaria y secundaria. Hacemos notar que lo anterior es sin perjuicio de lo se\u00f1alado en el art\u00edculo 26 de la Ley Federal de Protecci\u00f3n de Datos Personales en Posesi\u00f3n de los Particulares y dem\u00e1s disposiciones aplicables.<\/p>\r\n\r\n\r\n\r\n<p>La negativa para finalidades secundarias no ser\u00e1 motivo para que le neguemos los servicios.<\/p>\r\n\r\n\r\n\r\n<p><strong>4. MEDIOS U OPCIONES POR EL RESPONSABLE PARA EJERCER\u00a0\u00a0EL DERECHO ARCO<\/strong>\u00a0(Acceso, Rectificaci\u00f3n, Cancelaci\u00f3n y Oposici\u00f3n)<strong>, REVOCAR EL USO Y DIVULGACI\u00d3N DE LOS DATOS PERSONALES.<\/strong><\/p>\r\n\r\n\r\n\r\n<p>La solicitud deber\u00e1 ser realizada a trav\u00e9s del Formulario \u00danico para el Ejercicio de Derechos ARCO, Revocaci\u00f3n del Consentimiento y\/o Limitaci\u00f3n del Uso o Divulgaci\u00f3n de Datos Personales (en lo sucesivo \u201cFORMULARIO\u201d) En cumplimiento con lo establecido por la Ley Federal de Protecci\u00f3n de Datos Personales en Posesi\u00f3n de Particulares publicada en el Diario Oficial de la Federaci\u00f3n el d\u00eda 5 de Julio de 2010, as\u00ed como su correspondiente Reglamento, R2-TOYS,\u00a0<a href=\"http:\/\/www.r2-toys.com\/\" target=\"_blank\" rel=\"noreferrer noopener\">www.r2-toys.com<\/a>, todas sus divisiones, afiliadas, sitios de internet, aplicaciones y diversas plataformas digitales para distribuci\u00f3n, mercadotecnia y venta, extiende y hace de su conocimiento para todos los fines legales a que haya lugar, el presente formulario para el ejercicio de derechos ARCO. Para lo cual usted o su representante legal, deber\u00e1 acreditar totalmente su identidad\u00a0\u00a0completando todos los campos indicados en el\u00a0\u00a0\u201cFORMULARIO\u201d y lo acompa\u00f1e con copia digital de alguna de las identificaciones oficiales vigentes indicadas en el mismo.<\/p>\r\n\r\n\r\n\r\n<p>En el supuesto de que la informaci\u00f3n proporcionada en el \u201cFORMULARIO\u201d sea incompleta, falsa, ap\u00f3crifa o no se acompa\u00f1e de los documentos de acreditaci\u00f3n de identidad correspondientes, dentro de los cinco (5) d\u00edas h\u00e1biles siguientes a la recepci\u00f3n de la solicitud, se solicitar\u00e1 que a\u00f1ada\u00a0\u00a0los documentos o informaci\u00f3n necesarios para completar dicha solicitud.\u00a0<\/p>\r\n\r\n\r\n\r\n<p>Usted tendr\u00e1 diez (10) d\u00edas h\u00e1biles para completar los elementos y\/o informaci\u00f3n, contados a partir del d\u00eda siguiente en que haya sido notificado. Al no recibir respuesta en dicho tiempo, se entender\u00e1 y aceptar\u00e1 como no presentada la solicitud para ejercer su derecho ARCO.<\/p>\r\n\r\n\r\n\r\n<p>Se le notificar\u00e1 la respuesta y acciones a su solicitud, en un plazo m\u00e1ximo de quince (15) d\u00edas h\u00e1biles contados desde la fecha en que se recibi\u00f3 la solicitud completa y sin omisi\u00f3n en documentos o informaci\u00f3n con efecto de que, si resulta procedente, haga efectiva la misma dentro de los diez (10) d\u00edas h\u00e1biles siguientes a que se comunique la respuesta. La respuesta se dar\u00e1 a la direcci\u00f3n de correo que se especifique en el \u201cFORMULARIO\u201d.<\/p>\r\n\r\n\r\n\r\n<p><strong>5. MEDIOS PARA REVOCAR EL USO O DIVULGACI\u00d3N DE SUS DATOS PERSONALES<\/strong><\/p>\r\n\r\n\r\n\r\n<p>El Propietario de los datos personales podr\u00e1 revocar la autorizaci\u00f3n\u00a0\u00a0que nos ha otorgado para el tratamiento de sus datos personales en cualquier momento, tal y como lo establece el art\u00edculo 8 de la Ley Federal de Protecci\u00f3n de Datos Personales en Posesi\u00f3n de Particulares publicada en el Diario Oficial de la Federaci\u00f3n el d\u00eda 5 de Julio de 2010, as\u00ed como su correspondiente Reglamento. Para lo anterior, ser\u00e1 necesario enviar un correo electr\u00f3nico a contacto@r2-toys.com\u00a0<\/p>\r\n\r\n\r\n\r\n<p>Si est\u00e1 interesado en ejercer sus derechos ARCO, por favor, descargue el \u201cFORMULARIO\u201d y env\u00edelo debidamente requisitado al correo:<\/p>\r\n\r\n\r\n\r\n<p>Conforme a lo establecido en el numeral 4.<\/p>\r\n\r\n\r\n\r\n<p><strong>6. TRANSFERENCIA DE LOS DATOS PERSONALES<\/strong><\/p>\r\n\r\n\r\n\r\n<p>Las transferencias realizadas por\u00a0\u00a0R2-TOYS,\u00a0<a href=\"http:\/\/www.r2-toys.com\/\" target=\"_blank\" rel=\"noreferrer noopener\">www.r2-toys.com<\/a>, todas sus divisiones, afiliadas, sitios de internet, aplicaciones y diversas plataformas digitales para distribuci\u00f3n, mercadotecnia y venta, se efectuar\u00e1n en t\u00e9rminos de lo establecido en el art\u00edculo 37 de la Ley Federal de Protecci\u00f3n de Datos Personales en Posesi\u00f3n de Particulares publicada en el Diario Oficial de la Federaci\u00f3n el d\u00eda 5 de Julio de 2010, en cumplimiento del art\u00edculo 68 del Reglamento de la Ley Federal de Protecci\u00f3n de Datos Personales en Posesi\u00f3n de los Particulares.<\/p>\r\n\r\n\r\n\r\n<p><strong>7.\u00a0\u00a0COOKIES.<\/strong><\/p>\r\n\r\n\r\n\r\n<p>El uso de cookies mejora los servicios y muestra publicidad relacionada con sus preferencias de navegaci\u00f3n y visitas anteriores. Las cookies permiten personalizar nuestro contenido de acuerdo con sus preferencias, dichas cookies no se guardan o utilizan\u00a0\u00a0con la finalidad de obtener datos personales del dispositivo del usuario y\/o cliente\u00a0<\/p>\r\n\r\n\r\n\r\n<p>La mayor\u00eda de los navegadores de los dispositivos permiten el uso de cookies, el titular puede configurar su navegador para que no las acepte.<\/p>\r\n\r\n\r\n\r\n<p><strong>8. PROTECCION DE DATOS<\/strong><\/p>\r\n\r\n\r\n\r\n<p>R2-TOYS,\u00a0<a href=\"http:\/\/www.r2-toys.com\/\" target=\"_blank\" rel=\"noreferrer noopener\">www.r2-toys.com<\/a>, todas sus divisiones, afiliadas, sitios de internet, aplicaciones y diversas plataformas digitales para distribuci\u00f3n, mercadotecnia y venta,\u00a0\u00a0mantiene las medidas de seguridad, t\u00e9cnicas y f\u00edsicas que le permiten proteger sus datos personales contra:\u00a0<\/p>\r\n\r\n\r\n\r\n<ul class=\"wp-block-list\">\r\n<li>La p\u00e9rdida o destrucci\u00f3n no autorizada;<\/li>\r\n<li>El robo, extrav\u00edo o copia no autorizada;<\/li>\r\n<li>El uso, acceso o tratamiento no autorizado, o<\/li>\r\n<li>El da\u00f1o, la alteraci\u00f3n o modificaci\u00f3n no autorizada.<\/li>\r\n<\/ul>\r\n\r\n\r\n\r\n<p>Con base en los t\u00e9rminos de la legislaci\u00f3n aplicable e implementar\u00e1 en su plan de trabajo las acciones preventivas y correctivas para adecuar las medidas de seguridad y el tratamiento de los datos personales si fuese el caso a efecto de evitar la vulnerabilidad.<\/p>\r\n\r\n\r\n\r\n<p><strong>9. CONFIDENCIALIDAD<\/strong><\/p>\r\n\r\n\r\n\r\n<p>R2-TOYS,\u00a0<a href=\"http:\/\/www.r2-toys.com\/\" target=\"_blank\" rel=\"noreferrer noopener\">www.r2-toys.com<\/a>, todas sus divisiones, afiliadas, sitios de internet, aplicaciones y diversas plataformas digitales para distribuci\u00f3n, mercadotecnia y venta, no renta, vende o lucra de ninguna forma con la informaci\u00f3n de los usuarios. R2-TOYS,\u00a0<a href=\"http:\/\/www.r2-toys.com\/\" target=\"_blank\" rel=\"noreferrer noopener\">www.r2-toys.com<\/a>, todas sus divisiones, afiliadas, sitios de internet, aplicaciones y diversas plataformas digitales para distribuci\u00f3n, mercadotecnia y venta, pudiera difundir la informaci\u00f3n del titular en casos especiales cuando, a solicitud expresa de alguna autoridad, el proporcionar esta informaci\u00f3n pueda servir para identificar, localizar o realizar acciones legales contra personas que pudiesen infringir las condiciones del servicio de nuestro sitio\u00a0<a href=\"http:\/\/www.r2-toys.com\/\" target=\"_blank\" rel=\"noreferrer noopener\">www.r2-toys.com<\/a>, todas sus divisiones, afiliadas, sitios de internet, aplicaciones y diversas plataformas digitales para distribuci\u00f3n, mercadotecnia y venta, causar da\u00f1os o interferencia sobre los derechos de otros usuarios, o cualquier otra persona que pudiese resultar perjudicada por dichas actividades.<\/p>\r\n\r\n\r\n\r\n<p><strong>10. ACEPTACI\u00d3N\u00a0<\/strong><\/p>\r\n\r\n\r\n\r\n<p>Si el usuario y\/o cliente que utiliza los servicios de R2-TOYS,\u00a0<a href=\"http:\/\/www.r2-toys.com\/\" target=\"_blank\" rel=\"noreferrer noopener\">www.r2-toys.com<\/a>, todas sus divisiones, afiliadas, sitios de internet, aplicaciones y diversas plataformas digitales para distribuci\u00f3n, mercadotecnia y venta acepta que ha le\u00eddo, entendido, asumido y autoriza\u00a0\u00a0los t\u00e9rminos antes expuestos de lo contrario el usuario y\/ o cliente deber\u00e1 abstenerse de proporcionar alguna informaci\u00f3n personal y no utilizar los servicios de R2-TOYS,\u00a0<a href=\"http:\/\/www.r2-toys.com\/\" target=\"_blank\" rel=\"noreferrer noopener\">www.r2-toys.com<\/a>, todas sus divisiones, afiliadas, sitios de internet, aplicaciones y diversas plataformas digitales para distribuci\u00f3n, mercadotecnia y venta.<\/p>\r\n\r\n\r\n\r\n<p><strong>11. ACTUALIZACIONES<\/strong><\/p>\r\n\r\n\r\n\r\n<p>Este Aviso de Privacidad podr\u00e1 ser modificado y\/o actualizado en cualquier momento para la atenci\u00f3n de reformas legislativas o reglamentarias, jurisprudenciales u otras internas que apliquen, siendo la versi\u00f3n actualizada la que se encuentre publicada en www.r2-toys.com, la aplicable en todo momento.<\/p>\r\n\r\n\r\n\r\n<p>&nbsp;<\/p>\r\n\r\n\r\n\r\n<p>&nbsp;<\/p>\r\n\r\n\r\n\r\n<p><a href=\"https:\/\/r2-toys.com\/wp-content\/uploads\/2022\/04\/formulario-r2toys-Arco.pdf\" target=\"_blank\" rel=\"noopener\"><strong>Formulario para ejercer el derecho ARCO<\/strong><\/a><\/p>\r\n\r\n\r\n","protected":false},"excerpt":{"rendered":"<p>&nbsp; AVISO DE PRIVACIDAD 1. IDENTIDAD Y DOMICILIO DEL RESPONSABLE R2-TOYS con domicilio en CIUDAD DE M\u00c9XICO 2. DATOS PERSONALES<\/p>\n","protected":false},"author":1,"featured_media":0,"parent":0,"menu_order":0,"comment_status":"closed","ping_status":"closed","template":"","meta":{"footnotes":""},"class_list":["post-1183","page","type-page","status-publish","hentry"],"_links":{"self":[{"href":"https:\/\/r2-toys.com\/index.php\/wp-json\/wp\/v2\/pages\/1183","targetHints":{"allow":["GET"]}}],"collection":[{"href":"https:\/\/r2-toys.com\/index.php\/wp-json\/wp\/v2\/pages"}],"about":[{"href":"https:\/\/r2-toys.com\/index.php\/wp-json\/wp\/v2\/types\/page"}],"author":[{"embeddable":true,"href":"https:\/\/r2-toys.com\/index.php\/wp-json\/wp\/v2\/users\/1"}],"replies":[{"embeddable":true,"href":"https:\/\/r2-toys.com\/index.php\/wp-json\/wp\/v2\/comments?post=1183"}],"version-history":[{"count":8,"href":"https:\/\/r2-toys.com\/index.php\/wp-json\/wp\/v2\/pages\/1183\/revisions"}],"predecessor-version":[{"id":4166,"href":"https:\/\/r2-toys.com\/index.php\/wp-json\/wp\/v2\/pages\/1183\/revisions\/4166"}],"wp:attachment":[{"href":"https:\/\/r2-toys.com\/index.php\/wp-json\/wp\/v2\/media?parent=1183"}],"curies":[{"name":"wp","href":"https:\/\/api.w.org\/{rel}","templated":true}]}}