{"id":749,"date":"2021-09-18T06:06:07","date_gmt":"2021-09-18T00:06:07","guid":{"rendered":"https:\/\/r2-toys.com\/?page_id=749"},"modified":"2022-07-28T05:00:12","modified_gmt":"2022-07-27T23:00:12","slug":"terminos-y-condiciones","status":"publish","type":"page","link":"https:\/\/r2-toys.com\/index.php\/sample-page\/terminos-y-condiciones\/","title":{"rendered":"T\u00e9rminos y Condiciones"},"content":{"rendered":"\r\n\r\n\r\n<p><strong>*LA MERCANC\u00cdA ADQUIRIDA NO CUENTA CON CAMBIOS NI DEVOLUCIONES BASADOS EN LA POL\u00cdTICA DE GARANT\u00cdA.*\u00a0<\/strong><\/p>\r\n\r\n\r\n\r\n<p><strong>APLICACI\u00d3N DE USO<\/strong><\/p>\r\n\r\n\r\n\r\n<p>Bienvenido, R2-TOYS, <a href=\"https:\/\/na01.safelinks.protection.outlook.com\/?url=http%3A%2F%2Fwww.r2-toys.com%2F&amp;data=04%7C01%7C%7Cf1329c87c14444db1e5108d99365f6ec%7C84df9e7fe9f640afb435aaaaaaaaaaaa%7C1%7C0%7C637702888406592489%7CUnknown%7CTWFpbGZsb3d8eyJWIjoiMC4wLjAwMDAiLCJQIjoiV2luMzIiLCJBTiI6Ik1haWwiLCJXVCI6Mn0%3D%7C1000&amp;sdata=SJT9EO3D09CsCfcHS75GrgX5xn%2FNm9mmB0dJFh7fJD4%3D&amp;reserved=0\">www.r2-toys.com<\/a>, en todas sus divisiones, afiliadas, sitios de internet, aplicaciones y diversas plataformas digitales para distribuci\u00f3n, mercadotecnia y venta, ofrece acceso al sitio web y\/o pagina y vende productos bajo los t\u00e9rminos y condiciones establecidos en la misma.Te solicitamos que leas detenidamente los presentes t\u00e9rminos y condiciones antes de utilizar el sitio web <a href=\"https:\/\/na01.safelinks.protection.outlook.com\/?url=http%3A%2F%2Fwww.r2-toys.com%2F&amp;data=04%7C01%7C%7Cf1329c87c14444db1e5108d99365f6ec%7C84df9e7fe9f640afb435aaaaaaaaaaaa%7C1%7C0%7C637702888406602440%7CUnknown%7CTWFpbGZsb3d8eyJWIjoiMC4wLjAwMDAiLCJQIjoiV2luMzIiLCJBTiI6Ik1haWwiLCJXVCI6Mn0%3D%7C1000&amp;sdata=jMvb9WAkWTtm3C7%2Fp%2BMKO9%2B6LQ1olBBqrldsHmB%2BQoM%3D&amp;reserved=0\">www.r2-toys.com<\/a>, ya que al acceder al sitio confirmas tu entendimiento y aceptaci\u00f3n de los mismos, de lo contrario pedimos la abstenci\u00f3n de su uso, as\u00ed como todas sus divisiones, afiliadas, sitios de internet, aplicaciones y diversas plataformas digitales para distribuci\u00f3n, mercadotecnia y venta, ya sea directamente o por terceros.<\/p>\r\n\r\n\r\n\r\n<p>Los presentes t\u00e9rminos y condiciones, regulan el uso del sitio web <a href=\"https:\/\/na01.safelinks.protection.outlook.com\/?url=http%3A%2F%2Fwww.r2-toys.com%2F&amp;data=04%7C01%7C%7Cf1329c87c14444db1e5108d99365f6ec%7C84df9e7fe9f640afb435aaaaaaaaaaaa%7C1%7C0%7C637702888406602440%7CUnknown%7CTWFpbGZsb3d8eyJWIjoiMC4wLjAwMDAiLCJQIjoiV2luMzIiLCJBTiI6Ik1haWwiLCJXVCI6Mn0%3D%7C1000&amp;sdata=jMvb9WAkWTtm3C7%2Fp%2BMKO9%2B6LQ1olBBqrldsHmB%2BQoM%3D&amp;reserved=0\">www.r2-toys.com<\/a>, propiedad de R2-TOYS, ubicado en la Ciudad de M\u00e9xico.<\/p>\r\n\r\n\r\n\r\n<p>R2-TOYS a trav\u00e9s de todas sus divisiones, afiliadas, sitios de internet, aplicaciones y diversas plataformas digitales para distribuci\u00f3n, mercadotecnia y venta, oferta bienes y la posibilidad de su adquisici\u00f3n.\u00a0Debido al contenido y la finalidad del sitio, las personas y\/o clientes que deseen estos servicios deben\u00a0 de manera voluntaria y con el uso de sus facultades registrarse a trav\u00e9s del llenado del formulario, <s>y <\/s>siguiendo las instrucciones para dicho registro, se asume la aceptaci\u00f3n de los t\u00e9rminos y condiciones de uso, y las pol\u00edticas de garant\u00eda y devoluci\u00f3n de este sitio.<\/p>\r\n\r\n\r\n\r\n<p><strong>Registro<\/strong><\/p>\r\n\r\n\r\n\r\n<p>Finalizado el registro, recibir\u00e1n una contrase\u00f1a de acceso, la persona y\/o cliente ser\u00e1 el \u00fanico responsable de mantener la contrase\u00f1a proporcionada y as\u00ed como otros identificadores de cuenta segura, el titular de la cuenta es totalmente responsable de todas las actividades que ocurran bajo su uso. R2-TOYS\u00a0<a href=\"https:\/\/na01.safelinks.protection.outlook.com\/?url=http%3A%2F%2Fwww.r2-toys.com%2F&amp;data=04%7C01%7C%7Cf1329c87c14444db1e5108d99365f6ec%7C84df9e7fe9f640afb435aaaaaaaaaaaa%7C1%7C0%7C637702888406612394%7CUnknown%7CTWFpbGZsb3d8eyJWIjoiMC4wLjAwMDAiLCJQIjoiV2luMzIiLCJBTiI6Ik1haWwiLCJXVCI6Mn0%3D%7C1000&amp;sdata=MkSeNz%2F8u0pZmDw5RtrWqWVpFEHS5EsCYBgVakYCqKI%3D&amp;reserved=0\">www.r2-toys.com<\/a> no es responsable por el mal uso y\/o irresponsable de dicha cuenta o contrase\u00f1a, directa o indirectamente por el cliente o terceros, as\u00ed como la perdida o da\u00f1o de cualquier tipo por incumplimiento de esta condici\u00f3n.\u00a0<\/p>\r\n\r\n\r\n\r\n<p>Al registra<s>s<\/s>te asumes y te comprometes a proporcionar informaci\u00f3n precisa, actualizada y verdadera para la adquisici\u00f3n de productos, su buen cobro y env\u00edo, o la actualizaci\u00f3n de manera inmediata en caso de cambio o modificaci\u00f3n, R2-TOYS<s>,<\/s>\u00a0<a href=\"https:\/\/na01.safelinks.protection.outlook.com\/?url=http%3A%2F%2Fwww.r2-toys.com%2F&amp;data=04%7C01%7C%7Cf1329c87c14444db1e5108d99365f6ec%7C84df9e7fe9f640afb435aaaaaaaaaaaa%7C1%7C0%7C637702888406612394%7CUnknown%7CTWFpbGZsb3d8eyJWIjoiMC4wLjAwMDAiLCJQIjoiV2luMzIiLCJBTiI6Ik1haWwiLCJXVCI6Mn0%3D%7C1000&amp;sdata=MkSeNz%2F8u0pZmDw5RtrWqWVpFEHS5EsCYBgVakYCqKI%3D&amp;reserved=0\">www.r2-toys.com<\/a>, todas sus divisiones, afiliadas, sitios de internet, aplicaciones y diversas plataformas digitales para distribuci\u00f3n, mercadotecnia y venta, se reserva el derecho de cancelaci\u00f3n de cualquier pedido, cuenta y orden que no cumpla con esta condici\u00f3n o parezca ap\u00f3crifa, ademas aceptas recibir correos electr\u00f3nicos promocionales de R2-TOYS<s>,<\/s>\u00a0<a href=\"https:\/\/na01.safelinks.protection.outlook.com\/?url=http%3A%2F%2Fwww.r2-toys.com%2F&amp;data=04%7C01%7C%7Cf1329c87c14444db1e5108d99365f6ec%7C84df9e7fe9f640afb435aaaaaaaaaaaa%7C1%7C0%7C637702888406612394%7CUnknown%7CTWFpbGZsb3d8eyJWIjoiMC4wLjAwMDAiLCJQIjoiV2luMzIiLCJBTiI6Ik1haWwiLCJXVCI6Mn0%3D%7C1000&amp;sdata=MkSeNz%2F8u0pZmDw5RtrWqWVpFEHS5EsCYBgVakYCqKI%3D&amp;reserved=0\">www.r2-toys.com<\/a>\u00a0 , todas sus divisiones, afiliadas, sitios de internet, aplicaciones y diversas plataformas digitales para distribuci\u00f3n, mercadotecnia y venta, no obstante, puedes optar por no recibir tales correos promocionales haciendo clic en el enlace en la parte inferior de cualquier correo electr\u00f3nico promocional o\u00a0envi\u00e1ndonos un correo a <a href=\"mailto:contacto@r2-toys.com\">contacto@r2-toys.com<\/a>, donde nos manifiestes de forma expresa tu deseo de no seguir recibiendo informaci\u00f3n.<\/p>\r\n\r\n\r\n\r\n\r\n\r\n\r\n\r\n<p>Lo anterior de conformidad con la Ley federal de Protecci\u00f3n al Consumidor, as\u00ed como del Acuerdo por el que se establecen las reglas de operaci\u00f3n y funcionamiento del Registro P\u00fablico de Consumidores.<\/p>\r\n\r\n\r\n\r\n<p>El uso del sitio <a href=\"https:\/\/na01.safelinks.protection.outlook.com\/?url=http%3A%2F%2Fwww.r2-toys.com%2F&amp;data=04%7C01%7C%7Cf1329c87c14444db1e5108d99365f6ec%7C84df9e7fe9f640afb435aaaaaaaaaaaa%7C1%7C0%7C637702888406622347%7CUnknown%7CTWFpbGZsb3d8eyJWIjoiMC4wLjAwMDAiLCJQIjoiV2luMzIiLCJBTiI6Ik1haWwiLCJXVCI6Mn0%3D%7C1000&amp;sdata=VOw0ZEfmMOCHG%2BwIVSLZ7p4TcLOuDv%2Fo%2Bs6UVPoiT9Q%3D&amp;reserved=0\">www.r2-toys.com<\/a> todas sus divisiones, afiliadas, sitios de internet, aplicaciones y diversas plataformas digitales para distribuci\u00f3n, mercadotecnia y venta, es para personas y\/o clientes mayores de edad independientemente de la regi\u00f3n en d\u00f3nde se haga uso del mismo o en su caso, estar accediendo bajo la supervisi\u00f3n y consentimiento de padres, tutores, representantes legales de quien detente el legal ejercicio de la patria potestad, guarda y custodia.<\/p>\r\n\r\n\r\n\r\n<p>Aceptar los presentes t\u00e9rminos y condiciones te concede el uso no transferible y revocable de<s> e<\/s>l sitio <a href=\"https:\/\/na01.safelinks.protection.outlook.com\/?url=http%3A%2F%2Fwww.r2-toys.com%2F&amp;data=04%7C01%7C%7Cf1329c87c14444db1e5108d99365f6ec%7C84df9e7fe9f640afb435aaaaaaaaaaaa%7C1%7C0%7C637702888406622347%7CUnknown%7CTWFpbGZsb3d8eyJWIjoiMC4wLjAwMDAiLCJQIjoiV2luMzIiLCJBTiI6Ik1haWwiLCJXVCI6Mn0%3D%7C1000&amp;sdata=VOw0ZEfmMOCHG%2BwIVSLZ7p4TcLOuDv%2Fo%2Bs6UVPoiT9Q%3D&amp;reserved=0\">www.r2-toys.com<\/a> todas sus divisiones, afiliadas, sitios de internet, aplicaciones y diversas plataformas digitales para distribuci\u00f3n, mercadotecnia y venta, en virtud de los t\u00e9rminos y condiciones descritos y aceptados, con el prop\u00f3sito de la compra de art\u00edculos ofertados en el mismo.<\/p>\r\n\r\n\r\n\r\n<p>El uso comercial total o parcial, el nombre de terceros, fotograf\u00edas, im\u00e1genes , videos , archivos y cualquier contenido dentro del sitio, propiedad de R2-TOYS o marcas registradas ofertadas directamente o indirectamente, est\u00e1n prohibidos, salvo que expresamente por escrito en t\u00e9rminos legales sea permitido por R2-TOYS. Cualquier infracci\u00f3n de estos t\u00e9rminos y condiciones dar\u00e1 lugar a la revocaci\u00f3n inmediata del uso del sitio para la persona y\/o cliente as\u00ed como representantes o terceros para solicitar los productos ofertados, sin previo aviso, as\u00ed como las acciones legales pertinentes.<\/p>\r\n\r\n\r\n\r\n<p><strong>RECUERDA QUE HACER <\/strong><strong>AL <\/strong><strong>ACCEDER Y HACER USO DE TODOS LOS SERVICIOS OFERTADOS EN EL SITIO <\/strong><a href=\"https:\/\/na01.safelinks.protection.outlook.com\/?url=http%3A%2F%2Fwww.r2-toys.com%2F&amp;data=04%7C01%7C%7Cf1329c87c14444db1e5108d99365f6ec%7C84df9e7fe9f640afb435aaaaaaaaaaaa%7C1%7C0%7C637702888406632304%7CUnknown%7CTWFpbGZsb3d8eyJWIjoiMC4wLjAwMDAiLCJQIjoiV2luMzIiLCJBTiI6Ik1haWwiLCJXVCI6Mn0%3D%7C1000&amp;sdata=zpqU4XSrL%2FAlzv1WhceVMcuyr1HyIzvh5HhKrDX4j7A%3D&amp;reserved=0\"><strong>www.r2-toys.com<\/strong><\/a><strong> TODAS SUS DIVISIONES, AFILIADAS, SITIOS DE INTERNET, APLICACIONES Y DIVERSAS PLATAFORMAS\u00a0 DIGITALES PARA DISTRIBUCI\u00d3N, MERCADOTECNIA Y VENTA, ASUMES Y ACEPTAS LOS TERMINOS ANTES EXPUESTOS .<\/strong><\/p>\r\n\r\n\r\n\r\n<p>R2-TOYS se reserva el derecho de cambiar, modificar, a\u00f1adir o eliminar partes de estos t\u00e9rminos y condiciones de uso en cualquier momento, los cambios ser\u00e1n efectivos cuando se publiquen en el sitio de manera adecuada, mediante un aviso dentro del sitio, quedando bajo su responsabilidad la revisi\u00f3n de los mismos o la abstenci\u00f3n de uso, liberando de cualquier responsabilidad a R2-TOYS del desconocimiento de dicha modificaci\u00f3n en el momento de su uso.<\/p>\r\n\r\n\r\n\r\n<p><strong>Costos<\/strong><\/p>\r\n\r\n\r\n\r\n<p>R2-TOYS se reserva el derecho de modificar, eliminar o actualizar cualquier contenido dentro de\u00a0 <a href=\"https:\/\/na01.safelinks.protection.outlook.com\/?url=http%3A%2F%2Fwww.r2-toys.com%2F&amp;data=04%7C01%7C%7Cf1329c87c14444db1e5108d99365f6ec%7C84df9e7fe9f640afb435aaaaaaaaaaaa%7C1%7C0%7C637702888406632304%7CUnknown%7CTWFpbGZsb3d8eyJWIjoiMC4wLjAwMDAiLCJQIjoiV2luMzIiLCJBTiI6Ik1haWwiLCJXVCI6Mn0%3D%7C1000&amp;sdata=zpqU4XSrL%2FAlzv1WhceVMcuyr1HyIzvh5HhKrDX4j7A%3D&amp;reserved=0\">www.r2-toys.com<\/a>, todas sus divisiones, afiliadas, sitios de internet, aplicaciones y diversas plataformas digitales para distribuci\u00f3n, mercadotecnia y venta, sin previo aviso y sin responsabilidades hacia la persona que haga uso y\/o cliente por estos efectos.<\/p>\r\n\r\n\r\n\r\n<p>Todos los costos dentro de\u00a0 <a href=\"https:\/\/na01.safelinks.protection.outlook.com\/?url=http%3A%2F%2Fwww.r2-toys.com%2F&amp;data=04%7C01%7C%7Cf1329c87c14444db1e5108d99365f6ec%7C84df9e7fe9f640afb435aaaaaaaaaaaa%7C1%7C0%7C637702888406642262%7CUnknown%7CTWFpbGZsb3d8eyJWIjoiMC4wLjAwMDAiLCJQIjoiV2luMzIiLCJBTiI6Ik1haWwiLCJXVCI6Mn0%3D%7C1000&amp;sdata=A%2F81vYEQHkjX3gLuogLoztiDyAVTvVCKB%2BIVJEftXZM%3D&amp;reserved=0\">www.r2-toys.com<\/a>, todas sus divisiones, afiliadas, sitios de internet, aplicaciones y diversas plataformas digitales para distribuci\u00f3n, mercadotecnia y venta,\u00a0 incluyen IVA, son en moneda nacional y NOS RESERVAMOS EL DERECHO DE CAMBIOS SIN PREVIO AVISO. Cualquier costo equivocado que sea por error tipogr\u00e1fico no ser\u00e1\u00a0obligaci\u00f3n de proceso de orden, ya que en estos casos se proceder\u00e1 a la cancelaci\u00f3n de la orden y\/o pedido para su correcta aplicaci\u00f3n o cobro, siendo notificado via correo para la correcta aplicaci\u00f3n de la orden o el reembolso de dicho pedido, sin responsabilidad para R2-TOYS, <a href=\"https:\/\/na01.safelinks.protection.outlook.com\/?url=http%3A%2F%2Fwww.r2-toys.com%2F&amp;data=04%7C01%7C%7Cf1329c87c14444db1e5108d99365f6ec%7C84df9e7fe9f640afb435aaaaaaaaaaaa%7C1%7C0%7C637702888406642262%7CUnknown%7CTWFpbGZsb3d8eyJWIjoiMC4wLjAwMDAiLCJQIjoiV2luMzIiLCJBTiI6Ik1haWwiLCJXVCI6Mn0%3D%7C1000&amp;sdata=A%2F81vYEQHkjX3gLuogLoztiDyAVTvVCKB%2BIVJEftXZM%3D&amp;reserved=0\">www.r2-toys.com<\/a>, todas sus divisiones, afiliadas, sitios de internet, aplicaciones y diversas plataformas digitales para distribuci\u00f3n, mercadotecnia y venta.<\/p>\r\n<div dir=\"ltr\"><strong>Compras y Formas de pago<\/strong><\/div>\r\n<div dir=\"ltr\">\u00a0<\/div>\r\n<div dir=\"ltr\">Las compras y\/o pedidos ser\u00e1 exclusivamente a trav\u00e9s de la p\u00e1gina\u00a0<a href=\"http:\/\/r2-toys.com\/\" target=\"_blank\" rel=\"noopener\" data-saferedirecturl=\"https:\/\/www.google.com\/url?q=http:\/\/r2-toys.com&amp;source=gmail&amp;ust=1659048540421000&amp;usg=AOvVaw2B44_UIqwavn43q8q9P030\">http:\/\/r2-toys.com<\/a>\u00a0y los pagos a trav\u00e9s de los medios publicados sin excepciones (Mercado Pago y PayPal).<\/div>\r\n<div dir=\"ltr\">\u00a0<\/div>\r\n<div dir=\"ltr\"><strong>Cupones, descuentos y promociones<\/strong><\/div>\r\n<div dir=\"ltr\">\u00a0<\/div>\r\n<div dir=\"ltr\">Los cupones de descuento no aplican con art\u00edculos en rebaja publicados, otros descuentos o cupones. Ser\u00e1n de un solo uso por compra y cliente. Son v\u00e1lidos con promociones distintas a descuento.<\/div>\r\n<div dir=\"ltr\">Las promociones publicadas por compras mayores a 1000 pesos con excepci\u00f3n de env\u00edos gratuitos son solo v\u00e1lidas en una compra por cliente.<\/div>\r\n<div dir=\"ltr\">Nos reservamos el derecho de modificar, cancelar o dar temporalidad a cupones, descuentos y promociones sin previo aviso y sin perjuicio para R2-Toys.<\/div>\r\n<div dir=\"ltr\">\u00a0<\/div>\r\n\r\n\r\n\r\n<p><strong>Comunicaci\u00f3n\u00a0<\/strong><\/p>\r\n\r\n\r\n\r\n<p>La comunicaci\u00f3n con nuestros clientes es muy valiosa, por lo que puedes enviar cualquier pregunta, duda, comentario, cr\u00edtica, sugerencia a cualquiera de nuestros canales de comunicaci\u00f3n, lo cual ser\u00e1\u00a0de exclusiva propiedad de R2-TOYS, <a href=\"https:\/\/na01.safelinks.protection.outlook.com\/?url=http%3A%2F%2Fwww.r2-toys.com%2F&amp;data=04%7C01%7C%7Cf1329c87c14444db1e5108d99365f6ec%7C84df9e7fe9f640afb435aaaaaaaaaaaa%7C1%7C0%7C637702888406642262%7CUnknown%7CTWFpbGZsb3d8eyJWIjoiMC4wLjAwMDAiLCJQIjoiV2luMzIiLCJBTiI6Ik1haWwiLCJXVCI6Mn0%3D%7C1000&amp;sdata=A%2F81vYEQHkjX3gLuogLoztiDyAVTvVCKB%2BIVJEftXZM%3D&amp;reserved=0\">www.r2-toys.com<\/a>, todas sus divisiones, afiliadas, sitios de internet, aplicaciones y diversas plataformas digitales para distribuci\u00f3n, mercadotecnia y venta, y no sean devueltos, salvo mediante orden judicial, as\u00ed mismo nos otorgas el derecho de hacer uso del nombre de usuario y\/o cliente para la revisi\u00f3n y an\u00e1lisis de la informaci\u00f3n por lo que asumes el uso de nombres, direcciones y cualquier informaci\u00f3n verdadera. Cualquier uso indebido de nombres de usuarios, contrase\u00f1as, domicilios, beneficios, c\u00f3digos promocionales, etc.\u00a0 Sera responsabilidad del propietario del mismo y nos reservamos el derecho de cancelaci\u00f3n de cuentas, \u00f3rdenes pedidos y accesos a quien o quienes pretendan hacer uso indebido o ilegal de estos datos, as\u00ed como liberas a R2-TOYS, <a href=\"https:\/\/na01.safelinks.protection.outlook.com\/?url=http%3A%2F%2Fwww.r2-toys.com%2F&amp;data=04%7C01%7C%7Cf1329c87c14444db1e5108d99365f6ec%7C84df9e7fe9f640afb435aaaaaaaaaaaa%7C1%7C0%7C637702888406652218%7CUnknown%7CTWFpbGZsb3d8eyJWIjoiMC4wLjAwMDAiLCJQIjoiV2luMzIiLCJBTiI6Ik1haWwiLCJXVCI6Mn0%3D%7C1000&amp;sdata=lkaP2HUV77Plf0krHTEmFCV2me6SkmNI2xNee5ddCmY%3D&amp;reserved=0\">www.r2-toys.com<\/a>, todas sus divisiones, afiliadas, sitios de internet, aplicaciones y diversas plataformas digitales para distribuci\u00f3n, mercadotecnia y venta,\u00a0 de responsabilidad de da\u00f1os o perdidas provocadas por su mal uso.<\/p>\r\n\r\n\r\n\r\n<p><strong>Productos<\/strong><\/p>\r\n\r\n\r\n\r\n<p>Todos los productos ofertados por R2-TOYS, <a href=\"https:\/\/na01.safelinks.protection.outlook.com\/?url=http%3A%2F%2Fwww.r2-toys.com%2F&amp;data=04%7C01%7C%7Cf1329c87c14444db1e5108d99365f6ec%7C84df9e7fe9f640afb435aaaaaaaaaaaa%7C1%7C0%7C637702888406652218%7CUnknown%7CTWFpbGZsb3d8eyJWIjoiMC4wLjAwMDAiLCJQIjoiV2luMzIiLCJBTiI6Ik1haWwiLCJXVCI6Mn0%3D%7C1000&amp;sdata=lkaP2HUV77Plf0krHTEmFCV2me6SkmNI2xNee5ddCmY%3D&amp;reserved=0\">www.r2-toys.com<\/a>, todas sus divisiones, afiliadas, sitios de internet, aplicaciones y diversas plataformas digitales para distribuci\u00f3n, mercadotecnia y venta, est\u00e1n sujetos a disponibilidad y se ofrecen\u00a0 hasta agotar existencias, por lo que puede que un mismo producto pueda ser adquirido por varias personas y\/o clientes a la vez y el producto ya no se encuentre disponible por haberse agotado, en cuyo caso se le informar\u00e1 de tal situaci\u00f3n procediendo al reembolso\u00a0 del producto adquirido si es el caso o bien se le notificara de la imposibilidad de procesar la orden de compra. Hay casos en los cuales una orden de compra puede no ser procesada por circunstancias ajenas a nosotros y las cuales no pueden ser previstas, circunstancias en las cuales interviene la fuerza mayor o el caso fortuito, en ese sentido, informar\u00e1 al cliente de inmediato el motivo por el cual no fue posible procesar una orden, reembolsando el pago realizado, dejando claro que en este proceso se puede pedir informaci\u00f3n adicional para completar el proceso de reembolso. Tambi\u00e9n podr\u00e1 realizarse mediante un cup\u00f3n electr\u00f3nico por el total del monto a reembolsarse, con el cual podr\u00e1 adquirir productos sin restricci\u00f3n de categor\u00eda o m\u00ednimo de compra, este cup\u00f3n tendr\u00e1 una vigencia de 3 meses, si durante este lapso no hiciera uso del mismo se dar\u00e1 de baja.<\/p>\r\n\r\n\r\n\r\n<p>Para el reembolso de una orden de compra deber\u00e1 elegir un \u00fanico medio de reembolso mediante el cual realizar la devoluci\u00f3n del dinero, ya sea a trav\u00e9s de un cup\u00f3n de reembolso, transferencia bancaria o reversi\u00f3n de pago a la tarjeta de cr\u00e9dito. Es probable que en cualquier caso R2-TOYS, <a href=\"https:\/\/na01.safelinks.protection.outlook.com\/?url=http%3A%2F%2Fwww.r2-toys.com%2F&amp;data=04%7C01%7C%7Cf1329c87c14444db1e5108d99365f6ec%7C84df9e7fe9f640afb435aaaaaaaaaaaa%7C1%7C0%7C637702888406652218%7CUnknown%7CTWFpbGZsb3d8eyJWIjoiMC4wLjAwMDAiLCJQIjoiV2luMzIiLCJBTiI6Ik1haWwiLCJXVCI6Mn0%3D%7C1000&amp;sdata=lkaP2HUV77Plf0krHTEmFCV2me6SkmNI2xNee5ddCmY%3D&amp;reserved=0\">www.r2-toys.com<\/a>, todas sus divisiones, afiliadas, sitios de internet, aplicaciones y diversas plataformas digitales para distribuci\u00f3n, mercadotecnia y venta, solicitar\u00e1 cualquier tipo de evidencia de dicho reembolso envi\u00e1ndolo a <a href=\"mailto:contacto@r2-toys.com\">contacto@r2-toys.com<\/a><\/p>\r\n\r\n\r\n\r\n<p>Algunos productos pueden estar sujetos a condiciones particulares de venta, los cuales podr\u00e1n ser consultados junto con la descripci\u00f3n del producto y\/o por pertenecer a una categor\u00eda, adem\u00e1s de los presentes t\u00e9rminos y condiciones. Es necesario que verifique las condiciones particulares de venta de estos productos, antes de realizar su compra, siendo el caso que los presente t\u00e9rminos y condiciones generales podr\u00e1n verse adicionados, limitados o modificados en funci\u00f3n de las correspondientes condiciones particulares de venta del producto de que se trate, en caso de conflicto o contradicci\u00f3n en los presentes t\u00e9rminos y condiciones y las condiciones particulares de venta, estas \u00faltimas prevalecer\u00e1n sobre las primeras, en consecuencia, debe leer con atenci\u00f3n adem\u00e1s de los presente t\u00e9rminos y condiciones, las condiciones particulares de venta, las cuales ser\u00e1n irrevocablemente aceptadas en el momento en que proceda a la compra del producto.<\/p>\r\n\r\n\r\n\r\n<p><strong>Las fotos de los productos son \u00fanicamente de car\u00e1cter ilustrativo por lo que no garantiza que la imagen del producto sea exactamente la misma al producto f\u00edsico, salvo los expresamente\u00a0 publicados en la categor\u00eda \u201cCA\u00cdDOS\u201d<\/strong><\/p>\r\n\r\n\r\n\r\n<p>Todas las ofertas ser\u00e1n por R2-TOYS, <a href=\"https:\/\/na01.safelinks.protection.outlook.com\/?url=http%3A%2F%2Fwww.r2-toys.com%2F&amp;data=04%7C01%7C%7Cf1329c87c14444db1e5108d99365f6ec%7C84df9e7fe9f640afb435aaaaaaaaaaaa%7C1%7C0%7C637702888406662179%7CUnknown%7CTWFpbGZsb3d8eyJWIjoiMC4wLjAwMDAiLCJQIjoiV2luMzIiLCJBTiI6Ik1haWwiLCJXVCI6Mn0%3D%7C1000&amp;sdata=Hn9KXJEu%2BjwFkj59Yqd6j%2Byx6TxSyI2mkK1Yfjn%2Fs%2FU%3D&amp;reserved=0\">www.r2-toys.com<\/a>, todas sus divisiones, afiliadas, sitios de internet, aplicaciones y diversas plataformas digitales para distribuci\u00f3n, mercadotecnia y venta, sin responsabilizarse\u00a0 de comunicaciones que se env\u00eden fuera de este sitio, asimismo tampoco ser\u00e1 responsable por dep\u00f3sitos en efectivo, transferencias o pagos mediante tarjetas de cr\u00e9dito que hagan a cuentas diversas a las autorizadas en la compra de productos, refiri\u00e9ndose que jam\u00e1s se hacen solicitudes de dep\u00f3sito a cuentas de particulares.<\/p>\r\n\r\n\r\n\r\n<p><strong>Facturaci\u00f3n<\/strong><\/p>\r\n\r\n\r\n\r\n<p>Los suscriptores que adquieran productos podr\u00e1n solicitar la factura de los mismos al momento de realizar la compra, en caso de no solicitarse contar\u00e1n con 5 d\u00edas naturales para solicitarla.<\/p>\r\n\r\n\r\n\r\n<p><strong>R2-TOYS, <\/strong><a href=\"https:\/\/na01.safelinks.protection.outlook.com\/?url=http%3A%2F%2Fwww.r2-toys.com%2F&amp;data=04%7C01%7C%7Cf1329c87c14444db1e5108d99365f6ec%7C84df9e7fe9f640afb435aaaaaaaaaaaa%7C1%7C0%7C637702888406662179%7CUnknown%7CTWFpbGZsb3d8eyJWIjoiMC4wLjAwMDAiLCJQIjoiV2luMzIiLCJBTiI6Ik1haWwiLCJXVCI6Mn0%3D%7C1000&amp;sdata=Hn9KXJEu%2BjwFkj59Yqd6j%2Byx6TxSyI2mkK1Yfjn%2Fs%2FU%3D&amp;reserved=0\"><strong>www.r2-toys.com<\/strong><\/a><strong>, todas sus divisiones, afiliadas, sitios de internet, aplicaciones y diversas plataformas digitales para distribuci\u00f3n, mercadotecnia y venta, no limita a ninguna persona para el uso de su sitio, salvo la aceptaci\u00f3n de los presentes t\u00e9rminos y condiciones, as\u00ed como la mayor\u00eda de edad independientemente d<\/strong><s><strong>e <\/strong><\/s><strong>el lugar en el que se haga uso de este medio.<\/strong><\/p>\r\n\r\n\r\n\r\n<p><strong>LEY APLICABLE Y JURISDICCI\u00d3N<\/strong><\/p>\r\n\r\n\r\n\r\n<p><strong>EL cumplimiento de los t\u00e9rminos y condiciones quedan sometidos bajo la interpretaci\u00f3n y aplicaci\u00f3n en t\u00e9rminos\u00a0 jurisdiccionales de los tribunales en la CIUDAD DE M\u00c9XICO, renunciando expresamente a cualquier otro fuero que aplicara por domicilios actuales y futuros.<\/strong><\/p>\r\n","protected":false},"excerpt":{"rendered":"<p>*LA MERCANC\u00cdA ADQUIRIDA NO CUENTA CON CAMBIOS NI DEVOLUCIONES BASADOS EN LA POL\u00cdTICA DE GARANT\u00cdA.*\u00a0 APLICACI\u00d3N DE USO Bienvenido, R2-TOYS,<\/p>\n","protected":false},"author":1,"featured_media":0,"parent":2,"menu_order":0,"comment_status":"closed","ping_status":"closed","template":"","meta":{"footnotes":""},"class_list":["post-749","page","type-page","status-publish","hentry"],"_links":{"self":[{"href":"https:\/\/r2-toys.com\/index.php\/wp-json\/wp\/v2\/pages\/749","targetHints":{"allow":["GET"]}}],"collection":[{"href":"https:\/\/r2-toys.com\/index.php\/wp-json\/wp\/v2\/pages"}],"about":[{"href":"https:\/\/r2-toys.com\/index.php\/wp-json\/wp\/v2\/types\/page"}],"author":[{"embeddable":true,"href":"https:\/\/r2-toys.com\/index.php\/wp-json\/wp\/v2\/users\/1"}],"replies":[{"embeddable":true,"href":"https:\/\/r2-toys.com\/index.php\/wp-json\/wp\/v2\/comments?post=749"}],"version-history":[{"count":12,"href":"https:\/\/r2-toys.com\/index.php\/wp-json\/wp\/v2\/pages\/749\/revisions"}],"predecessor-version":[{"id":4614,"href":"https:\/\/r2-toys.com\/index.php\/wp-json\/wp\/v2\/pages\/749\/revisions\/4614"}],"up":[{"embeddable":true,"href":"https:\/\/r2-toys.com\/index.php\/wp-json\/wp\/v2\/pages\/2"}],"wp:attachment":[{"href":"https:\/\/r2-toys.com\/index.php\/wp-json\/wp\/v2\/media?parent=749"}],"curies":[{"name":"wp","href":"https:\/\/api.w.org\/{rel}","templated":true}]}}