{"id":1006,"date":"2022-03-24T05:33:56","date_gmt":"2022-03-23T23:33:56","guid":{"rendered":"https:\/\/r2-toys.com\/?post_type=product&#038;p=1006"},"modified":"2023-07-11T22:44:48","modified_gmt":"2023-07-11T16:44:48","slug":"darth-maul-sith-apprentice","status":"publish","type":"product","link":"https:\/\/r2-toys.com\/index.php\/product\/darth-maul-sith-apprentice\/","title":{"rendered":"DARTH MAUL (SITH APPRENTICE)"},"content":{"rendered":"<div>\n<p>El aprendiz y ejecutor de Darth Sidious, Darth Maul, se ha abierto camino a trav\u00e9s de las filas del sindicato del crimen gal\u00e1ctico Black Sun para asumir el pin\u00e1culo de su organizaci\u00f3n.<\/p>\n<\/div>\n<div>\n<p>Conmemora los primeros 50 a\u00f1os de Lucasfilm con figuras inspiradas en los libros y c\u00f3mics de Star Wars.<\/p>\n<\/div>\n<div>\n<p>Esta figura de acci\u00f3n de Star Wars The Black Series viene con 2 accesorios de sable de luz inspirados en el entretenimiento que se pueden combinar para crear un sable de luz de doble hoja.<\/p>\n<\/div>\n<div>\n<p>\u26a0\ufe0f ADVERTENCIA: PELIGRO DE ASFIXIA &#8211; Piezas peque\u00f1as. No apto para ni\u00f1os menores de 4 a\u00f1os.<\/p>\n<\/div>\n<div>\n<p>Los productos Star Wars son producidos por Hasbro bajo licencia de Lucasfilm Ltd.<\/p>\n<\/div>\n<div>\n<p>Hasbro y todos los t\u00e9rminos relacionados son marcas registradas de Hasbro.<\/p>\n<\/div>\n","protected":false},"excerpt":{"rendered":"<p>El aprendiz y ejecutor de Darth Sidious, Darth Maul, se ha abierto camino a trav\u00e9s de las filas del sindicato del crimen gal\u00e1ctico Black Sun para asumir el pin\u00e1culo de su organizaci\u00f3n.<\/p>\n","protected":false},"featured_media":2455,"comment_status":"open","ping_status":"closed","template":"","meta":[],"product_brand":[],"product_cat":[28],"product_tag":[],"class_list":{"0":"post-1006","1":"product","2":"type-product","3":"status-publish","4":"has-post-thumbnail","6":"product_cat-black-series","8":"first","9":"instock","10":"taxable","11":"shipping-taxable","12":"purchasable","13":"product-type-simple"},"_links":{"self":[{"href":"https:\/\/r2-toys.com\/index.php\/wp-json\/wp\/v2\/product\/1006","targetHints":{"allow":["GET"]}}],"collection":[{"href":"https:\/\/r2-toys.com\/index.php\/wp-json\/wp\/v2\/product"}],"about":[{"href":"https:\/\/r2-toys.com\/index.php\/wp-json\/wp\/v2\/types\/product"}],"replies":[{"embeddable":true,"href":"https:\/\/r2-toys.com\/index.php\/wp-json\/wp\/v2\/comments?post=1006"}],"wp:featuredmedia":[{"embeddable":true,"href":"https:\/\/r2-toys.com\/index.php\/wp-json\/wp\/v2\/media\/2455"}],"wp:attachment":[{"href":"https:\/\/r2-toys.com\/index.php\/wp-json\/wp\/v2\/media?parent=1006"}],"wp:term":[{"taxonomy":"product_brand","embeddable":true,"href":"https:\/\/r2-toys.com\/index.php\/wp-json\/wp\/v2\/product_brand?post=1006"},{"taxonomy":"product_cat","embeddable":true,"href":"https:\/\/r2-toys.com\/index.php\/wp-json\/wp\/v2\/product_cat?post=1006"},{"taxonomy":"product_tag","embeddable":true,"href":"https:\/\/r2-toys.com\/index.php\/wp-json\/wp\/v2\/product_tag?post=1006"}],"curies":[{"name":"wp","href":"https:\/\/api.w.org\/{rel}","templated":true}]}}