{"id":1013,"date":"2022-03-24T05:35:05","date_gmt":"2022-03-23T23:35:05","guid":{"rendered":"https:\/\/r2-toys.com\/?post_type=product&#038;p=1013"},"modified":"2025-03-24T11:11:18","modified_gmt":"2025-03-24T05:11:18","slug":"darth-vader-the-empire-strikes-back","status":"publish","type":"product","link":"https:\/\/r2-toys.com\/index.php\/product\/darth-vader-the-empire-strikes-back\/","title":{"rendered":"DARTH VADER (THE EMPIRE STRIKES BACK)"},"content":{"rendered":"<p>Despu\u00e9s de la destrucci\u00f3n de la Estrella de la Muerte, Darth Vader se obsesion\u00f3 con encontrar a Luke Skywalker.\u00a0Hab\u00eda enviado droides sonda por toda la galaxia y finalmente localiz\u00f3 la base rebelde en el remoto planeta helado Hoth.<\/p>\n<p>La figura de acci\u00f3n de Darth Vader de la serie Black de 15 cm se detalla para parecerse al personaje de Star Wars: The Empire Strikes Back, con detalles de primera calidad y m\u00faltiples puntos de articulaci\u00f3n.<\/p>\n<p>Esta figura de acci\u00f3n de Star Wars The Black Series viene con un accesorio inspirado en Darth Vader que es una gran adici\u00f3n a cualquier colecci\u00f3n de Star Wars.<\/p>\n<p>\u26a0\ufe0f ADVERTENCIA: PELIGRO DE ASFIXIA &#8211; Piezas peque\u00f1as. No apto para ni\u00f1os menores de 4 a\u00f1os.<\/p>\n<p>Los productos Star Wars son producidos por Hasbro bajo licencia de Lucasfilm Ltd.<\/p>\n<p>Hasbro y todos los t\u00e9rminos relacionados son marcas registradas de Hasbro.<\/p>\n<p>&nbsp;<\/p>\n","protected":false},"excerpt":{"rendered":"<p>Despu\u00e9s de la destrucci\u00f3n de la Estrella de la Muerte, Darth Vader se obsesion\u00f3 con encontrar a Luke Skywalker.\u00a0Hab\u00eda enviado droides sonda por toda la galaxia y finalmente localiz\u00f3 la base rebelde en el remoto planeta helado Hoth.<\/p>\n","protected":false},"featured_media":2459,"comment_status":"open","ping_status":"closed","template":"","meta":[],"product_brand":[],"product_cat":[28],"product_tag":[],"class_list":{"0":"post-1013","1":"product","2":"type-product","3":"status-publish","4":"has-post-thumbnail","6":"product_cat-black-series","8":"first","9":"outofstock","10":"taxable","11":"shipping-taxable","12":"purchasable","13":"product-type-simple"},"_links":{"self":[{"href":"https:\/\/r2-toys.com\/index.php\/wp-json\/wp\/v2\/product\/1013","targetHints":{"allow":["GET"]}}],"collection":[{"href":"https:\/\/r2-toys.com\/index.php\/wp-json\/wp\/v2\/product"}],"about":[{"href":"https:\/\/r2-toys.com\/index.php\/wp-json\/wp\/v2\/types\/product"}],"replies":[{"embeddable":true,"href":"https:\/\/r2-toys.com\/index.php\/wp-json\/wp\/v2\/comments?post=1013"}],"wp:featuredmedia":[{"embeddable":true,"href":"https:\/\/r2-toys.com\/index.php\/wp-json\/wp\/v2\/media\/2459"}],"wp:attachment":[{"href":"https:\/\/r2-toys.com\/index.php\/wp-json\/wp\/v2\/media?parent=1013"}],"wp:term":[{"taxonomy":"product_brand","embeddable":true,"href":"https:\/\/r2-toys.com\/index.php\/wp-json\/wp\/v2\/product_brand?post=1013"},{"taxonomy":"product_cat","embeddable":true,"href":"https:\/\/r2-toys.com\/index.php\/wp-json\/wp\/v2\/product_cat?post=1013"},{"taxonomy":"product_tag","embeddable":true,"href":"https:\/\/r2-toys.com\/index.php\/wp-json\/wp\/v2\/product_tag?post=1013"}],"curies":[{"name":"wp","href":"https:\/\/api.w.org\/{rel}","templated":true}]}}