{"id":1016,"date":"2022-03-24T05:36:24","date_gmt":"2022-03-23T23:36:24","guid":{"rendered":"https:\/\/r2-toys.com\/?post_type=product&#038;p=1016"},"modified":"2022-12-17T10:56:37","modified_gmt":"2022-12-17T04:56:37","slug":"din-djarin-the-mandalorian-the-child","status":"publish","type":"product","link":"https:\/\/r2-toys.com\/index.php\/product\/din-djarin-the-mandalorian-the-child\/","title":{"rendered":"DIN DJARIN (THE MANDALORIAN ) &#038; THE CHILD"},"content":{"rendered":"<p>The Mandalorian es un aguerrido y taciturno cazarrecompensas que protege a The Child, un misterioso alien\u00edgena buscado por otros cazarrecompensas contratados por figuras imperiales.<\/p>\n<p>Dise\u00f1o inspirado en la serie The Mandalorian: Fans y coleccionistas pueden imaginar escenas de la galaxia de Star Wars con estos juguetes premium de Din Djarin (The Mandalorian) y The Child, inspirados en la serie de Disney Plus.<\/p>\n<p>Estas figuras de acci\u00f3n Star Wars The Black Series incluyen 9 accesorios inspirados en los personajes.<\/p>\n<p>&nbsp;<\/p>\n<p>\u26a0\ufe0f ADVERTENCIA: PELIGRO DE ASFIXIA &#8211; Piezas peque\u00f1as. No apto para ni\u00f1os menores de 4 a\u00f1os.<\/p>\n<p>Los productos Star Wars son producidos por Hasbro bajo licencia de Lucasfilm Ltd.<\/p>\n<p>Hasbro y todos los t\u00e9rminos relacionados son marcas registradas de Hasbro.<\/p>\n<p>&nbsp;<\/p>\n","protected":false},"excerpt":{"rendered":"<p>The Mandalorian es un aguerrido y taciturno cazarrecompensas que protege a The Child, un misterioso alien\u00edgena buscado por otros cazarrecompensas contratados por figuras imperiales.<\/p>\n","protected":false},"featured_media":2461,"comment_status":"open","ping_status":"closed","template":"","meta":[],"product_brand":[],"product_cat":[28],"product_tag":[],"class_list":{"0":"post-1016","1":"product","2":"type-product","3":"status-publish","4":"has-post-thumbnail","6":"product_cat-black-series","8":"first","9":"outofstock","10":"taxable","11":"shipping-taxable","12":"purchasable","13":"product-type-simple"},"_links":{"self":[{"href":"https:\/\/r2-toys.com\/index.php\/wp-json\/wp\/v2\/product\/1016","targetHints":{"allow":["GET"]}}],"collection":[{"href":"https:\/\/r2-toys.com\/index.php\/wp-json\/wp\/v2\/product"}],"about":[{"href":"https:\/\/r2-toys.com\/index.php\/wp-json\/wp\/v2\/types\/product"}],"replies":[{"embeddable":true,"href":"https:\/\/r2-toys.com\/index.php\/wp-json\/wp\/v2\/comments?post=1016"}],"wp:featuredmedia":[{"embeddable":true,"href":"https:\/\/r2-toys.com\/index.php\/wp-json\/wp\/v2\/media\/2461"}],"wp:attachment":[{"href":"https:\/\/r2-toys.com\/index.php\/wp-json\/wp\/v2\/media?parent=1016"}],"wp:term":[{"taxonomy":"product_brand","embeddable":true,"href":"https:\/\/r2-toys.com\/index.php\/wp-json\/wp\/v2\/product_brand?post=1016"},{"taxonomy":"product_cat","embeddable":true,"href":"https:\/\/r2-toys.com\/index.php\/wp-json\/wp\/v2\/product_cat?post=1016"},{"taxonomy":"product_tag","embeddable":true,"href":"https:\/\/r2-toys.com\/index.php\/wp-json\/wp\/v2\/product_tag?post=1016"}],"curies":[{"name":"wp","href":"https:\/\/api.w.org\/{rel}","templated":true}]}}