{"id":1027,"date":"2022-03-24T07:00:19","date_gmt":"2022-03-24T01:00:19","guid":{"rendered":"https:\/\/r2-toys.com\/?post_type=product&#038;p=1027"},"modified":"2025-12-30T05:51:59","modified_gmt":"2025-12-29T23:51:59","slug":"flametrooper-jedi-fallen-order","status":"publish","type":"product","link":"https:\/\/r2-toys.com\/index.php\/product\/flametrooper-jedi-fallen-order\/","title":{"rendered":"FLAMETROOPER JEDI GAMING GREATS"},"content":{"rendered":"<p>Fallen Order presenta Flametroopers, comandos especializados que apoyan la maquinaria de guerra del Imperio Gal\u00e1ctico y son altamente competentes en el uso de armas incendiarias.<\/p>\n<p>La figura de Gaming Greats a escala de 15 cm detalla para parecerse al personaje del videojuego Star Wars Jedi: Fallen Order, con detalles premium y m\u00faltiples puntos de articulaci\u00f3n.<\/p>\n<p>\u26a0\ufe0f ADVERTENCIA: PELIGRO DE ASFIXIA &#8211; Piezas peque\u00f1as. No apto para ni\u00f1os menores de 4 a\u00f1os.<\/p>\n<p>Los productos Star Wars son producidos por Hasbro bajo licencia de Lucasfilm Ltd.<\/p>\n<p>Hasbro y todos los t\u00e9rminos relacionados son marcas registradas de Hasbro.<\/p>\n<p>&nbsp;<\/p>\n","protected":false},"excerpt":{"rendered":"<p>Fallen Order presenta Flametroopers, comandos especializados que apoyan la maquinaria de guerra del Imperio Gal\u00e1ctico y son altamente competentes en el uso de armas incendiarias.<\/p>\n","protected":false},"featured_media":2475,"comment_status":"open","ping_status":"closed","template":"","meta":[],"product_brand":[],"product_cat":[28],"product_tag":[],"class_list":{"0":"post-1027","1":"product","2":"type-product","3":"status-publish","4":"has-post-thumbnail","6":"product_cat-black-series","8":"first","9":"instock","10":"taxable","11":"shipping-taxable","12":"purchasable","13":"product-type-simple"},"_links":{"self":[{"href":"https:\/\/r2-toys.com\/index.php\/wp-json\/wp\/v2\/product\/1027","targetHints":{"allow":["GET"]}}],"collection":[{"href":"https:\/\/r2-toys.com\/index.php\/wp-json\/wp\/v2\/product"}],"about":[{"href":"https:\/\/r2-toys.com\/index.php\/wp-json\/wp\/v2\/types\/product"}],"replies":[{"embeddable":true,"href":"https:\/\/r2-toys.com\/index.php\/wp-json\/wp\/v2\/comments?post=1027"}],"wp:featuredmedia":[{"embeddable":true,"href":"https:\/\/r2-toys.com\/index.php\/wp-json\/wp\/v2\/media\/2475"}],"wp:attachment":[{"href":"https:\/\/r2-toys.com\/index.php\/wp-json\/wp\/v2\/media?parent=1027"}],"wp:term":[{"taxonomy":"product_brand","embeddable":true,"href":"https:\/\/r2-toys.com\/index.php\/wp-json\/wp\/v2\/product_brand?post=1027"},{"taxonomy":"product_cat","embeddable":true,"href":"https:\/\/r2-toys.com\/index.php\/wp-json\/wp\/v2\/product_cat?post=1027"},{"taxonomy":"product_tag","embeddable":true,"href":"https:\/\/r2-toys.com\/index.php\/wp-json\/wp\/v2\/product_tag?post=1027"}],"curies":[{"name":"wp","href":"https:\/\/api.w.org\/{rel}","templated":true}]}}