{"id":1039,"date":"2022-03-24T07:06:08","date_gmt":"2022-03-24T01:06:08","guid":{"rendered":"https:\/\/r2-toys.com\/?post_type=product&#038;p=1039"},"modified":"2026-01-03T06:48:23","modified_gmt":"2026-01-03T00:48:23","slug":"heavy-infantry-mandalorian","status":"publish","type":"product","link":"https:\/\/r2-toys.com\/index.php\/product\/heavy-infantry-mandalorian\/","title":{"rendered":"HEAVY INFANTRY MANDALORIAN"},"content":{"rendered":"<div>\n<p>Mandaloriano de infanter\u00eda pesada: Un superviviente nato, protege una valiosa armadura y ayuda a mantener vivas las llamas del patrimonio mandaloriano en este momento del caos gal\u00e1ctico.<\/p>\n<\/div>\n<p>Figura de acci\u00f3n de 15cm Mandaloriano de infanter\u00eda pesada cuidadosamente detallada para parecerse al personaje de The Mandalorian cuenta con m\u00faltiples puntos de articulaci\u00f3n (4 extremidades totalmente articuladas)\u00a0y accesorios de combate.<\/p>\n<p>\u26a0\ufe0f ADVERTENCIA: PELIGRO DE ASFIXIA &#8211; Piezas peque\u00f1as. No apto para ni\u00f1os menores de 4 a\u00f1os.<\/p>\n<p>Los productos Star Wars son producidos por Hasbro bajo licencia de Lucasfilm Ltd.<\/p>\n<p>Hasbro y todos los t\u00e9rminos relacionados son marcas registradas de Hasbro.<\/p>\n<p>&nbsp;<\/p>\n<p>&nbsp;<\/p>\n<p>&nbsp;<\/p>\n","protected":false},"excerpt":{"rendered":"<p>Mandaloriano de infanter\u00eda pesada: Un superviviente nato, protege una valiosa armadura y ayuda a mantener vivas las llamas del patrimonio mandaloriano en este momento del caos gal\u00e1ctico.<\/p>\n","protected":false},"featured_media":2489,"comment_status":"open","ping_status":"closed","template":"","meta":[],"product_brand":[],"product_cat":[28],"product_tag":[],"class_list":{"0":"post-1039","1":"product","2":"type-product","3":"status-publish","4":"has-post-thumbnail","6":"product_cat-black-series","8":"first","9":"outofstock","10":"taxable","11":"shipping-taxable","12":"purchasable","13":"product-type-simple"},"_links":{"self":[{"href":"https:\/\/r2-toys.com\/index.php\/wp-json\/wp\/v2\/product\/1039","targetHints":{"allow":["GET"]}}],"collection":[{"href":"https:\/\/r2-toys.com\/index.php\/wp-json\/wp\/v2\/product"}],"about":[{"href":"https:\/\/r2-toys.com\/index.php\/wp-json\/wp\/v2\/types\/product"}],"replies":[{"embeddable":true,"href":"https:\/\/r2-toys.com\/index.php\/wp-json\/wp\/v2\/comments?post=1039"}],"wp:featuredmedia":[{"embeddable":true,"href":"https:\/\/r2-toys.com\/index.php\/wp-json\/wp\/v2\/media\/2489"}],"wp:attachment":[{"href":"https:\/\/r2-toys.com\/index.php\/wp-json\/wp\/v2\/media?parent=1039"}],"wp:term":[{"taxonomy":"product_brand","embeddable":true,"href":"https:\/\/r2-toys.com\/index.php\/wp-json\/wp\/v2\/product_brand?post=1039"},{"taxonomy":"product_cat","embeddable":true,"href":"https:\/\/r2-toys.com\/index.php\/wp-json\/wp\/v2\/product_cat?post=1039"},{"taxonomy":"product_tag","embeddable":true,"href":"https:\/\/r2-toys.com\/index.php\/wp-json\/wp\/v2\/product_tag?post=1039"}],"curies":[{"name":"wp","href":"https:\/\/api.w.org\/{rel}","templated":true}]}}