{"id":1055,"date":"2022-03-24T07:17:17","date_gmt":"2022-03-24T01:17:17","guid":{"rendered":"https:\/\/r2-toys.com\/?post_type=product&#038;p=1055"},"modified":"2026-01-05T02:58:27","modified_gmt":"2026-01-04T20:58:27","slug":"jaxxon-star-wars-adventures","status":"publish","type":"product","link":"https:\/\/r2-toys.com\/index.php\/product\/jaxxon-star-wars-adventures\/","title":{"rendered":"JAXXON (STAR WARS ADVENTURES)"},"content":{"rendered":"<p>Es un Lepi de pelaje verde que mide casi 2 metros de altura; tambi\u00e9n es el capit\u00e1n de la nave Rabbit&#8217;s Foot.<\/p>\n<p>Conocido por sus bromas y patadas de k\u00e1rate, Jaxxon ha sacado de apuros a Han Solo y Chewbacca en m\u00e1s de una ocasi\u00f3n. Cuenta con m\u00faltiples puntos de articulaci\u00f3n y accesorios premium.<\/p>\n<p>Recuerda momentos intensos de Star Wars Galaxy con esta figura de Jaxxon a escala de 15 cm, \u00a0del 50 aniversario de Lucasfilm de Star Wars The Black Series con 2 accesorios de blaster, que presenta una decoraci\u00f3n premium en m\u00faltiples puntos de articulaci\u00f3n.<\/p>\n<div>\n<p>\u26a0\ufe0f ADVERTENCIA: PELIGRO DE ASFIXIA &#8211; Piezas peque\u00f1as. No apto para ni\u00f1os menores de 4 a\u00f1os.<\/p>\n<\/div>\n<div>\n<p>Los productos Star Wars son producidos por Hasbro bajo licencia de Lucasfilm Ltd.<\/p>\n<\/div>\n<div>\n<p>Hasbro y todos los t\u00e9rminos relacionados son marcas registradas de Hasbro.<\/p>\n<\/div>\n","protected":false},"excerpt":{"rendered":"<p>Es un Lepi de pelaje verde que mide casi 2 metros de altura; tambi\u00e9n es el capit\u00e1n de la nave Rabbit&#8217;s Foot. Conocido por sus bromas y patadas de k\u00e1rate, Jaxxon ha sacado de apuros a Han Solo y Chewbacca en m\u00e1s de una ocasi\u00f3n. Cuenta con m\u00faltiples puntos de articulaci\u00f3n y accesorios premium.<\/p>\n","protected":false},"featured_media":2512,"comment_status":"open","ping_status":"closed","template":"","meta":[],"product_brand":[],"product_cat":[28],"product_tag":[],"class_list":{"0":"post-1055","1":"product","2":"type-product","3":"status-publish","4":"has-post-thumbnail","6":"product_cat-black-series","8":"first","9":"instock","10":"taxable","11":"shipping-taxable","12":"purchasable","13":"product-type-simple"},"_links":{"self":[{"href":"https:\/\/r2-toys.com\/index.php\/wp-json\/wp\/v2\/product\/1055","targetHints":{"allow":["GET"]}}],"collection":[{"href":"https:\/\/r2-toys.com\/index.php\/wp-json\/wp\/v2\/product"}],"about":[{"href":"https:\/\/r2-toys.com\/index.php\/wp-json\/wp\/v2\/types\/product"}],"replies":[{"embeddable":true,"href":"https:\/\/r2-toys.com\/index.php\/wp-json\/wp\/v2\/comments?post=1055"}],"wp:featuredmedia":[{"embeddable":true,"href":"https:\/\/r2-toys.com\/index.php\/wp-json\/wp\/v2\/media\/2512"}],"wp:attachment":[{"href":"https:\/\/r2-toys.com\/index.php\/wp-json\/wp\/v2\/media?parent=1055"}],"wp:term":[{"taxonomy":"product_brand","embeddable":true,"href":"https:\/\/r2-toys.com\/index.php\/wp-json\/wp\/v2\/product_brand?post=1055"},{"taxonomy":"product_cat","embeddable":true,"href":"https:\/\/r2-toys.com\/index.php\/wp-json\/wp\/v2\/product_cat?post=1055"},{"taxonomy":"product_tag","embeddable":true,"href":"https:\/\/r2-toys.com\/index.php\/wp-json\/wp\/v2\/product_tag?post=1055"}],"curies":[{"name":"wp","href":"https:\/\/api.w.org\/{rel}","templated":true}]}}