{"id":1059,"date":"2022-03-24T07:18:51","date_gmt":"2022-03-24T01:18:51","guid":{"rendered":"https:\/\/r2-toys.com\/?post_type=product&#038;p=1059"},"modified":"2026-01-10T03:06:15","modified_gmt":"2026-01-09T21:06:15","slug":"koska-reeves","status":"publish","type":"product","link":"https:\/\/r2-toys.com\/index.php\/product\/koska-reeves\/","title":{"rendered":"KOSKA REEVES"},"content":{"rendered":"<p>Un maestro del combate cuerpo a cuerpo, Koska Reeves es leal a Bo-Katan y es miembro de una banda de mandalorianos del clan Kryze.<\/p>\n<p>Personaje basado \u200b\u200ben la serie Mandalorian: esta figura<span class=\"Apple-converted-space\">\u00a0 <\/span>incluyen un jetpack y 2 blasters, con varios puntos de articulaci\u00f3n.<\/p>\n<div>\n<p>La figura Black Series a escala de 15 cm se detalla para parecerse al personaje de Koska Reeves de The Mandalorian, con detalles de primera calidad y m\u00faltiples puntos de articulaci\u00f3n.<\/p>\n<\/div>\n<div>\n<p>\u26a0\ufe0f ADVERTENCIA: PELIGRO DE ASFIXIA &#8211; Piezas peque\u00f1as. No apto para ni\u00f1os menores de 4 a\u00f1os.<\/p>\n<\/div>\n<div>\n<p>Los productos Star Wars son producidos por Hasbro bajo licencia de Lucasfilm Ltd.<\/p>\n<\/div>\n<div>\n<p>Hasbro y todos los t\u00e9rminos relacionados son marcas registradas de Hasbro.<\/p>\n<\/div>\n<p>&nbsp;<\/p>\n","protected":false},"excerpt":{"rendered":"<p>Un maestro del combate cuerpo a cuerpo, Koska Reeves es leal a Bo-Katan y es miembro de una banda de mandalorianos del clan Kryze.<\/p>\n","protected":false},"featured_media":2517,"comment_status":"open","ping_status":"closed","template":"","meta":[],"product_brand":[],"product_cat":[28],"product_tag":[],"class_list":{"0":"post-1059","1":"product","2":"type-product","3":"status-publish","4":"has-post-thumbnail","6":"product_cat-black-series","8":"first","9":"instock","10":"taxable","11":"shipping-taxable","12":"purchasable","13":"product-type-simple"},"_links":{"self":[{"href":"https:\/\/r2-toys.com\/index.php\/wp-json\/wp\/v2\/product\/1059","targetHints":{"allow":["GET"]}}],"collection":[{"href":"https:\/\/r2-toys.com\/index.php\/wp-json\/wp\/v2\/product"}],"about":[{"href":"https:\/\/r2-toys.com\/index.php\/wp-json\/wp\/v2\/types\/product"}],"replies":[{"embeddable":true,"href":"https:\/\/r2-toys.com\/index.php\/wp-json\/wp\/v2\/comments?post=1059"}],"wp:featuredmedia":[{"embeddable":true,"href":"https:\/\/r2-toys.com\/index.php\/wp-json\/wp\/v2\/media\/2517"}],"wp:attachment":[{"href":"https:\/\/r2-toys.com\/index.php\/wp-json\/wp\/v2\/media?parent=1059"}],"wp:term":[{"taxonomy":"product_brand","embeddable":true,"href":"https:\/\/r2-toys.com\/index.php\/wp-json\/wp\/v2\/product_brand?post=1059"},{"taxonomy":"product_cat","embeddable":true,"href":"https:\/\/r2-toys.com\/index.php\/wp-json\/wp\/v2\/product_cat?post=1059"},{"taxonomy":"product_tag","embeddable":true,"href":"https:\/\/r2-toys.com\/index.php\/wp-json\/wp\/v2\/product_tag?post=1059"}],"curies":[{"name":"wp","href":"https:\/\/api.w.org\/{rel}","templated":true}]}}