{"id":1065,"date":"2022-03-24T07:26:13","date_gmt":"2022-03-24T01:26:13","guid":{"rendered":"https:\/\/r2-toys.com\/?post_type=product&#038;p=1065"},"modified":"2026-04-17T01:09:10","modified_gmt":"2026-04-16T19:09:10","slug":"luke-skywalker-jedi-master","status":"publish","type":"product","link":"https:\/\/r2-toys.com\/index.php\/product\/luke-skywalker-jedi-master\/","title":{"rendered":"Luke Skywalker (Jedi Master)"},"content":{"rendered":"<div>\n<p>Despu\u00e9s de que la tragedia destruy\u00f3 su intento de reconstruir los Caballeros Jedi, Luke Skywalker desapareci\u00f3 de la galaxia. Ahora, la Resistencia necesita su ayuda para frustrar los esfuerzos de la malvada Primera Orden.<\/p>\n<\/div>\n<div>\n<p>Esta figura de Luke Skywalker (maestro Jedi) a escala de 15 cm est\u00e1cuidadosamente detallada para parecerse al maestro Jedi redescubierto de Star Wars: The Last Jedi. Esta figura presenta detalles de primera calidad y m\u00faltiples puntos de articulaci\u00f3n.<\/p>\n<\/div>\n<div>\n<p>\u26a0\ufe0f ADVERTENCIA: PELIGRO DE ASFIXIA &#8211; Piezas peque\u00f1as. No apto para ni\u00f1os menores de 4 a\u00f1os.<\/p>\n<\/div>\n<div>\n<p>Los productos Star Wars son producidos por Hasbro bajo licencia de Lucasfilm Ltd.<\/p>\n<\/div>\n<div>\n<p>Hasbro y todos los t\u00e9rminos relacionados son marcas registradas de Hasbro.<\/p>\n<\/div>\n","protected":false},"excerpt":{"rendered":"<p>Despu\u00e9s de que la tragedia destruy\u00f3 su intento de reconstruir los Caballeros Jedi, Luke Skywalker desapareci\u00f3 de la galaxia. Ahora, la Resistencia necesita su ayuda para frustrar los esfuerzos de la malvada Primera Orden.<\/p>\n","protected":false},"featured_media":2534,"comment_status":"open","ping_status":"closed","template":"","meta":[],"product_brand":[],"product_cat":[28],"product_tag":[],"class_list":{"0":"post-1065","1":"product","2":"type-product","3":"status-publish","4":"has-post-thumbnail","6":"product_cat-black-series","8":"first","9":"instock","10":"taxable","11":"shipping-taxable","12":"purchasable","13":"product-type-simple"},"_links":{"self":[{"href":"https:\/\/r2-toys.com\/index.php\/wp-json\/wp\/v2\/product\/1065","targetHints":{"allow":["GET"]}}],"collection":[{"href":"https:\/\/r2-toys.com\/index.php\/wp-json\/wp\/v2\/product"}],"about":[{"href":"https:\/\/r2-toys.com\/index.php\/wp-json\/wp\/v2\/types\/product"}],"replies":[{"embeddable":true,"href":"https:\/\/r2-toys.com\/index.php\/wp-json\/wp\/v2\/comments?post=1065"}],"wp:featuredmedia":[{"embeddable":true,"href":"https:\/\/r2-toys.com\/index.php\/wp-json\/wp\/v2\/media\/2534"}],"wp:attachment":[{"href":"https:\/\/r2-toys.com\/index.php\/wp-json\/wp\/v2\/media?parent=1065"}],"wp:term":[{"taxonomy":"product_brand","embeddable":true,"href":"https:\/\/r2-toys.com\/index.php\/wp-json\/wp\/v2\/product_brand?post=1065"},{"taxonomy":"product_cat","embeddable":true,"href":"https:\/\/r2-toys.com\/index.php\/wp-json\/wp\/v2\/product_cat?post=1065"},{"taxonomy":"product_tag","embeddable":true,"href":"https:\/\/r2-toys.com\/index.php\/wp-json\/wp\/v2\/product_tag?post=1065"}],"curies":[{"name":"wp","href":"https:\/\/api.w.org\/{rel}","templated":true}]}}