{"id":1071,"date":"2022-03-24T07:27:58","date_gmt":"2022-03-24T01:27:58","guid":{"rendered":"https:\/\/r2-toys.com\/?post_type=product&#038;p=1071"},"modified":"2022-09-24T04:57:54","modified_gmt":"2022-09-23T22:57:54","slug":"luke-skywalker-and-ysalamiri-heir-to-the-empire","status":"publish","type":"product","link":"https:\/\/r2-toys.com\/index.php\/product\/luke-skywalker-and-ysalamiri-heir-to-the-empire\/","title":{"rendered":"LUKE SKYWALKER AND YSALAMIRI (HEIR TO THE EMPIRE)"},"content":{"rendered":"<p>Cinco a\u00f1os despu\u00e9s de la destrucci\u00f3n de la Estrella de la Muerte, Luke Skywalker teme que no haya esperanza ya que los restos de la flota imperial se preparan para la guerra bajo el mando del Gran Almirante Thrawn. Ysalamairi: Usar ysalamiri para cortar la conexi\u00f3n de un clon Jedi en desarrollo con la Fuerza permiti\u00f3 la creaci\u00f3n de clones Jedi mentalmente estables, un descubrimiento que Thrawn usar\u00eda en su guerra contra Luke Skywalker y la Nueva Rep\u00fablica.<\/p>\n<p>Figura de 15 cm de la l\u00ednea Black Series de Hasbro, 2 accesorios extra\u00edbles inspirados en el entretenimiento: un ysalamiri y un sable de luz.<\/p>\n<div>\n<p>\u26a0\ufe0f ADVERTENCIA: PELIGRO DE ASFIXIA &#8211; Piezas peque\u00f1as. No apto para ni\u00f1os menores de 4 a\u00f1os.<\/p>\n<\/div>\n<div>\n<p>Los productos Star Wars son producidos por Hasbro bajo licencia de Lucasfilm Ltd.<\/p>\n<\/div>\n<div>\n<p>Hasbro y todos los t\u00e9rminos relacionados son marcas registradas de Hasbro.<\/p>\n<\/div>\n","protected":false},"excerpt":{"rendered":"<p>Cinco a\u00f1os despu\u00e9s de la destrucci\u00f3n de la Estrella de la Muerte, Luke Skywalker teme que no haya esperanza ya que los restos de la flota imperial se preparan para la guerra bajo el mando del Gran Almirante Thrawn. Ysalamairi: Usar ysalamiri para cortar la conexi\u00f3n de un clon Jedi en desarrollo con la Fuerza permiti\u00f3 la creaci\u00f3n de clones Jedi mentalmente estables, un descubrimiento que Thrawn usar\u00eda en su guerra contra Luke Skywalker y la Nueva Rep\u00fablica.<\/p>\n","protected":false},"featured_media":2535,"comment_status":"open","ping_status":"closed","template":"","meta":[],"product_brand":[],"product_cat":[28],"product_tag":[],"class_list":{"0":"post-1071","1":"product","2":"type-product","3":"status-publish","4":"has-post-thumbnail","6":"product_cat-black-series","8":"first","9":"instock","10":"taxable","11":"shipping-taxable","12":"purchasable","13":"product-type-simple"},"_links":{"self":[{"href":"https:\/\/r2-toys.com\/index.php\/wp-json\/wp\/v2\/product\/1071","targetHints":{"allow":["GET"]}}],"collection":[{"href":"https:\/\/r2-toys.com\/index.php\/wp-json\/wp\/v2\/product"}],"about":[{"href":"https:\/\/r2-toys.com\/index.php\/wp-json\/wp\/v2\/types\/product"}],"replies":[{"embeddable":true,"href":"https:\/\/r2-toys.com\/index.php\/wp-json\/wp\/v2\/comments?post=1071"}],"wp:featuredmedia":[{"embeddable":true,"href":"https:\/\/r2-toys.com\/index.php\/wp-json\/wp\/v2\/media\/2535"}],"wp:attachment":[{"href":"https:\/\/r2-toys.com\/index.php\/wp-json\/wp\/v2\/media?parent=1071"}],"wp:term":[{"taxonomy":"product_brand","embeddable":true,"href":"https:\/\/r2-toys.com\/index.php\/wp-json\/wp\/v2\/product_brand?post=1071"},{"taxonomy":"product_cat","embeddable":true,"href":"https:\/\/r2-toys.com\/index.php\/wp-json\/wp\/v2\/product_cat?post=1071"},{"taxonomy":"product_tag","embeddable":true,"href":"https:\/\/r2-toys.com\/index.php\/wp-json\/wp\/v2\/product_tag?post=1071"}],"curies":[{"name":"wp","href":"https:\/\/api.w.org\/{rel}","templated":true}]}}