{"id":1078,"date":"2022-03-24T23:04:15","date_gmt":"2022-03-24T17:04:15","guid":{"rendered":"https:\/\/r2-toys.com\/?post_type=product&#038;p=1078"},"modified":"2026-01-18T06:33:38","modified_gmt":"2026-01-18T00:33:38","slug":"q9-0-zero","status":"publish","type":"product","link":"https:\/\/r2-toys.com\/index.php\/product\/q9-0-zero\/","title":{"rendered":"Q9-0 (ZERO)"},"content":{"rendered":"<p>Un droide de protocolo de ojos saltones con programaci\u00f3n modificada, Q9-0, o &#8220;Cero&#8221; para sus colegas, opera con sincronizaci\u00f3n precisa. basado en The Mandalorian incluye un rifle bl\u00e1ster desmontable como accesorio.<\/p>\n<p>La figura Black Series a escala de 15 cm se detalla para parecerse al personaje Q9-0 (ZERO) de The Mandalorian, con detalles premium y m\u00faltiples puntos de articulaci\u00f3n.<\/p>\n<p>\u26a0\ufe0f ADVERTENCIA: PELIGRO DE ASFIXIA &#8211; Piezas peque\u00f1as. No apto para ni\u00f1os menores de 4 a\u00f1os.<\/p>\n<p>Los productos Star Wars son producidos por Hasbro bajo licencia de Lucasfilm Ltd.<\/p>\n<p>Hasbro y todos los t\u00e9rminos relacionados son marcas registradas de Hasbro.<\/p>\n<p>&nbsp;<\/p>\n<p>&nbsp;<\/p>\n<p>&nbsp;<\/p>\n","protected":false},"excerpt":{"rendered":"<p>Un droide de protocolo de ojos saltones con programaci\u00f3n modificada, Q9-0, o &#8220;Cero&#8221; para sus colegas, opera con sincronizaci\u00f3n precisa. basado en The Mandalorian incluye un rifle bl\u00e1ster desmontable como accesorio.<\/p>\n","protected":false},"featured_media":2560,"comment_status":"open","ping_status":"closed","template":"","meta":[],"product_brand":[],"product_cat":[28],"product_tag":[],"class_list":{"0":"post-1078","1":"product","2":"type-product","3":"status-publish","4":"has-post-thumbnail","6":"product_cat-black-series","8":"first","9":"instock","10":"taxable","11":"shipping-taxable","12":"purchasable","13":"product-type-simple"},"_links":{"self":[{"href":"https:\/\/r2-toys.com\/index.php\/wp-json\/wp\/v2\/product\/1078","targetHints":{"allow":["GET"]}}],"collection":[{"href":"https:\/\/r2-toys.com\/index.php\/wp-json\/wp\/v2\/product"}],"about":[{"href":"https:\/\/r2-toys.com\/index.php\/wp-json\/wp\/v2\/types\/product"}],"replies":[{"embeddable":true,"href":"https:\/\/r2-toys.com\/index.php\/wp-json\/wp\/v2\/comments?post=1078"}],"wp:featuredmedia":[{"embeddable":true,"href":"https:\/\/r2-toys.com\/index.php\/wp-json\/wp\/v2\/media\/2560"}],"wp:attachment":[{"href":"https:\/\/r2-toys.com\/index.php\/wp-json\/wp\/v2\/media?parent=1078"}],"wp:term":[{"taxonomy":"product_brand","embeddable":true,"href":"https:\/\/r2-toys.com\/index.php\/wp-json\/wp\/v2\/product_brand?post=1078"},{"taxonomy":"product_cat","embeddable":true,"href":"https:\/\/r2-toys.com\/index.php\/wp-json\/wp\/v2\/product_cat?post=1078"},{"taxonomy":"product_tag","embeddable":true,"href":"https:\/\/r2-toys.com\/index.php\/wp-json\/wp\/v2\/product_tag?post=1078"}],"curies":[{"name":"wp","href":"https:\/\/api.w.org\/{rel}","templated":true}]}}