{"id":1085,"date":"2022-03-24T23:23:06","date_gmt":"2022-03-24T17:23:06","guid":{"rendered":"https:\/\/r2-toys.com\/?post_type=product&#038;p=1085"},"modified":"2026-01-19T22:42:51","modified_gmt":"2026-01-19T16:42:51","slug":"teebo-ewok","status":"publish","type":"product","link":"https:\/\/r2-toys.com\/index.php\/product\/teebo-ewok\/","title":{"rendered":"Teebo (Ewok)"},"content":{"rendered":"<p>Teebo son\u00f3 el cuerno que llam\u00f3 a los ewoks al combate en contra de los Stormtrooper en la Batalla de Endor.<span class=\"Apple-converted-space\">\u00a0 <\/span><\/p>\n<p>Esta figura de 15 cm fue dise\u00f1ada con lujo de detalles para verse igual al personaje de la pel\u00edcula Star Wars: El regreso del Jedi. La figura cuenta con dise\u00f1o detallado y m\u00faltiples puntos de articulaci\u00f3n e incluye 3 accesorios.<\/p>\n<p>\u26a0\ufe0f ADVERTENCIA: PELIGRO DE ASFIXIA &#8211; Piezas peque\u00f1as. No apto para ni\u00f1os menores de 4 a\u00f1os.<\/p>\n<p>Los productos Star Wars son producidos por Hasbro bajo licencia de Lucasfilm Ltd.<\/p>\n<p>Hasbro y todos los t\u00e9rminos relacionados son marcas registradas de Hasbro.<\/p>\n<p>&nbsp;<\/p>\n","protected":false},"excerpt":{"rendered":"<p>Teebo son\u00f3 el cuerno que llam\u00f3 a los ewoks al combate en contra de los Stormtrooper en la Batalla de Endor.<span class=\"Apple-converted-space\">\u00a0 <\/span><\/p>\n<p>&nbsp;<\/p>\n","protected":false},"featured_media":2590,"comment_status":"open","ping_status":"closed","template":"","meta":[],"product_brand":[],"product_cat":[28],"product_tag":[],"class_list":{"0":"post-1085","1":"product","2":"type-product","3":"status-publish","4":"has-post-thumbnail","6":"product_cat-black-series","8":"first","9":"outofstock","10":"taxable","11":"shipping-taxable","12":"purchasable","13":"product-type-simple"},"_links":{"self":[{"href":"https:\/\/r2-toys.com\/index.php\/wp-json\/wp\/v2\/product\/1085","targetHints":{"allow":["GET"]}}],"collection":[{"href":"https:\/\/r2-toys.com\/index.php\/wp-json\/wp\/v2\/product"}],"about":[{"href":"https:\/\/r2-toys.com\/index.php\/wp-json\/wp\/v2\/types\/product"}],"replies":[{"embeddable":true,"href":"https:\/\/r2-toys.com\/index.php\/wp-json\/wp\/v2\/comments?post=1085"}],"wp:featuredmedia":[{"embeddable":true,"href":"https:\/\/r2-toys.com\/index.php\/wp-json\/wp\/v2\/media\/2590"}],"wp:attachment":[{"href":"https:\/\/r2-toys.com\/index.php\/wp-json\/wp\/v2\/media?parent=1085"}],"wp:term":[{"taxonomy":"product_brand","embeddable":true,"href":"https:\/\/r2-toys.com\/index.php\/wp-json\/wp\/v2\/product_brand?post=1085"},{"taxonomy":"product_cat","embeddable":true,"href":"https:\/\/r2-toys.com\/index.php\/wp-json\/wp\/v2\/product_cat?post=1085"},{"taxonomy":"product_tag","embeddable":true,"href":"https:\/\/r2-toys.com\/index.php\/wp-json\/wp\/v2\/product_tag?post=1085"}],"curies":[{"name":"wp","href":"https:\/\/api.w.org\/{rel}","templated":true}]}}