{"id":1091,"date":"2022-03-25T00:32:20","date_gmt":"2022-03-24T18:32:20","guid":{"rendered":"https:\/\/r2-toys.com\/?post_type=product&#038;p=1091"},"modified":"2026-01-20T23:46:10","modified_gmt":"2026-01-20T17:46:10","slug":"trapper-wolf","status":"publish","type":"product","link":"https:\/\/r2-toys.com\/index.php\/product\/trapper-wolf\/","title":{"rendered":"Trapper Wolf"},"content":{"rendered":"<p>Un veterano de la Rebeli\u00f3n contra el Imperio, Trapper Wolf ahora sirve como piloto en la Nueva Rep\u00fablica.\u00a0Vuela su X-WING como parte de un escuadr\u00f3n que patrulla los confines de la galaxia.<\/p>\n<p>La figura de 15cm se detalla para parecerse al personaje The Mandalorian<span class=\"Apple-converted-space\">\u00a0 <\/span>y m\u00faltiples puntos de articulaci\u00f3n, incluye<span class=\"Apple-converted-space\">\u00a0 <\/span>2 accesorios.<\/p>\n<div>\n<p>\u26a0\ufe0f ADVERTENCIA: PELIGRO DE ASFIXIA &#8211; Piezas peque\u00f1as. No apto para ni\u00f1os menores de 4 a\u00f1os.<\/p>\n<\/div>\n<div>\n<p>Los productos Star Wars son producidos por Hasbro bajo licencia de Lucasfilm Ltd.<\/p>\n<\/div>\n<div>\n<p>Hasbro y todos los t\u00e9rminos relacionados son marcas registradas de Hasbro.<\/p>\n<\/div>\n","protected":false},"excerpt":{"rendered":"<p>Un veterano de la Rebeli\u00f3n contra el Imperio, Trapper Wolf ahora sirve como piloto en la Nueva Rep\u00fablica.\u00a0Vuela su X-WING como parte de un escuadr\u00f3n que patrulla los confines de la galaxia.<\/p>\n","protected":false},"featured_media":2604,"comment_status":"open","ping_status":"closed","template":"","meta":[],"product_brand":[],"product_cat":[28],"product_tag":[],"class_list":{"0":"post-1091","1":"product","2":"type-product","3":"status-publish","4":"has-post-thumbnail","6":"product_cat-black-series","8":"first","9":"instock","10":"taxable","11":"shipping-taxable","12":"purchasable","13":"product-type-simple"},"_links":{"self":[{"href":"https:\/\/r2-toys.com\/index.php\/wp-json\/wp\/v2\/product\/1091","targetHints":{"allow":["GET"]}}],"collection":[{"href":"https:\/\/r2-toys.com\/index.php\/wp-json\/wp\/v2\/product"}],"about":[{"href":"https:\/\/r2-toys.com\/index.php\/wp-json\/wp\/v2\/types\/product"}],"replies":[{"embeddable":true,"href":"https:\/\/r2-toys.com\/index.php\/wp-json\/wp\/v2\/comments?post=1091"}],"wp:featuredmedia":[{"embeddable":true,"href":"https:\/\/r2-toys.com\/index.php\/wp-json\/wp\/v2\/media\/2604"}],"wp:attachment":[{"href":"https:\/\/r2-toys.com\/index.php\/wp-json\/wp\/v2\/media?parent=1091"}],"wp:term":[{"taxonomy":"product_brand","embeddable":true,"href":"https:\/\/r2-toys.com\/index.php\/wp-json\/wp\/v2\/product_brand?post=1091"},{"taxonomy":"product_cat","embeddable":true,"href":"https:\/\/r2-toys.com\/index.php\/wp-json\/wp\/v2\/product_cat?post=1091"},{"taxonomy":"product_tag","embeddable":true,"href":"https:\/\/r2-toys.com\/index.php\/wp-json\/wp\/v2\/product_tag?post=1091"}],"curies":[{"name":"wp","href":"https:\/\/api.w.org\/{rel}","templated":true}]}}