{"id":1113,"date":"2022-03-25T00:30:26","date_gmt":"2022-03-24T18:30:26","guid":{"rendered":"https:\/\/r2-toys.com\/?post_type=product&#038;p=1113"},"modified":"2026-01-20T23:17:19","modified_gmt":"2026-01-20T17:17:19","slug":"the-mandalorian-4","status":"publish","type":"product","link":"https:\/\/r2-toys.com\/index.php\/product\/the-mandalorian-4\/","title":{"rendered":"THE MANDALORIAN"},"content":{"rendered":"<p>Su cuerpo est\u00e1 protegido por una armadura beskar, su rostro est\u00e1 oculto detr\u00e1s de una m\u00e1scara con visor en T y su pasado est\u00e1 envuelto en misterio. Esta figura de 15cm inspirada en la serie The Mandalorian, con excelentes detalles y multiples articulaciones. Incluyen 2 accesorios.<\/p>\n<div>\n<p>Edad recomendada: 4 a\u00f1os en adelante<\/p>\n<\/div>\n<div>\n<p>\u26a0\ufe0f ADVERTENCIA: PELIGRO DE ASFIXIA &#8211; Piezas peque\u00f1as. No apto para ni\u00f1os menores de 4 a\u00f1os.<\/p>\n<\/div>\n<div>\n<p>Los productos Star Wars son producidos por Hasbro bajo licencia de Lucasfilm Ltd.<\/p>\n<\/div>\n<p>Hasbro y todos los t\u00e9rminos relacionados son marcas registradas de Hasbro.<\/p>\n","protected":false},"excerpt":{"rendered":"<p>Su cuerpo est\u00e1 protegido por una armadura beskar, su rostro est\u00e1 oculto detr\u00e1s de una m\u00e1scara con visor en T y su pasado est\u00e1 envuelto en misterio. Esta figura de 15cm inspirada en la serie The Mandalorian, con excelentes detalles y multiples articulaciones. Incluyen 2 accesorios.<\/p>\n","protected":false},"featured_media":2598,"comment_status":"open","ping_status":"closed","template":"","meta":[],"product_brand":[],"product_cat":[28],"product_tag":[],"class_list":{"0":"post-1113","1":"product","2":"type-product","3":"status-publish","4":"has-post-thumbnail","6":"product_cat-black-series","8":"first","9":"instock","10":"taxable","11":"shipping-taxable","12":"purchasable","13":"product-type-simple"},"_links":{"self":[{"href":"https:\/\/r2-toys.com\/index.php\/wp-json\/wp\/v2\/product\/1113","targetHints":{"allow":["GET"]}}],"collection":[{"href":"https:\/\/r2-toys.com\/index.php\/wp-json\/wp\/v2\/product"}],"about":[{"href":"https:\/\/r2-toys.com\/index.php\/wp-json\/wp\/v2\/types\/product"}],"replies":[{"embeddable":true,"href":"https:\/\/r2-toys.com\/index.php\/wp-json\/wp\/v2\/comments?post=1113"}],"wp:featuredmedia":[{"embeddable":true,"href":"https:\/\/r2-toys.com\/index.php\/wp-json\/wp\/v2\/media\/2598"}],"wp:attachment":[{"href":"https:\/\/r2-toys.com\/index.php\/wp-json\/wp\/v2\/media?parent=1113"}],"wp:term":[{"taxonomy":"product_brand","embeddable":true,"href":"https:\/\/r2-toys.com\/index.php\/wp-json\/wp\/v2\/product_brand?post=1113"},{"taxonomy":"product_cat","embeddable":true,"href":"https:\/\/r2-toys.com\/index.php\/wp-json\/wp\/v2\/product_cat?post=1113"},{"taxonomy":"product_tag","embeddable":true,"href":"https:\/\/r2-toys.com\/index.php\/wp-json\/wp\/v2\/product_tag?post=1113"}],"curies":[{"name":"wp","href":"https:\/\/api.w.org\/{rel}","templated":true}]}}