{"id":1128,"date":"2022-03-25T00:35:39","date_gmt":"2022-03-24T18:35:39","guid":{"rendered":"https:\/\/r2-toys.com\/?post_type=product&#038;p=1128"},"modified":"2026-01-20T23:59:31","modified_gmt":"2026-01-20T17:59:31","slug":"wrecker-bad-batch","status":"publish","type":"product","link":"https:\/\/r2-toys.com\/index.php\/product\/wrecker-bad-batch\/","title":{"rendered":"WRECKER BAD BATCH"},"content":{"rendered":"<p>El mat\u00f3n bullicioso de Bad Batch, Wrecker tiene una fuerza bruta que lo hace capaz de levantar una ca\u00f1onera clon sin ayuda. Su m\u00fasculo y tama\u00f1o solo se comparan con su temperamento&#8230; y un sentido del humor igualmente pronunciado. Esta figura de 15cm inspirada en la serie BAD BATCH , con excelentes detalles y multiples articulaciones. Incluyen 4 accesorios.<\/p>\n<div>\n<p>Edad recomendada: 4 a\u00f1os en adelante<\/p>\n<\/div>\n<div>\n<p>\u26a0\ufe0f ADVERTENCIA: PELIGRO DE ASFIXIA &#8211; Piezas peque\u00f1as. No apto para ni\u00f1os menores de 4 a\u00f1os.<\/p>\n<\/div>\n<div>\n<p>Los productos Star Wars son producidos por Hasbro bajo licencia de Lucasfilm Ltd.<\/p>\n<\/div>\n<div>\n<p>Hasbro y todos los t\u00e9rminos relacionados son marcas registradas de Hasbro.<\/p>\n<\/div>\n","protected":false},"excerpt":{"rendered":"<p>El mat\u00f3n bullicioso de Bad Batch, Wrecker tiene una fuerza bruta que lo hace capaz de levantar una ca\u00f1onera clon sin ayuda. Su m\u00fasculo y tama\u00f1o solo se comparan con su temperamento&#8230; y un sentido del humor igualmente pronunciado. Esta figura de 15cm inspirada en la serie BAD BATCH , con excelentes detalles y multiples articulaciones. Incluyen 4 accesorios.<\/p>\n","protected":false},"featured_media":2613,"comment_status":"open","ping_status":"closed","template":"","meta":[],"product_brand":[],"product_cat":[28],"product_tag":[],"class_list":{"0":"post-1128","1":"product","2":"type-product","3":"status-publish","4":"has-post-thumbnail","6":"product_cat-black-series","8":"first","9":"instock","10":"taxable","11":"shipping-taxable","12":"purchasable","13":"product-type-simple"},"_links":{"self":[{"href":"https:\/\/r2-toys.com\/index.php\/wp-json\/wp\/v2\/product\/1128","targetHints":{"allow":["GET"]}}],"collection":[{"href":"https:\/\/r2-toys.com\/index.php\/wp-json\/wp\/v2\/product"}],"about":[{"href":"https:\/\/r2-toys.com\/index.php\/wp-json\/wp\/v2\/types\/product"}],"replies":[{"embeddable":true,"href":"https:\/\/r2-toys.com\/index.php\/wp-json\/wp\/v2\/comments?post=1128"}],"wp:featuredmedia":[{"embeddable":true,"href":"https:\/\/r2-toys.com\/index.php\/wp-json\/wp\/v2\/media\/2613"}],"wp:attachment":[{"href":"https:\/\/r2-toys.com\/index.php\/wp-json\/wp\/v2\/media?parent=1128"}],"wp:term":[{"taxonomy":"product_brand","embeddable":true,"href":"https:\/\/r2-toys.com\/index.php\/wp-json\/wp\/v2\/product_brand?post=1128"},{"taxonomy":"product_cat","embeddable":true,"href":"https:\/\/r2-toys.com\/index.php\/wp-json\/wp\/v2\/product_cat?post=1128"},{"taxonomy":"product_tag","embeddable":true,"href":"https:\/\/r2-toys.com\/index.php\/wp-json\/wp\/v2\/product_tag?post=1128"}],"curies":[{"name":"wp","href":"https:\/\/api.w.org\/{rel}","templated":true}]}}