{"id":1132,"date":"2022-03-25T00:36:26","date_gmt":"2022-03-24T18:36:26","guid":{"rendered":"https:\/\/r2-toys.com\/?post_type=product&#038;p=1132"},"modified":"2026-01-21T00:02:48","modified_gmt":"2026-01-20T18:02:48","slug":"zaalbar-knights-of-the-old-republic","status":"publish","type":"product","link":"https:\/\/r2-toys.com\/index.php\/product\/zaalbar-knights-of-the-old-republic\/","title":{"rendered":"Zaalbar GAMING GREATS"},"content":{"rendered":"<p>Determina el destino de toda la galaxia en Star Wars: Caballeros de la Antigua Rep\u00fablica, con ubicaciones ic\u00f3nicas de Star Wars y personajes originales, como Zaalbar, un wookie que ayuda a Revan en su b\u00fasqueda. La figura de GamingGreats de 15 cm<span class=\"Apple-converted-space\">\u00a0 <\/span>inspirado en el<span class=\"Apple-converted-space\">\u00a0 <\/span>videojuego Knights of the Old Republic, con altos detalles y m\u00faltiples puntos de articulaci\u00f3n. Incluye 2 accesorios.<\/p>\n<div>\n<p>Edad recomendada: 4 a\u00f1os en adelante<\/p>\n<\/div>\n<div>\n<p>\u26a0\ufe0f ADVERTENCIA: PELIGRO DE ASFIXIA &#8211; Piezas peque\u00f1as. No apto para ni\u00f1os menores de 4 a\u00f1os.<\/p>\n<\/div>\n<div>\n<p>Los productos Star Wars son producidos por Hasbro bajo licencia de Lucasfilm Ltd.<\/p>\n<\/div>\n<div>\n<p>Hasbro y todos los t\u00e9rminos relacionados son marcas registradas de Hasbro.<\/p>\n<\/div>\n","protected":false},"excerpt":{"rendered":"<p>Determina el destino de toda la galaxia en Star Wars: Caballeros de la Antigua Rep\u00fablica, con ubicaciones ic\u00f3nicas de Star Wars y personajes originales, como Zaalbar, un wookie que ayuda a Revan en su b\u00fasqueda. La figura de GamingGreats de 15 cm<span class=\"Apple-converted-space\">\u00a0 <\/span>inspirado en el<span class=\"Apple-converted-space\">\u00a0 <\/span>videojuego Knights of the Old Republic, con altos detalles y m\u00faltiples puntos de articulaci\u00f3n. Incluye 2 accesorios.<\/p>\n","protected":false},"featured_media":2614,"comment_status":"open","ping_status":"closed","template":"","meta":[],"product_brand":[],"product_cat":[28],"product_tag":[],"class_list":{"0":"post-1132","1":"product","2":"type-product","3":"status-publish","4":"has-post-thumbnail","6":"product_cat-black-series","8":"first","9":"instock","10":"taxable","11":"shipping-taxable","12":"purchasable","13":"product-type-simple"},"_links":{"self":[{"href":"https:\/\/r2-toys.com\/index.php\/wp-json\/wp\/v2\/product\/1132","targetHints":{"allow":["GET"]}}],"collection":[{"href":"https:\/\/r2-toys.com\/index.php\/wp-json\/wp\/v2\/product"}],"about":[{"href":"https:\/\/r2-toys.com\/index.php\/wp-json\/wp\/v2\/types\/product"}],"replies":[{"embeddable":true,"href":"https:\/\/r2-toys.com\/index.php\/wp-json\/wp\/v2\/comments?post=1132"}],"wp:featuredmedia":[{"embeddable":true,"href":"https:\/\/r2-toys.com\/index.php\/wp-json\/wp\/v2\/media\/2614"}],"wp:attachment":[{"href":"https:\/\/r2-toys.com\/index.php\/wp-json\/wp\/v2\/media?parent=1132"}],"wp:term":[{"taxonomy":"product_brand","embeddable":true,"href":"https:\/\/r2-toys.com\/index.php\/wp-json\/wp\/v2\/product_brand?post=1132"},{"taxonomy":"product_cat","embeddable":true,"href":"https:\/\/r2-toys.com\/index.php\/wp-json\/wp\/v2\/product_cat?post=1132"},{"taxonomy":"product_tag","embeddable":true,"href":"https:\/\/r2-toys.com\/index.php\/wp-json\/wp\/v2\/product_tag?post=1132"}],"curies":[{"name":"wp","href":"https:\/\/api.w.org\/{rel}","templated":true}]}}