{"id":1144,"date":"2022-03-30T08:14:13","date_gmt":"2022-03-30T02:14:13","guid":{"rendered":"https:\/\/r2-toys.com\/?post_type=product&#038;p=1144"},"modified":"2023-05-25T10:33:53","modified_gmt":"2023-05-25T04:33:53","slug":"tie-fighter-pilot","status":"publish","type":"product","link":"https:\/\/r2-toys.com\/index.php\/product\/tie-fighter-pilot\/","title":{"rendered":"IMPERIAL TIE FIGHTER PILOT"},"content":{"rendered":"<p>Los pilotos imperiales confiaban en reflejos r\u00e1pidos como el rayo y en la valent\u00eda para sobrevivir a los per\u00edodos de servicio contra los enemigos del Imperio, ya que los cazas TIE ten\u00edan armaduras ligeras y carec\u00edan de escudos. cuenta con gran dise\u00f1o, m\u00faltiples puntos de articulaci\u00f3n, en empaque cl\u00e1sico.<\/p>\n<div>\n<p>Edad recomendada: 4 a\u00f1os en adelante<\/p>\n<\/div>\n<div>\n<p>\u26a0\ufe0f ADVERTENCIA: PELIGRO DE ASFIXIA &#8211; Piezas peque\u00f1as. No apto para ni\u00f1os menores de 4 a\u00f1os.<\/p>\n<\/div>\n<div>\n<p>Los productos Star Wars son producidos por Hasbro bajo licencia de Lucasfilm Ltd.<\/p>\n<\/div>\n<div>\n<p>Hasbro y todos los t\u00e9rminos relacionados son marcas registradas de Hasbro.<\/p>\n<\/div>\n","protected":false},"excerpt":{"rendered":"<p>Los pilotos imperiales confiaban en reflejos r\u00e1pidos como el rayo y en la valent\u00eda para sobrevivir a los per\u00edodos de servicio contra los enemigos del Imperio, ya que los cazas TIE ten\u00edan armaduras ligeras y carec\u00edan de escudos. cuenta con gran dise\u00f1o, m\u00faltiples puntos de articulaci\u00f3n, en empaque cl\u00e1sico.<\/p>\n","protected":false},"featured_media":3129,"comment_status":"open","ping_status":"closed","template":"","meta":[],"product_brand":[],"product_cat":[29],"product_tag":[],"class_list":{"0":"post-1144","1":"product","2":"type-product","3":"status-publish","4":"has-post-thumbnail","6":"product_cat-vintage","8":"first","9":"outofstock","10":"taxable","11":"shipping-taxable","12":"purchasable","13":"product-type-simple"},"_links":{"self":[{"href":"https:\/\/r2-toys.com\/index.php\/wp-json\/wp\/v2\/product\/1144","targetHints":{"allow":["GET"]}}],"collection":[{"href":"https:\/\/r2-toys.com\/index.php\/wp-json\/wp\/v2\/product"}],"about":[{"href":"https:\/\/r2-toys.com\/index.php\/wp-json\/wp\/v2\/types\/product"}],"replies":[{"embeddable":true,"href":"https:\/\/r2-toys.com\/index.php\/wp-json\/wp\/v2\/comments?post=1144"}],"wp:featuredmedia":[{"embeddable":true,"href":"https:\/\/r2-toys.com\/index.php\/wp-json\/wp\/v2\/media\/3129"}],"wp:attachment":[{"href":"https:\/\/r2-toys.com\/index.php\/wp-json\/wp\/v2\/media?parent=1144"}],"wp:term":[{"taxonomy":"product_brand","embeddable":true,"href":"https:\/\/r2-toys.com\/index.php\/wp-json\/wp\/v2\/product_brand?post=1144"},{"taxonomy":"product_cat","embeddable":true,"href":"https:\/\/r2-toys.com\/index.php\/wp-json\/wp\/v2\/product_cat?post=1144"},{"taxonomy":"product_tag","embeddable":true,"href":"https:\/\/r2-toys.com\/index.php\/wp-json\/wp\/v2\/product_tag?post=1144"}],"curies":[{"name":"wp","href":"https:\/\/api.w.org\/{rel}","templated":true}]}}