{"id":1164,"date":"2022-03-30T08:41:21","date_gmt":"2022-03-30T02:41:21","guid":{"rendered":"https:\/\/r2-toys.com\/?post_type=product&#038;p=1164"},"modified":"2025-12-10T14:52:01","modified_gmt":"2025-12-10T08:52:01","slug":"the-emperor","status":"publish","type":"product","link":"https:\/\/r2-toys.com\/index.php\/product\/the-emperor\/","title":{"rendered":"THE EMPEROR"},"content":{"rendered":"<p>Manipulador, poderoso y completamente malvado, el emperador Palpatine restableci\u00f3 a la Orden Sith y destruy\u00f3 a los Jedi. Figura a escala de 9,5 cm, con un gran dise\u00f1o y viene en empaque inspirado en la l\u00ednea original, incluye 3 accesorios.<\/p>\n<p>Edad recomendada: 4 a\u00f1os en adelante<\/p>\n<p>\u26a0\ufe0f ADVERTENCIA: PELIGRO DE ASFIXIA &#8211; Piezas peque\u00f1as. No apto para ni\u00f1os menores de 4 a\u00f1os.<\/p>\n<p>Los productos Star Wars son producidos por Hasbro bajo licencia de Lucasfilm Ltd.<\/p>\n<p>Hasbro y todos los t\u00e9rminos relacionados son marcas registradas de Hasbro.<\/p>\n<p>&nbsp;<\/p>\n<p>&nbsp;<\/p>\n","protected":false},"excerpt":{"rendered":"<p>Manipulador, poderoso y completamente malvado, el emperador Palpatine restableci\u00f3 a la Orden Sith y destruy\u00f3 a los Jedi. Figura a escala de 9,5 cm, con un gran dise\u00f1o y viene en empaque inspirado en la l\u00ednea original, incluye 3 accesorios.<\/p>\n","protected":false},"featured_media":3169,"comment_status":"open","ping_status":"closed","template":"","meta":[],"product_brand":[],"product_cat":[29],"product_tag":[],"class_list":{"0":"post-1164","1":"product","2":"type-product","3":"status-publish","4":"has-post-thumbnail","6":"product_cat-vintage","8":"first","9":"instock","10":"taxable","11":"shipping-taxable","12":"purchasable","13":"product-type-simple"},"_links":{"self":[{"href":"https:\/\/r2-toys.com\/index.php\/wp-json\/wp\/v2\/product\/1164","targetHints":{"allow":["GET"]}}],"collection":[{"href":"https:\/\/r2-toys.com\/index.php\/wp-json\/wp\/v2\/product"}],"about":[{"href":"https:\/\/r2-toys.com\/index.php\/wp-json\/wp\/v2\/types\/product"}],"replies":[{"embeddable":true,"href":"https:\/\/r2-toys.com\/index.php\/wp-json\/wp\/v2\/comments?post=1164"}],"wp:featuredmedia":[{"embeddable":true,"href":"https:\/\/r2-toys.com\/index.php\/wp-json\/wp\/v2\/media\/3169"}],"wp:attachment":[{"href":"https:\/\/r2-toys.com\/index.php\/wp-json\/wp\/v2\/media?parent=1164"}],"wp:term":[{"taxonomy":"product_brand","embeddable":true,"href":"https:\/\/r2-toys.com\/index.php\/wp-json\/wp\/v2\/product_brand?post=1164"},{"taxonomy":"product_cat","embeddable":true,"href":"https:\/\/r2-toys.com\/index.php\/wp-json\/wp\/v2\/product_cat?post=1164"},{"taxonomy":"product_tag","embeddable":true,"href":"https:\/\/r2-toys.com\/index.php\/wp-json\/wp\/v2\/product_tag?post=1164"}],"curies":[{"name":"wp","href":"https:\/\/api.w.org\/{rel}","templated":true}]}}