{"id":1168,"date":"2022-03-30T08:39:07","date_gmt":"2022-03-30T02:39:07","guid":{"rendered":"https:\/\/r2-toys.com\/?post_type=product&#038;p=1168"},"modified":"2025-12-10T14:53:11","modified_gmt":"2025-12-10T08:53:11","slug":"the-armorer-grafito","status":"publish","type":"product","link":"https:\/\/r2-toys.com\/index.php\/product\/the-armorer-grafito\/","title":{"rendered":"THE ARMORER GRAFITO"},"content":{"rendered":"<p>Juega un papel fundamental en mantener viva la cultura mandaloriana, forjando armadura de beskar seg\u00fan la antigua tradici\u00f3n de su pueblo. Con su gran<span class=\"Apple-converted-space\">\u00a0 <\/span>dise\u00f1o y detalles, esta figura a escala de 9,5 cm de la colecci\u00f3n Grafito con m\u00faltiples puntos de articulaci\u00f3n inspirados en la serie The Mandalorian. Incluye dos accesorios.<\/p>\n<p>Edad recomendada: 4 a\u00f1os en adelante<\/p>\n<p>\u26a0\ufe0f ADVERTENCIA: PELIGRO DE ASFIXIA &#8211; Piezas peque\u00f1as. No apto para ni\u00f1os menores de 4 a\u00f1os.<\/p>\n<p>Los productos Star Wars son producidos por Hasbro bajo licencia de Lucasfilm Ltd.<\/p>\n<p>Hasbro y todos los t\u00e9rminos relacionados son marcas registradas de Hasbro.<\/p>\n<p>&nbsp;<\/p>\n<p>&nbsp;<\/p>\n","protected":false},"excerpt":{"rendered":"<p>Juega un papel fundamental en mantener viva la cultura mandaloriana, forjando armadura de beskar seg\u00fan la antigua tradici\u00f3n de su pueblo. Con su gran<span class=\"Apple-converted-space\">\u00a0 <\/span>dise\u00f1o y detalles, esta figura a escala de 9,5 cm de la colecci\u00f3n Grafito con m\u00faltiples puntos de articulaci\u00f3n inspirados en la serie The Mandalorian. Incluye dos accesorios<\/p>\n","protected":false},"featured_media":3164,"comment_status":"open","ping_status":"closed","template":"","meta":[],"product_brand":[],"product_cat":[29],"product_tag":[],"class_list":{"0":"post-1168","1":"product","2":"type-product","3":"status-publish","4":"has-post-thumbnail","6":"product_cat-vintage","8":"first","9":"outofstock","10":"taxable","11":"shipping-taxable","12":"purchasable","13":"product-type-simple"},"_links":{"self":[{"href":"https:\/\/r2-toys.com\/index.php\/wp-json\/wp\/v2\/product\/1168","targetHints":{"allow":["GET"]}}],"collection":[{"href":"https:\/\/r2-toys.com\/index.php\/wp-json\/wp\/v2\/product"}],"about":[{"href":"https:\/\/r2-toys.com\/index.php\/wp-json\/wp\/v2\/types\/product"}],"replies":[{"embeddable":true,"href":"https:\/\/r2-toys.com\/index.php\/wp-json\/wp\/v2\/comments?post=1168"}],"wp:featuredmedia":[{"embeddable":true,"href":"https:\/\/r2-toys.com\/index.php\/wp-json\/wp\/v2\/media\/3164"}],"wp:attachment":[{"href":"https:\/\/r2-toys.com\/index.php\/wp-json\/wp\/v2\/media?parent=1168"}],"wp:term":[{"taxonomy":"product_brand","embeddable":true,"href":"https:\/\/r2-toys.com\/index.php\/wp-json\/wp\/v2\/product_brand?post=1168"},{"taxonomy":"product_cat","embeddable":true,"href":"https:\/\/r2-toys.com\/index.php\/wp-json\/wp\/v2\/product_cat?post=1168"},{"taxonomy":"product_tag","embeddable":true,"href":"https:\/\/r2-toys.com\/index.php\/wp-json\/wp\/v2\/product_tag?post=1168"}],"curies":[{"name":"wp","href":"https:\/\/api.w.org\/{rel}","templated":true}]}}