{"id":1204,"date":"2022-03-24T05:37:27","date_gmt":"2022-03-23T23:37:27","guid":{"rendered":"https:\/\/r2-toys.com\/?post_type=product&#038;p=1204"},"modified":"2026-01-03T03:57:30","modified_gmt":"2026-01-02T21:57:30","slug":"doctor-evazan","status":"publish","type":"product","link":"https:\/\/r2-toys.com\/index.php\/product\/doctor-evazan\/","title":{"rendered":"DOCTOR EVAZAN"},"content":{"rendered":"<p>Cornelius Evazan, un contrabandista mugriento y lleno de cicatrices de Alsaka, fue una vez un cirujano prometedor, pero se hizo famoso por realizar crueles experimentos m\u00e9dicos.<\/p>\n<p>Figura de 15 cm basada en<span class=\"Apple-converted-space\">\u00a0 <\/span>\u201cA New Hope\u201d, totalmente articulado e incluye 2 accesorios.<\/p>\n<p>Edad recomendada: 4 a\u00f1os en adelante<\/p>\n<p>\u26a0\ufe0f ADVERTENCIA: PELIGRO DE ASFIXIA &#8211; Piezas peque\u00f1as. No apto para ni\u00f1os menores de 4 a\u00f1os.<\/p>\n<p>Los productos Star Wars son producidos por Hasbro bajo licencia de Lucasfilm Ltd.<\/p>\n<p>Hasbro y todos los t\u00e9rminos relacionados son marcas registradas de Hasbro.<\/p>\n<p>&nbsp;<\/p>\n<p>&nbsp;<\/p>\n","protected":false},"excerpt":{"rendered":"<p>Cornelius Evazan, un contrabandista mugriento y lleno de cicatrices de Alsaka, fue una vez un cirujano prometedor, pero se hizo famoso por realizar crueles experimentos m\u00e9dicos.<\/p>\n<p>Figura de 15 cm basada en<span class=\"Apple-converted-space\">\u00a0 <\/span>\u201cA New Hope\u201d, totalmente articulado e incluye 2 accesorios.<\/p>\n","protected":false},"featured_media":2463,"comment_status":"open","ping_status":"closed","template":"","meta":[],"product_brand":[],"product_cat":[28],"product_tag":[],"class_list":{"0":"post-1204","1":"product","2":"type-product","3":"status-publish","4":"has-post-thumbnail","6":"product_cat-black-series","8":"first","9":"instock","10":"taxable","11":"shipping-taxable","12":"purchasable","13":"product-type-simple"},"_links":{"self":[{"href":"https:\/\/r2-toys.com\/index.php\/wp-json\/wp\/v2\/product\/1204","targetHints":{"allow":["GET"]}}],"collection":[{"href":"https:\/\/r2-toys.com\/index.php\/wp-json\/wp\/v2\/product"}],"about":[{"href":"https:\/\/r2-toys.com\/index.php\/wp-json\/wp\/v2\/types\/product"}],"replies":[{"embeddable":true,"href":"https:\/\/r2-toys.com\/index.php\/wp-json\/wp\/v2\/comments?post=1204"}],"wp:featuredmedia":[{"embeddable":true,"href":"https:\/\/r2-toys.com\/index.php\/wp-json\/wp\/v2\/media\/2463"}],"wp:attachment":[{"href":"https:\/\/r2-toys.com\/index.php\/wp-json\/wp\/v2\/media?parent=1204"}],"wp:term":[{"taxonomy":"product_brand","embeddable":true,"href":"https:\/\/r2-toys.com\/index.php\/wp-json\/wp\/v2\/product_brand?post=1204"},{"taxonomy":"product_cat","embeddable":true,"href":"https:\/\/r2-toys.com\/index.php\/wp-json\/wp\/v2\/product_cat?post=1204"},{"taxonomy":"product_tag","embeddable":true,"href":"https:\/\/r2-toys.com\/index.php\/wp-json\/wp\/v2\/product_tag?post=1204"}],"curies":[{"name":"wp","href":"https:\/\/api.w.org\/{rel}","templated":true}]}}