{"id":1240,"date":"2022-04-01T01:09:31","date_gmt":"2022-03-31T19:09:31","guid":{"rendered":"https:\/\/r2-toys.com\/?post_type=product&#038;p=1240"},"modified":"2024-04-16T14:41:36","modified_gmt":"2024-04-16T08:41:36","slug":"the-bad-batch-exclusivo-5-pack","status":"publish","type":"product","link":"https:\/\/r2-toys.com\/index.php\/product\/the-bad-batch-exclusivo-5-pack\/","title":{"rendered":"THE BAD BATCH EXCLUSIVO  (5 PACK)"},"content":{"rendered":"<p>No todos los clones son creados iguales. Unos pocos tienen alegaciones gen\u00e9ticas<span class=\"Apple-converted-space\">\u00a0 <\/span>con ventajas estrat\u00e9gicas; sin embargo, \u00bfen beneficio de qui\u00e9n? . El equipo de soldados clon experimentales m\u00e1s efectivo de la galaxia. Hunter, Wrecker, Tech, Crosshair, y Echo.<\/p>\n<p>Desde 1977 la saga de Star Wars ha sido un movimiento revolucionario de la cultura pop generaci\u00f3n tras generaci\u00f3n, reclutando fans y seguidores, creando para ellos diversas producciones del amplio universo. Gracias a FunkoPop podemos tener incre\u00edbles figuras de tus personajes favoritos con incre\u00edbles dise\u00f1os.<\/p>\n<p>Altura aproximada de 11 cm<\/p>\n<p>Empaque con ventana para su exhibici\u00f3n<\/p>\n<p>Fabricados en Vinyl<\/p>\n<p>No todos los clones son creados iguales. Unos pocos tienen alegaciones gen\u00e9ticas<span class=\"Apple-converted-space\">\u00a0 <\/span>con ventajas estrat\u00e9gicas; sin embargo, \u00bfen beneficio de qui\u00e9n? . El equipo de soldados clon experimentales m\u00e1s efectivo de la galaxia. Hunter, Wrecker, Tech, Crosshair, y Echo.<\/p>\n<p>Desde 1977 la saga de Star Wars ha sido un movimiento revolucionario de la cultura pop generaci\u00f3n tras generaci\u00f3n, reclutando fans y seguidores, creando para ellos diversas producciones del amplio universo. Gracias a FunkoPop podemos tener incre\u00edbles figuras de tus personajes favoritos con incre\u00edbles dise\u00f1os.<\/p>\n<p>Altura aproximada de 11 cm<\/p>\n<p>Empaque con ventana para su exhibici\u00f3n<\/p>\n<p>Fabricados en Vinyl<\/p>\n<div>\n<p>Edad recomendada: 4 a\u00f1os en adelante<\/p>\n<\/div>\n<div>\n<p>\u26a0\ufe0fADVERTENCIA: PELIGRO DE ASFIXIA &#8211; Piezas peque\u00f1as. No apto para ni\u00f1os menores de 4 a\u00f1os.<\/p>\n<\/div>\n<div>\n<p>Los productos Star Wars son producidos por FUNKO bajo licencia de Lucasfilm Ltd. y Disney<\/p>\n<\/div>\n<div>\n<p>FUNKO y todos los t\u00e9rminos relacionados son marcas registradas.<\/p>\n<\/div>\n","protected":false},"excerpt":{"rendered":"<p>No todos los clones son creados iguales. Unos pocos tienen alegaciones gen\u00e9ticas<span class=\"Apple-converted-space\">\u00a0 <\/span>con ventajas estrat\u00e9gicas; sin embargo, \u00bfen beneficio de qui\u00e9n? . El equipo de soldados clon experimentales m\u00e1s efectivo de la galaxia. Hunter, Wrecker, Tech, Crosshair, y Echo.<\/p>\n<p>Desde 1977 la saga de Star Wars ha sido un movimiento revolucionario de la cultura pop generaci\u00f3n tras generaci\u00f3n, reclutando fans y seguidores, creando para ellos diversas producciones del amplio universo. Gracias a FunkoPop podemos tener incre\u00edbles figuras de tus personajes favoritos con incre\u00edbles dise\u00f1os.<\/p>\n<p>Altura aproximada de 11 cm<\/p>\n<p>Empaque con ventana para su exhibici\u00f3n<\/p>\n<p>Fabricados en Vinyl<\/p>\n","protected":false},"featured_media":4114,"comment_status":"open","ping_status":"closed","template":"","meta":[],"product_brand":[],"product_cat":[20],"product_tag":[],"class_list":{"0":"post-1240","1":"product","2":"type-product","3":"status-publish","4":"has-post-thumbnail","6":"product_cat-funko1","8":"first","9":"outofstock","10":"taxable","11":"shipping-taxable","12":"purchasable","13":"product-type-simple"},"_links":{"self":[{"href":"https:\/\/r2-toys.com\/index.php\/wp-json\/wp\/v2\/product\/1240","targetHints":{"allow":["GET"]}}],"collection":[{"href":"https:\/\/r2-toys.com\/index.php\/wp-json\/wp\/v2\/product"}],"about":[{"href":"https:\/\/r2-toys.com\/index.php\/wp-json\/wp\/v2\/types\/product"}],"replies":[{"embeddable":true,"href":"https:\/\/r2-toys.com\/index.php\/wp-json\/wp\/v2\/comments?post=1240"}],"wp:featuredmedia":[{"embeddable":true,"href":"https:\/\/r2-toys.com\/index.php\/wp-json\/wp\/v2\/media\/4114"}],"wp:attachment":[{"href":"https:\/\/r2-toys.com\/index.php\/wp-json\/wp\/v2\/media?parent=1240"}],"wp:term":[{"taxonomy":"product_brand","embeddable":true,"href":"https:\/\/r2-toys.com\/index.php\/wp-json\/wp\/v2\/product_brand?post=1240"},{"taxonomy":"product_cat","embeddable":true,"href":"https:\/\/r2-toys.com\/index.php\/wp-json\/wp\/v2\/product_cat?post=1240"},{"taxonomy":"product_tag","embeddable":true,"href":"https:\/\/r2-toys.com\/index.php\/wp-json\/wp\/v2\/product_tag?post=1240"}],"curies":[{"name":"wp","href":"https:\/\/api.w.org\/{rel}","templated":true}]}}