{"id":1251,"date":"2022-03-31T22:22:57","date_gmt":"2022-03-31T16:22:57","guid":{"rendered":"https:\/\/r2-toys.com\/?post_type=product&#038;p=1251"},"modified":"2022-06-13T06:44:10","modified_gmt":"2022-06-13T00:44:10","slug":"cad-bane-with-todo-360-476","status":"publish","type":"product","link":"https:\/\/r2-toys.com\/index.php\/product\/cad-bane-with-todo-360-476\/","title":{"rendered":"CAD BANE WITH TODO 360 (476)"},"content":{"rendered":"<p>Cazarrecompensas del planeta Duro que se forj\u00f3 la reputaci\u00f3n de ser el mejor y mort\u00edfero mercenario de la galaxia durante las Guerras Clon. Bane empleaba numerosas variedades de armas y aliados para asegurar su pago, y se convirti\u00f3 en un l\u00edder\u00a0 tras la muerte de Jango Fett al inicio de la guerra.<\/p>\n<p>Altura aproximada de 11 cm<\/p>\n<p>Empaque con ventana para su exhibici\u00f3n<\/p>\n<p>Fabricados en Vinyl<\/p>\n<div>\n<p>Edad recomendada: 4 a\u00f1os en adelante<\/p>\n<\/div>\n<div>\n<p>\u26a0\ufe0fADVERTENCIA: PELIGRO DE ASFIXIA &#8211; Piezas peque\u00f1as. No apto para ni\u00f1os menores de 4 a\u00f1os.<\/p>\n<\/div>\n<div>\n<p>Los productos Star Wars son producidos por FUNKO bajo licencia de Lucasfilm Ltd. y Disney<\/p>\n<\/div>\n<div>\n<p>FUNKO y todos los t\u00e9rminos relacionados son marcas registradas.<\/p>\n<\/div>\n","protected":false},"excerpt":{"rendered":"<p>Cazarrecompensas del planeta Duro que se forj\u00f3 la reputaci\u00f3n de ser el mejor y mort\u00edfero mercenario de la galaxia durante las Guerras Clon. Bane empleaba numerosas variedades de armas y aliados para asegurar su pago, y se convirti\u00f3 en un l\u00edder\u00a0 tras la muerte de Jango Fett al inicio de la guerra.<\/p>\n<p>Altura aproximada de 11 cm<\/p>\n<p>Empaque con ventana para su exhibici\u00f3n<\/p>\n<p>Fabricados en Vinyl<\/p>\n","protected":false},"featured_media":3855,"comment_status":"open","ping_status":"closed","template":"","meta":[],"product_brand":[],"product_cat":[20],"product_tag":[],"class_list":{"0":"post-1251","1":"product","2":"type-product","3":"status-publish","4":"has-post-thumbnail","6":"product_cat-funko1","8":"first","9":"instock","10":"taxable","11":"shipping-taxable","12":"purchasable","13":"product-type-simple"},"_links":{"self":[{"href":"https:\/\/r2-toys.com\/index.php\/wp-json\/wp\/v2\/product\/1251","targetHints":{"allow":["GET"]}}],"collection":[{"href":"https:\/\/r2-toys.com\/index.php\/wp-json\/wp\/v2\/product"}],"about":[{"href":"https:\/\/r2-toys.com\/index.php\/wp-json\/wp\/v2\/types\/product"}],"replies":[{"embeddable":true,"href":"https:\/\/r2-toys.com\/index.php\/wp-json\/wp\/v2\/comments?post=1251"}],"wp:featuredmedia":[{"embeddable":true,"href":"https:\/\/r2-toys.com\/index.php\/wp-json\/wp\/v2\/media\/3855"}],"wp:attachment":[{"href":"https:\/\/r2-toys.com\/index.php\/wp-json\/wp\/v2\/media?parent=1251"}],"wp:term":[{"taxonomy":"product_brand","embeddable":true,"href":"https:\/\/r2-toys.com\/index.php\/wp-json\/wp\/v2\/product_brand?post=1251"},{"taxonomy":"product_cat","embeddable":true,"href":"https:\/\/r2-toys.com\/index.php\/wp-json\/wp\/v2\/product_cat?post=1251"},{"taxonomy":"product_tag","embeddable":true,"href":"https:\/\/r2-toys.com\/index.php\/wp-json\/wp\/v2\/product_tag?post=1251"}],"curies":[{"name":"wp","href":"https:\/\/api.w.org\/{rel}","templated":true}]}}