{"id":1263,"date":"2022-03-30T08:22:12","date_gmt":"2022-03-30T02:22:12","guid":{"rendered":"https:\/\/r2-toys.com\/?post_type=product&#038;p=1263"},"modified":"2025-12-09T04:48:22","modified_gmt":"2025-12-08T22:48:22","slug":"shadow-stormtrooper-the-force-unleashed","status":"publish","type":"product","link":"https:\/\/r2-toys.com\/index.php\/product\/shadow-stormtrooper-the-force-unleashed\/","title":{"rendered":"SHADOW STORMTROOPER (THE FORCE UNLEASHED)"},"content":{"rendered":"<p>The Force Unleashed sigue al aprendiz secreto de Darth Vader, entrenado para cazar y destruir Jedi, mientras que los Shadow Stormtroopers usan dispositivos de camuflaje para emboscar a los enemigos. Esta figura de 9,5 cm de la colecci\u00f3n cuenta con un excelente dise\u00f1o y vienen en empaques inspirados en la l\u00ednea original. Incluye 2 accesorios.<\/p>\n<div>\n<p>Edad recomendada: 4 a\u00f1os en adelante<\/p>\n<\/div>\n<div>\n<p>\u26a0\ufe0f ADVERTENCIA: PELIGRO DE ASFIXIA &#8211; Piezas peque\u00f1as. No apto para ni\u00f1os menores de 4 a\u00f1os.<\/p>\n<\/div>\n<div>\n<p>Los productos Star Wars son producidos por Hasbro bajo licencia de Lucasfilm Ltd.<\/p>\n<\/div>\n<div>\n<p>Hasbro y todos los t\u00e9rminos relacionados son marcas registradas de Hasbro.<\/p>\n<\/div>\n","protected":false},"excerpt":{"rendered":"<p>The Force Unleashed sigue al aprendiz secreto de Darth Vader, entrenado para cazar y destruir Jedi, mientras que los Shadow Stormtroopers usan dispositivos de camuflaje para emboscar a los enemigos. Esta figura de 9,5 cm de la colecci\u00f3n cuenta con un excelente dise\u00f1o y vienen en empaques inspirados en la l\u00ednea original. Incluye 2 accesorios.<\/p>\n","protected":false},"featured_media":3149,"comment_status":"open","ping_status":"closed","template":"","meta":[],"product_brand":[],"product_cat":[29],"product_tag":[],"class_list":{"0":"post-1263","1":"product","2":"type-product","3":"status-publish","4":"has-post-thumbnail","6":"product_cat-vintage","8":"first","9":"instock","10":"taxable","11":"shipping-taxable","12":"purchasable","13":"product-type-simple"},"_links":{"self":[{"href":"https:\/\/r2-toys.com\/index.php\/wp-json\/wp\/v2\/product\/1263","targetHints":{"allow":["GET"]}}],"collection":[{"href":"https:\/\/r2-toys.com\/index.php\/wp-json\/wp\/v2\/product"}],"about":[{"href":"https:\/\/r2-toys.com\/index.php\/wp-json\/wp\/v2\/types\/product"}],"replies":[{"embeddable":true,"href":"https:\/\/r2-toys.com\/index.php\/wp-json\/wp\/v2\/comments?post=1263"}],"wp:featuredmedia":[{"embeddable":true,"href":"https:\/\/r2-toys.com\/index.php\/wp-json\/wp\/v2\/media\/3149"}],"wp:attachment":[{"href":"https:\/\/r2-toys.com\/index.php\/wp-json\/wp\/v2\/media?parent=1263"}],"wp:term":[{"taxonomy":"product_brand","embeddable":true,"href":"https:\/\/r2-toys.com\/index.php\/wp-json\/wp\/v2\/product_brand?post=1263"},{"taxonomy":"product_cat","embeddable":true,"href":"https:\/\/r2-toys.com\/index.php\/wp-json\/wp\/v2\/product_cat?post=1263"},{"taxonomy":"product_tag","embeddable":true,"href":"https:\/\/r2-toys.com\/index.php\/wp-json\/wp\/v2\/product_tag?post=1263"}],"curies":[{"name":"wp","href":"https:\/\/api.w.org\/{rel}","templated":true}]}}