{"id":1266,"date":"2022-04-01T02:23:14","date_gmt":"2022-03-31T20:23:14","guid":{"rendered":"https:\/\/r2-toys.com\/?post_type=product&#038;p=1266"},"modified":"2024-02-24T07:20:26","modified_gmt":"2024-02-24T01:20:26","slug":"see-threepio-c-3po","status":"publish","type":"product","link":"https:\/\/r2-toys.com\/index.php\/product\/see-threepio-c-3po\/","title":{"rendered":"SEE-THREEPIO (C-3PO)"},"content":{"rendered":"<p>C-3PO fue creado por el heroico Jedi Anakin Skywalker para la etiqueta y el protocolo, y ha sido un constante compa\u00f1ero del droide astromec\u00e1nico R2-D2.<\/p>\n<p>Esta figura de 9,5 cm de la colecci\u00f3n cuenta con un excelente dise\u00f1o y vienen en empaques inspirados en la l\u00ednea original. Incluye accesorios.<\/p>\n<div>\n<p>Edad recomendada: 4 a\u00f1os en adelante<\/p>\n<\/div>\n<div>\n<p>\u26a0\ufe0f ADVERTENCIA: PELIGRO DE ASFIXIA &#8211; Piezas peque\u00f1as. No apto para ni\u00f1os menores de 4 a\u00f1os.<\/p>\n<\/div>\n<div>\n<p>Los productos Star Wars son producidos por Hasbro bajo licencia de Lucasfilm Ltd.<\/p>\n<\/div>\n<div>\n<p>Hasbro y todos los t\u00e9rminos relacionados son marcas registradas de Hasbro.<\/p>\n<\/div>\n","protected":false},"excerpt":{"rendered":"<p>C-3PO fue creado por el heroico Jedi Anakin Skywalker para la etiqueta y el protocolo, y ha sido un constante compa\u00f1ero del droide astromec\u00e1nico R2-D2.<\/p>\n<p>Esta figura de 9,5 cm de la colecci\u00f3n cuenta con un excelente dise\u00f1o y vienen en empaques inspirados en la l\u00ednea original. Incluye accesorios.<\/p>\n","protected":false},"featured_media":4161,"comment_status":"open","ping_status":"closed","template":"","meta":[],"product_brand":[],"product_cat":[29],"product_tag":[],"class_list":{"0":"post-1266","1":"product","2":"type-product","3":"status-publish","4":"has-post-thumbnail","6":"product_cat-vintage","8":"first","9":"outofstock","10":"taxable","11":"shipping-taxable","12":"purchasable","13":"product-type-simple"},"_links":{"self":[{"href":"https:\/\/r2-toys.com\/index.php\/wp-json\/wp\/v2\/product\/1266","targetHints":{"allow":["GET"]}}],"collection":[{"href":"https:\/\/r2-toys.com\/index.php\/wp-json\/wp\/v2\/product"}],"about":[{"href":"https:\/\/r2-toys.com\/index.php\/wp-json\/wp\/v2\/types\/product"}],"replies":[{"embeddable":true,"href":"https:\/\/r2-toys.com\/index.php\/wp-json\/wp\/v2\/comments?post=1266"}],"wp:featuredmedia":[{"embeddable":true,"href":"https:\/\/r2-toys.com\/index.php\/wp-json\/wp\/v2\/media\/4161"}],"wp:attachment":[{"href":"https:\/\/r2-toys.com\/index.php\/wp-json\/wp\/v2\/media?parent=1266"}],"wp:term":[{"taxonomy":"product_brand","embeddable":true,"href":"https:\/\/r2-toys.com\/index.php\/wp-json\/wp\/v2\/product_brand?post=1266"},{"taxonomy":"product_cat","embeddable":true,"href":"https:\/\/r2-toys.com\/index.php\/wp-json\/wp\/v2\/product_cat?post=1266"},{"taxonomy":"product_tag","embeddable":true,"href":"https:\/\/r2-toys.com\/index.php\/wp-json\/wp\/v2\/product_tag?post=1266"}],"curies":[{"name":"wp","href":"https:\/\/api.w.org\/{rel}","templated":true}]}}