{"id":1269,"date":"2022-03-30T08:16:34","date_gmt":"2022-03-30T02:16:34","guid":{"rendered":"https:\/\/r2-toys.com\/?post_type=product&#038;p=1269"},"modified":"2025-12-10T14:59:10","modified_gmt":"2025-12-10T08:59:10","slug":"remnant-stormtrooper","status":"publish","type":"product","link":"https:\/\/r2-toys.com\/index.php\/product\/remnant-stormtrooper\/","title":{"rendered":"Remnant Stormtrooper"},"content":{"rendered":"<p>Tras la Batalla de Endor, El Imperio yace en ruinas.<span class=\"Apple-converted-space\">\u00a0 <\/span>Las disciplinadas y uniformes filas de stormtroopers que una vez lucharon por el Imperio ahora constituyen dispares grupos de mercenarios al servicio de g\u00e1nsteres sin ley. Esta figura de 9,5 cm de la colecci\u00f3n cuenta con un excelente dise\u00f1o y vienen en empaques inspirados en la l\u00ednea original. Incluye accesorios.<\/p>\n<div>\n<p>Edad recomendada: 4 a\u00f1os en adelante<\/p>\n<\/div>\n<div>\n<p>\u26a0\ufe0f ADVERTENCIA: PELIGRO DE ASFIXIA &#8211; Piezas peque\u00f1as. No apto para ni\u00f1os menores de 4 a\u00f1os.<\/p>\n<\/div>\n<div>\n<p>Los productos Star Wars son producidos por Hasbro bajo licencia de Lucasfilm Ltd.<\/p>\n<\/div>\n<div>\n<p>Hasbro y todos los t\u00e9rminos relacionados son marcas registradas de Hasbro.<\/p>\n<\/div>\n","protected":false},"excerpt":{"rendered":"<p>Tras la Batalla de Endor, El Imperio yace en ruinas.<span class=\"Apple-converted-space\">\u00a0 <\/span>Las disciplinadas y uniformes filas de stormtroopers que una vez lucharon por el Imperio ahora constituyen dispares grupos de mercenarios al servicio de g\u00e1nsteres sin ley. Esta figura de 9,5 cm de la colecci\u00f3n cuenta con un excelente dise\u00f1o y vienen en empaques inspirados en la l\u00ednea original. Incluye accesorios.<\/p>\n","protected":false},"featured_media":3139,"comment_status":"open","ping_status":"closed","template":"","meta":[],"product_brand":[],"product_cat":[29],"product_tag":[],"class_list":{"0":"post-1269","1":"product","2":"type-product","3":"status-publish","4":"has-post-thumbnail","6":"product_cat-vintage","8":"first","9":"instock","10":"taxable","11":"shipping-taxable","12":"purchasable","13":"product-type-simple"},"_links":{"self":[{"href":"https:\/\/r2-toys.com\/index.php\/wp-json\/wp\/v2\/product\/1269","targetHints":{"allow":["GET"]}}],"collection":[{"href":"https:\/\/r2-toys.com\/index.php\/wp-json\/wp\/v2\/product"}],"about":[{"href":"https:\/\/r2-toys.com\/index.php\/wp-json\/wp\/v2\/types\/product"}],"replies":[{"embeddable":true,"href":"https:\/\/r2-toys.com\/index.php\/wp-json\/wp\/v2\/comments?post=1269"}],"wp:featuredmedia":[{"embeddable":true,"href":"https:\/\/r2-toys.com\/index.php\/wp-json\/wp\/v2\/media\/3139"}],"wp:attachment":[{"href":"https:\/\/r2-toys.com\/index.php\/wp-json\/wp\/v2\/media?parent=1269"}],"wp:term":[{"taxonomy":"product_brand","embeddable":true,"href":"https:\/\/r2-toys.com\/index.php\/wp-json\/wp\/v2\/product_brand?post=1269"},{"taxonomy":"product_cat","embeddable":true,"href":"https:\/\/r2-toys.com\/index.php\/wp-json\/wp\/v2\/product_cat?post=1269"},{"taxonomy":"product_tag","embeddable":true,"href":"https:\/\/r2-toys.com\/index.php\/wp-json\/wp\/v2\/product_tag?post=1269"}],"curies":[{"name":"wp","href":"https:\/\/api.w.org\/{rel}","templated":true}]}}