{"id":1275,"date":"2022-03-30T08:15:10","date_gmt":"2022-03-30T02:15:10","guid":{"rendered":"https:\/\/r2-toys.com\/?post_type=product&#038;p=1275"},"modified":"2025-12-10T14:46:49","modified_gmt":"2025-12-10T08:46:49","slug":"queen-amidala","status":"publish","type":"product","link":"https:\/\/r2-toys.com\/index.php\/product\/queen-amidala\/","title":{"rendered":"Queen Amidala"},"content":{"rendered":"<p>A pesar de sus ideales y de todo lo que hizo por la causa de la paz, su secreto, el matrimonio prohibido de Padm\u00e9 Amidala con el Jedi Anakin Skywalker, tendr\u00eda terribles consecuencias para la galaxia. Padm\u00e9 Amidala fue una l\u00edder valiente y esperanzada, que sirvi\u00f3 como reina y luego como senadora de Naboo, y tambi\u00e9n era h\u00e1bil con un bl\u00e1ster. Esta figura de 9,5 cm de la colecci\u00f3n cuenta con un excelente dise\u00f1o y vienen en empaques inspirados en la l\u00ednea original. Incluye accesorios.<\/p>\n<div>\n<p>Edad recomendada: 4 a\u00f1os en adelante<\/p>\n<\/div>\n<div>\n<p>\u26a0\ufe0f ADVERTENCIA: PELIGRO DE ASFIXIA &#8211; Piezas peque\u00f1as. No apto para ni\u00f1os menores de 4 a\u00f1os.<\/p>\n<\/div>\n<div>\n<p>Los productos Star Wars son producidos por Hasbro bajo licencia de Lucasfilm Ltd.<\/p>\n<\/div>\n<div>\n<p>Hasbro y todos los t\u00e9rminos relacionados son marcas registradas de Hasbro.<\/p>\n<\/div>\n","protected":false},"excerpt":{"rendered":"<p>A pesar de sus ideales y de todo lo que hizo por la causa de la paz, su secreto, el matrimonio prohibido de Padm\u00e9 Amidala con el Jedi Anakin Skywalker, tendr\u00eda terribles consecuencias para la galaxia. Padm\u00e9 Amidala fue una l\u00edder valiente y esperanzada, que sirvi\u00f3 como reina y luego como senadora de Naboo, y tambi\u00e9n era h\u00e1bil con un bl\u00e1ster. Esta figura de 9,5 cm de la colecci\u00f3n cuenta con un excelente dise\u00f1o y vienen en empaques inspirados en la l\u00ednea original. Incluye accesorios.<\/p>\n","protected":false},"featured_media":3133,"comment_status":"open","ping_status":"closed","template":"","meta":[],"product_brand":[],"product_cat":[29],"product_tag":[],"class_list":{"0":"post-1275","1":"product","2":"type-product","3":"status-publish","4":"has-post-thumbnail","6":"product_cat-vintage","8":"first","9":"outofstock","10":"taxable","11":"shipping-taxable","12":"purchasable","13":"product-type-simple"},"_links":{"self":[{"href":"https:\/\/r2-toys.com\/index.php\/wp-json\/wp\/v2\/product\/1275","targetHints":{"allow":["GET"]}}],"collection":[{"href":"https:\/\/r2-toys.com\/index.php\/wp-json\/wp\/v2\/product"}],"about":[{"href":"https:\/\/r2-toys.com\/index.php\/wp-json\/wp\/v2\/types\/product"}],"replies":[{"embeddable":true,"href":"https:\/\/r2-toys.com\/index.php\/wp-json\/wp\/v2\/comments?post=1275"}],"wp:featuredmedia":[{"embeddable":true,"href":"https:\/\/r2-toys.com\/index.php\/wp-json\/wp\/v2\/media\/3133"}],"wp:attachment":[{"href":"https:\/\/r2-toys.com\/index.php\/wp-json\/wp\/v2\/media?parent=1275"}],"wp:term":[{"taxonomy":"product_brand","embeddable":true,"href":"https:\/\/r2-toys.com\/index.php\/wp-json\/wp\/v2\/product_brand?post=1275"},{"taxonomy":"product_cat","embeddable":true,"href":"https:\/\/r2-toys.com\/index.php\/wp-json\/wp\/v2\/product_cat?post=1275"},{"taxonomy":"product_tag","embeddable":true,"href":"https:\/\/r2-toys.com\/index.php\/wp-json\/wp\/v2\/product_tag?post=1275"}],"curies":[{"name":"wp","href":"https:\/\/api.w.org\/{rel}","templated":true}]}}