{"id":1282,"date":"2022-03-30T07:35:05","date_gmt":"2022-03-30T01:35:05","guid":{"rendered":"https:\/\/r2-toys.com\/?post_type=product&#038;p=1282"},"modified":"2026-02-17T00:51:11","modified_gmt":"2026-02-16T18:51:11","slug":"paploo","status":"publish","type":"product","link":"https:\/\/r2-toys.com\/index.php\/product\/paploo\/","title":{"rendered":"PAPLOO"},"content":{"rendered":"<p>H\u00e1bil explorador ewok, Paploo y sus amigos Wicket y Teebo guiaron a Han Solo y su equipo de soldados rebeldes al generador de escudo que proteg\u00eda la segunda Estrella de la Muerte.<\/p>\n<p>Esta figura de 9.5cm de Paploo est\u00e1 inspirada en las 96 figuras de acci\u00f3n originales producidas por Kenner en los a\u00f1os 70 y 80, y cuenta con dise\u00f1o premium, m\u00faltiples puntos de articulaci\u00f3n y viene en empaque cl\u00e1sico de la colecci\u00f3n. Incluye accesorios.<\/p>\n<div>\n<p>Edad recomendada: 4 a\u00f1os en adelante<\/p>\n<\/div>\n<div>\n<p>\u26a0\ufe0f ADVERTENCIA: PELIGRO DE ASFIXIA &#8211; Piezas peque\u00f1as. No apto para ni\u00f1os menores de 4 a\u00f1os.<\/p>\n<\/div>\n<div>\n<p>Los productos Star Wars son producidos por Hasbro bajo licencia de Lucasfilm Ltd.<\/p>\n<\/div>\n<div>\n<p>Hasbro y todos los t\u00e9rminos relacionados son marcas registradas de Hasbro.<\/p>\n<\/div>\n","protected":false},"excerpt":{"rendered":"<p>H\u00e1bil explorador ewok, Paploo y sus amigos Wicket y Teebo guiaron a Han Solo y su equipo de soldados rebeldes al generador de escudo que proteg\u00eda la segunda Estrella de la Muerte.<\/p>\n<p>Esta figura de 9.5cm de Paploo est\u00e1 inspirada en las 96 figuras de acci\u00f3n originales producidas por Kenner en los a\u00f1os 70 y 80, y cuenta con dise\u00f1o premium, m\u00faltiples puntos de articulaci\u00f3n y viene en empaque cl\u00e1sico de la colecci\u00f3n. Incluye accesorios.<\/p>\n","protected":false},"featured_media":3111,"comment_status":"open","ping_status":"closed","template":"","meta":[],"product_brand":[],"product_cat":[29],"product_tag":[],"class_list":{"0":"post-1282","1":"product","2":"type-product","3":"status-publish","4":"has-post-thumbnail","6":"product_cat-vintage","8":"first","9":"outofstock","10":"taxable","11":"shipping-taxable","12":"purchasable","13":"product-type-simple"},"_links":{"self":[{"href":"https:\/\/r2-toys.com\/index.php\/wp-json\/wp\/v2\/product\/1282","targetHints":{"allow":["GET"]}}],"collection":[{"href":"https:\/\/r2-toys.com\/index.php\/wp-json\/wp\/v2\/product"}],"about":[{"href":"https:\/\/r2-toys.com\/index.php\/wp-json\/wp\/v2\/types\/product"}],"replies":[{"embeddable":true,"href":"https:\/\/r2-toys.com\/index.php\/wp-json\/wp\/v2\/comments?post=1282"}],"wp:featuredmedia":[{"embeddable":true,"href":"https:\/\/r2-toys.com\/index.php\/wp-json\/wp\/v2\/media\/3111"}],"wp:attachment":[{"href":"https:\/\/r2-toys.com\/index.php\/wp-json\/wp\/v2\/media?parent=1282"}],"wp:term":[{"taxonomy":"product_brand","embeddable":true,"href":"https:\/\/r2-toys.com\/index.php\/wp-json\/wp\/v2\/product_brand?post=1282"},{"taxonomy":"product_cat","embeddable":true,"href":"https:\/\/r2-toys.com\/index.php\/wp-json\/wp\/v2\/product_cat?post=1282"},{"taxonomy":"product_tag","embeddable":true,"href":"https:\/\/r2-toys.com\/index.php\/wp-json\/wp\/v2\/product_tag?post=1282"}],"curies":[{"name":"wp","href":"https:\/\/api.w.org\/{rel}","templated":true}]}}