{"id":1309,"date":"2022-03-30T06:01:26","date_gmt":"2022-03-30T00:01:26","guid":{"rendered":"https:\/\/r2-toys.com\/?post_type=product&#038;p=1309"},"modified":"2025-12-10T15:11:39","modified_gmt":"2025-12-10T09:11:39","slug":"lando-calrissian-skiff-guard-2","status":"publish","type":"product","link":"https:\/\/r2-toys.com\/index.php\/product\/lando-calrissian-skiff-guard-2\/","title":{"rendered":"LANDO CALRISSIAN (SKIFF GUARD)"},"content":{"rendered":"<p>Disfrazado del bar\u00f3n Bespin, mientras acompa\u00f1a la misi\u00f3n de infiltraci\u00f3n al palacio de Jabba the Hutt en Tatooine, presenta un traje de tela a medida detallado con una variedad de materiales, as\u00ed como una armadura de pecho y hombro esculpida. Su disfraz tambi\u00e9n viene con un par de botas y un cintur\u00f3n de piel sint\u00e9tica. Esta figura de 9,5 cm de la colecci\u00f3n cuenta con un excelente<span class=\"Apple-converted-space\">\u00a0 <\/span>dise\u00f1o y vienen en empaques inspirados en la l\u00ednea original. Incluye accesorios.<\/p>\n<div>\n<p>Edad recomendada: 4 a\u00f1os en adelante<\/p>\n<\/div>\n<div>\n<p>\u26a0\ufe0f ADVERTENCIA: PELIGRO DE ASFIXIA &#8211; Piezas peque\u00f1as. No apto para ni\u00f1os menores de 4 a\u00f1os.<\/p>\n<\/div>\n<div>\n<p>Los productos Star Wars son producidos por Hasbro bajo licencia de Lucasfilm Ltd.<\/p>\n<\/div>\n<div>\n<p>Hasbro y todos los t\u00e9rminos relacionados son marcas registradas de Hasbro.<\/p>\n<\/div>\n","protected":false},"excerpt":{"rendered":"<p>Disfrazado del bar\u00f3n Bespin, mientras acompa\u00f1a la misi\u00f3n de infiltraci\u00f3n al palacio de Jabba the Hutt en Tatooine, presenta un traje de tela a medida detallado con una variedad de materiales, as\u00ed como una armadura de pecho y hombro esculpida. Su disfraz tambi\u00e9n viene con un par de botas y un cintur\u00f3n de piel sint\u00e9tica. Esta figura de 9,5 cm de la colecci\u00f3n cuenta con un excelente<span class=\"Apple-converted-space\">\u00a0 <\/span>dise\u00f1o y vienen en empaques inspirados en la l\u00ednea original. Incluye accesorios<\/p>\n","protected":false},"featured_media":3087,"comment_status":"open","ping_status":"closed","template":"","meta":[],"product_brand":[],"product_cat":[29],"product_tag":[],"class_list":{"0":"post-1309","1":"product","2":"type-product","3":"status-publish","4":"has-post-thumbnail","6":"product_cat-vintage","8":"first","9":"instock","10":"taxable","11":"shipping-taxable","12":"purchasable","13":"product-type-simple"},"_links":{"self":[{"href":"https:\/\/r2-toys.com\/index.php\/wp-json\/wp\/v2\/product\/1309","targetHints":{"allow":["GET"]}}],"collection":[{"href":"https:\/\/r2-toys.com\/index.php\/wp-json\/wp\/v2\/product"}],"about":[{"href":"https:\/\/r2-toys.com\/index.php\/wp-json\/wp\/v2\/types\/product"}],"replies":[{"embeddable":true,"href":"https:\/\/r2-toys.com\/index.php\/wp-json\/wp\/v2\/comments?post=1309"}],"wp:featuredmedia":[{"embeddable":true,"href":"https:\/\/r2-toys.com\/index.php\/wp-json\/wp\/v2\/media\/3087"}],"wp:attachment":[{"href":"https:\/\/r2-toys.com\/index.php\/wp-json\/wp\/v2\/media?parent=1309"}],"wp:term":[{"taxonomy":"product_brand","embeddable":true,"href":"https:\/\/r2-toys.com\/index.php\/wp-json\/wp\/v2\/product_brand?post=1309"},{"taxonomy":"product_cat","embeddable":true,"href":"https:\/\/r2-toys.com\/index.php\/wp-json\/wp\/v2\/product_cat?post=1309"},{"taxonomy":"product_tag","embeddable":true,"href":"https:\/\/r2-toys.com\/index.php\/wp-json\/wp\/v2\/product_tag?post=1309"}],"curies":[{"name":"wp","href":"https:\/\/api.w.org\/{rel}","templated":true}]}}