{"id":1335,"date":"2022-03-30T05:07:31","date_gmt":"2022-03-29T23:07:31","guid":{"rendered":"https:\/\/r2-toys.com\/?post_type=product&#038;p=1335"},"modified":"2025-12-11T01:15:15","modified_gmt":"2025-12-10T19:15:15","slug":"hondo-ohnaka","status":"publish","type":"product","link":"https:\/\/r2-toys.com\/index.php\/product\/hondo-ohnaka\/","title":{"rendered":"HONDO OHNAKA"},"content":{"rendered":"<p>Hondo Ohnaka fund\u00f3 Ohnaka Transport Solutions en Black Spire Outpost para llevar contrabando por toda la galaxia.Ex colega de Jango Fett, Hondo Ohnaka gan\u00f3 fama durante las Guerras Clon cuando secuestr\u00f3 al Conde Dooku, Obi-Wan Kenobi y Anakin Skywalker, y trat\u00f3 de rescatar a los tres a cambio de un gran pago. Esta figura de 9,5 cm de la colecci\u00f3n cuenta con un excelente<span class=\"Apple-converted-space\">\u00a0 <\/span>dise\u00f1o y vienen en empaques inspirados en la l\u00ednea original. Incluye accesorios.<\/p>\n","protected":false},"excerpt":{"rendered":"<p>Hondo Ohnaka fund\u00f3 Ohnaka Transport Solutions en Black Spire Outpost para llevar contrabando por toda la galaxia.Ex colega de Jango Fett, Hondo Ohnaka gan\u00f3 fama durante las Guerras Clon cuando secuestr\u00f3 al Conde Dooku, Obi-Wan Kenobi y Anakin Skywalker, y trat\u00f3 de rescatar a los tres a cambio de un gran pago. Esta figura de 9,5 cm de la colecci\u00f3n cuenta con un excelente<span class=\"Apple-converted-space\">\u00a0 <\/span>dise\u00f1o y vienen en empaques inspirados en la l\u00ednea original. Incluye accesorios.<\/p>\n","protected":false},"featured_media":3052,"comment_status":"open","ping_status":"closed","template":"","meta":[],"product_brand":[],"product_cat":[29],"product_tag":[],"class_list":{"0":"post-1335","1":"product","2":"type-product","3":"status-publish","4":"has-post-thumbnail","6":"product_cat-vintage","8":"first","9":"instock","10":"taxable","11":"shipping-taxable","12":"purchasable","13":"product-type-simple"},"_links":{"self":[{"href":"https:\/\/r2-toys.com\/index.php\/wp-json\/wp\/v2\/product\/1335","targetHints":{"allow":["GET"]}}],"collection":[{"href":"https:\/\/r2-toys.com\/index.php\/wp-json\/wp\/v2\/product"}],"about":[{"href":"https:\/\/r2-toys.com\/index.php\/wp-json\/wp\/v2\/types\/product"}],"replies":[{"embeddable":true,"href":"https:\/\/r2-toys.com\/index.php\/wp-json\/wp\/v2\/comments?post=1335"}],"wp:featuredmedia":[{"embeddable":true,"href":"https:\/\/r2-toys.com\/index.php\/wp-json\/wp\/v2\/media\/3052"}],"wp:attachment":[{"href":"https:\/\/r2-toys.com\/index.php\/wp-json\/wp\/v2\/media?parent=1335"}],"wp:term":[{"taxonomy":"product_brand","embeddable":true,"href":"https:\/\/r2-toys.com\/index.php\/wp-json\/wp\/v2\/product_brand?post=1335"},{"taxonomy":"product_cat","embeddable":true,"href":"https:\/\/r2-toys.com\/index.php\/wp-json\/wp\/v2\/product_cat?post=1335"},{"taxonomy":"product_tag","embeddable":true,"href":"https:\/\/r2-toys.com\/index.php\/wp-json\/wp\/v2\/product_tag?post=1335"}],"curies":[{"name":"wp","href":"https:\/\/api.w.org\/{rel}","templated":true}]}}