{"id":1347,"date":"2022-03-30T04:47:31","date_gmt":"2022-03-29T22:47:31","guid":{"rendered":"https:\/\/r2-toys.com\/?post_type=product&#038;p=1347"},"modified":"2025-07-23T10:09:19","modified_gmt":"2025-07-23T04:09:19","slug":"greedo-15-cm-the-power-of-the-force","status":"publish","type":"product","link":"https:\/\/r2-toys.com\/index.php\/product\/greedo-15-cm-the-power-of-the-force\/","title":{"rendered":"GREEDO (15 CM) (THE POWER OF THE FORCE)"},"content":{"rendered":"<p>Greedo era un incauto cazarrecompensas rodiano al servicio del g\u00e1nster Jabba el Hutt. En realidad, nadie lo tomaba muy en serio<\/p>\n<p>Esta figura de 15 cm de la colecci\u00f3n cuenta con un excelente<span class=\"Apple-converted-space\">\u00a0 <\/span>dise\u00f1o y vienen en empaques inspirados en la l\u00ednea original. Incluye accesorios.<\/p>\n<div>\n<p>Edad recomendada: 4 a\u00f1os en adelante<\/p>\n<\/div>\n<div>\n<p>\u26a0\ufe0f ADVERTENCIA: PELIGRO DE ASFIXIA &#8211; Piezas peque\u00f1as. No apto para ni\u00f1os menores de 4 a\u00f1os.<\/p>\n<\/div>\n<div>\n<p>Los productos Star Wars son producidos por Hasbro bajo licencia de Lucasfilm Ltd.<\/p>\n<\/div>\n<div>\n<p>Hasbro y todos los t\u00e9rminos relacionados son marcas registradas de Hasbro.<\/p>\n<\/div>\n","protected":false},"excerpt":{"rendered":"<p>Greedo era un incauto cazarrecompensas rodiano al servicio del g\u00e1nster Jabba el Hutt. En realidad, nadie lo tomaba muy en serio<\/p>\n<p>Esta figura de 15 cm de la colecci\u00f3n cuenta con un excelente<span class=\"Apple-converted-space\">\u00a0 <\/span>dise\u00f1o y vienen en empaques inspirados en la l\u00ednea original. Incluye accesorios.<\/p>\n","protected":false},"featured_media":3028,"comment_status":"open","ping_status":"closed","template":"","meta":[],"product_brand":[],"product_cat":[29],"product_tag":[],"class_list":{"0":"post-1347","1":"product","2":"type-product","3":"status-publish","4":"has-post-thumbnail","6":"product_cat-vintage","8":"first","9":"outofstock","10":"taxable","11":"shipping-taxable","12":"purchasable","13":"product-type-simple"},"_links":{"self":[{"href":"https:\/\/r2-toys.com\/index.php\/wp-json\/wp\/v2\/product\/1347","targetHints":{"allow":["GET"]}}],"collection":[{"href":"https:\/\/r2-toys.com\/index.php\/wp-json\/wp\/v2\/product"}],"about":[{"href":"https:\/\/r2-toys.com\/index.php\/wp-json\/wp\/v2\/types\/product"}],"replies":[{"embeddable":true,"href":"https:\/\/r2-toys.com\/index.php\/wp-json\/wp\/v2\/comments?post=1347"}],"wp:featuredmedia":[{"embeddable":true,"href":"https:\/\/r2-toys.com\/index.php\/wp-json\/wp\/v2\/media\/3028"}],"wp:attachment":[{"href":"https:\/\/r2-toys.com\/index.php\/wp-json\/wp\/v2\/media?parent=1347"}],"wp:term":[{"taxonomy":"product_brand","embeddable":true,"href":"https:\/\/r2-toys.com\/index.php\/wp-json\/wp\/v2\/product_brand?post=1347"},{"taxonomy":"product_cat","embeddable":true,"href":"https:\/\/r2-toys.com\/index.php\/wp-json\/wp\/v2\/product_cat?post=1347"},{"taxonomy":"product_tag","embeddable":true,"href":"https:\/\/r2-toys.com\/index.php\/wp-json\/wp\/v2\/product_tag?post=1347"}],"curies":[{"name":"wp","href":"https:\/\/api.w.org\/{rel}","templated":true}]}}