{"id":1360,"date":"2022-03-29T00:59:21","date_gmt":"2022-03-28T18:59:21","guid":{"rendered":"https:\/\/r2-toys.com\/?post_type=product&#038;p=1360"},"modified":"2024-08-29T22:19:07","modified_gmt":"2024-08-29T16:19:07","slug":"death-star-droid","status":"publish","type":"product","link":"https:\/\/r2-toys.com\/index.php\/product\/death-star-droid\/","title":{"rendered":"Death Star Droid"},"content":{"rendered":"<p>El reluciente droide plateado de la Estrella de la Muerte fue capturado por los jawas y transportado a trav\u00e9s del desierto de Tatooine en el interior de un reptador de las arenas. Celebra el legado de Star Wars, la saga de acci\u00f3n y aventura espacial en una galaxia muy, muy lejana, con figuras y veh\u00edculos premium a escala de 9,5 cm de la colecci\u00f3n Vintage de Star Wars. Las figuras cuentan con dise\u00f1o premium y vienen en empaques inspirados en la l\u00ednea original, adem\u00e1s de caracterizarse por sus detalles con calidad de colecci\u00f3n basados en el universo de Star Wars, que los fans conocen y adoran. Esta figura de Death Star Droid est\u00e1 inspirada en las 96 figuras de acci\u00f3n originales producidas por Kenner en los a\u00f1os 70 y 80, y cuenta con dise\u00f1o premium, m\u00faltiples puntos de articulaci\u00f3n \u00a1y viene en empaque cl\u00e1sico de la colecci\u00f3n Vintage por primera vez!<\/p>\n<div>\n<p>Edad recomendada: 4 a\u00f1os en adelante<\/p>\n<\/div>\n<div>\n<p>\u26a0\ufe0f ADVERTENCIA: PELIGRO DE ASFIXIA &#8211; Piezas peque\u00f1as. No apto para ni\u00f1os menores de 4 a\u00f1os.<\/p>\n<\/div>\n<div>\n<p>Los productos Star Wars son producidos por Hasbro bajo licencia de Lucasfilm Ltd.<\/p>\n<\/div>\n<div>\n<p>Hasbro y todos los t\u00e9rminos relacionados son marcas registradas de Hasbro.<\/p>\n<\/div>\n","protected":false},"excerpt":{"rendered":"<p>El reluciente droide plateado de la Estrella de la Muerte fue capturado por los jawas y transportado a trav\u00e9s del desierto de Tatooine en el interior de un reptador de las arenas. Celebra el legado de Star Wars, la saga de acci\u00f3n y aventura espacial en una galaxia muy, muy lejana, con figuras y veh\u00edculos premium a escala de 9,5 cm de la colecci\u00f3n Vintage de Star Wars. Las figuras cuentan con dise\u00f1o premium y vienen en empaques inspirados en la l\u00ednea original, adem\u00e1s de caracterizarse por sus detalles con calidad de colecci\u00f3n basados en el universo de Star Wars, que los fans conocen y adoran. Esta figura de Death Star Droid est\u00e1 inspirada en las 96 figuras de acci\u00f3n originales producidas por Kenner en los a\u00f1os 70 y 80, y cuenta con dise\u00f1o premium, m\u00faltiples puntos de articulaci\u00f3n \u00a1y viene en empaque cl\u00e1sico de la colecci\u00f3n Vintage por primera vez!<\/p>\n","protected":false},"featured_media":2933,"comment_status":"open","ping_status":"closed","template":"","meta":[],"product_brand":[],"product_cat":[29],"product_tag":[],"class_list":{"0":"post-1360","1":"product","2":"type-product","3":"status-publish","4":"has-post-thumbnail","6":"product_cat-vintage","8":"first","9":"outofstock","10":"taxable","11":"shipping-taxable","12":"purchasable","13":"product-type-simple"},"_links":{"self":[{"href":"https:\/\/r2-toys.com\/index.php\/wp-json\/wp\/v2\/product\/1360","targetHints":{"allow":["GET"]}}],"collection":[{"href":"https:\/\/r2-toys.com\/index.php\/wp-json\/wp\/v2\/product"}],"about":[{"href":"https:\/\/r2-toys.com\/index.php\/wp-json\/wp\/v2\/types\/product"}],"replies":[{"embeddable":true,"href":"https:\/\/r2-toys.com\/index.php\/wp-json\/wp\/v2\/comments?post=1360"}],"wp:featuredmedia":[{"embeddable":true,"href":"https:\/\/r2-toys.com\/index.php\/wp-json\/wp\/v2\/media\/2933"}],"wp:attachment":[{"href":"https:\/\/r2-toys.com\/index.php\/wp-json\/wp\/v2\/media?parent=1360"}],"wp:term":[{"taxonomy":"product_brand","embeddable":true,"href":"https:\/\/r2-toys.com\/index.php\/wp-json\/wp\/v2\/product_brand?post=1360"},{"taxonomy":"product_cat","embeddable":true,"href":"https:\/\/r2-toys.com\/index.php\/wp-json\/wp\/v2\/product_cat?post=1360"},{"taxonomy":"product_tag","embeddable":true,"href":"https:\/\/r2-toys.com\/index.php\/wp-json\/wp\/v2\/product_tag?post=1360"}],"curies":[{"name":"wp","href":"https:\/\/api.w.org\/{rel}","templated":true}]}}