{"id":1372,"date":"2022-03-29T00:43:52","date_gmt":"2022-03-28T18:43:52","guid":{"rendered":"https:\/\/r2-toys.com\/?post_type=product&#038;p=1372"},"modified":"2026-02-28T21:19:23","modified_gmt":"2026-02-28T15:19:23","slug":"boba-fett-2","status":"publish","type":"product","link":"https:\/\/r2-toys.com\/index.php\/product\/boba-fett-2\/","title":{"rendered":"Boba Fett"},"content":{"rendered":"<p>Durante el audaz rescate de Luke Skywalker de Han Solo sobre el Sarlacc, Boba Fett trat\u00f3 de someter al Jedi, pero cuando Solo estrell\u00f3 un poste contra el jetpack del cazarrecompensas, Boba cay\u00f3 al pozo devorador de hombres. Con su armadura mandaloriana personalizada, armamento letal y comportamiento silencioso, Boba Fett fue uno de los cazarrecompensas m\u00e1s temidos de la galaxia. Esta figura de 9,5 cm de la colecci\u00f3n cuenta con un excelente<span class=\"Apple-converted-space\">\u00a0 <\/span>dise\u00f1o y vienen en empaques inspirados en la l\u00ednea original. Incluye accesorios.<\/p>\n<div>\n<p>Edad recomendada: 4 a\u00f1os en adelante<\/p>\n<\/div>\n<div>\n<p>\u26a0\ufe0f ADVERTENCIA: PELIGRO DE ASFIXIA &#8211; Piezas peque\u00f1as. No apto para ni\u00f1os menores de 4 a\u00f1os.<\/p>\n<\/div>\n<div>\n<p>Los productos Star Wars son producidos por Hasbro bajo licencia de Lucasfilm Ltd.<\/p>\n<\/div>\n<div>\n<p>Hasbro y todos los t\u00e9rminos relacionados son marcas registradas de Hasbro.<\/p>\n<\/div>\n","protected":false},"excerpt":{"rendered":"<p>Durante el audaz rescate de Luke Skywalker de Han Solo sobre el Sarlacc, Boba Fett trat\u00f3 de someter al Jedi, pero cuando Solo estrell\u00f3 un poste contra el jetpack del cazarrecompensas, Boba cay\u00f3 al pozo devorador de hombres. Con su armadura mandaloriana personalizada, armamento letal y comportamiento silencioso, Boba Fett fue uno de los cazarrecompensas m\u00e1s temidos de la galaxia. Esta figura de 9,5 cm de la colecci\u00f3n cuenta con un excelente<span class=\"Apple-converted-space\">\u00a0 <\/span>dise\u00f1o y vienen en empaques inspirados en la l\u00ednea original. Incluye accesorios.<\/p>\n","protected":false},"featured_media":2904,"comment_status":"open","ping_status":"closed","template":"","meta":[],"product_brand":[],"product_cat":[29],"product_tag":[],"class_list":{"0":"post-1372","1":"product","2":"type-product","3":"status-publish","4":"has-post-thumbnail","6":"product_cat-vintage","8":"first","9":"instock","10":"taxable","11":"shipping-taxable","12":"purchasable","13":"product-type-simple"},"_links":{"self":[{"href":"https:\/\/r2-toys.com\/index.php\/wp-json\/wp\/v2\/product\/1372","targetHints":{"allow":["GET"]}}],"collection":[{"href":"https:\/\/r2-toys.com\/index.php\/wp-json\/wp\/v2\/product"}],"about":[{"href":"https:\/\/r2-toys.com\/index.php\/wp-json\/wp\/v2\/types\/product"}],"replies":[{"embeddable":true,"href":"https:\/\/r2-toys.com\/index.php\/wp-json\/wp\/v2\/comments?post=1372"}],"wp:featuredmedia":[{"embeddable":true,"href":"https:\/\/r2-toys.com\/index.php\/wp-json\/wp\/v2\/media\/2904"}],"wp:attachment":[{"href":"https:\/\/r2-toys.com\/index.php\/wp-json\/wp\/v2\/media?parent=1372"}],"wp:term":[{"taxonomy":"product_brand","embeddable":true,"href":"https:\/\/r2-toys.com\/index.php\/wp-json\/wp\/v2\/product_brand?post=1372"},{"taxonomy":"product_cat","embeddable":true,"href":"https:\/\/r2-toys.com\/index.php\/wp-json\/wp\/v2\/product_cat?post=1372"},{"taxonomy":"product_tag","embeddable":true,"href":"https:\/\/r2-toys.com\/index.php\/wp-json\/wp\/v2\/product_tag?post=1372"}],"curies":[{"name":"wp","href":"https:\/\/api.w.org\/{rel}","templated":true}]}}