{"id":1405,"date":"2022-03-30T04:50:41","date_gmt":"2022-03-29T22:50:41","guid":{"rendered":"https:\/\/r2-toys.com\/?post_type=product&#038;p=1405"},"modified":"2025-12-11T01:29:48","modified_gmt":"2025-12-10T19:29:48","slug":"greef-karga-retro","status":"publish","type":"product","link":"https:\/\/r2-toys.com\/index.php\/product\/greef-karga-retro\/","title":{"rendered":"GREEF KARGA (RETRO)"},"content":{"rendered":"<p>L\u00edder del Gremio de Cazarrecompensas tras la ca\u00edda del Imperio Gal\u00e1ctico. Se reuni\u00f3 con el cazarrecompensas conocido como el Mandaloriano y le ofreci\u00f3 un trabajo inusual del individuo conocido como el Cliente, asociado con un remanente Imperial.<\/p>\n<p>Esta figura de 9.5 cm cuenta con un excelente\u00a0 dise\u00f1o, en empaques inspirados en la l\u00ednea original.<\/p>\n<div>\n<p>Edad recomendada: 4 a\u00f1os en adelante<\/p>\n<\/div>\n<div>\n<p>\u26a0\ufe0f ADVERTENCIA: PELIGRO DE ASFIXIA &#8211; Piezas peque\u00f1as. No apto para ni\u00f1os menores de 4 a\u00f1os.<\/p>\n<\/div>\n<div>\n<p>Los productos Star Wars son producidos por Hasbro bajo licencia de Lucasfilm Ltd.<\/p>\n<\/div>\n<div>\n<p>Hasbro y todos los t\u00e9rminos relacionados son marcas registradas de Hasbro.<\/p>\n<\/div>\n","protected":false},"excerpt":{"rendered":"<p>L\u00edder del Gremio de Cazarrecompensas tras la ca\u00edda del Imperio Gal\u00e1ctico. Se reuni\u00f3 con el cazarrecompensas conocido como el Mandaloriano y le ofreci\u00f3 un trabajo inusual del individuo conocido como el Cliente, asociado con un remanente Imperial.<\/p>\n<p>Esta figura de 9.5 cm cuenta con un excelente\u00a0 dise\u00f1o, en empaques inspirados en la l\u00ednea original.<\/p>\n","protected":false},"featured_media":3037,"comment_status":"open","ping_status":"closed","template":"","meta":[],"product_brand":[],"product_cat":[29],"product_tag":[],"class_list":{"0":"post-1405","1":"product","2":"type-product","3":"status-publish","4":"has-post-thumbnail","6":"product_cat-vintage","8":"first","9":"instock","10":"taxable","11":"shipping-taxable","12":"purchasable","13":"product-type-simple"},"_links":{"self":[{"href":"https:\/\/r2-toys.com\/index.php\/wp-json\/wp\/v2\/product\/1405","targetHints":{"allow":["GET"]}}],"collection":[{"href":"https:\/\/r2-toys.com\/index.php\/wp-json\/wp\/v2\/product"}],"about":[{"href":"https:\/\/r2-toys.com\/index.php\/wp-json\/wp\/v2\/types\/product"}],"replies":[{"embeddable":true,"href":"https:\/\/r2-toys.com\/index.php\/wp-json\/wp\/v2\/comments?post=1405"}],"wp:featuredmedia":[{"embeddable":true,"href":"https:\/\/r2-toys.com\/index.php\/wp-json\/wp\/v2\/media\/3037"}],"wp:attachment":[{"href":"https:\/\/r2-toys.com\/index.php\/wp-json\/wp\/v2\/media?parent=1405"}],"wp:term":[{"taxonomy":"product_brand","embeddable":true,"href":"https:\/\/r2-toys.com\/index.php\/wp-json\/wp\/v2\/product_brand?post=1405"},{"taxonomy":"product_cat","embeddable":true,"href":"https:\/\/r2-toys.com\/index.php\/wp-json\/wp\/v2\/product_cat?post=1405"},{"taxonomy":"product_tag","embeddable":true,"href":"https:\/\/r2-toys.com\/index.php\/wp-json\/wp\/v2\/product_tag?post=1405"}],"curies":[{"name":"wp","href":"https:\/\/api.w.org\/{rel}","templated":true}]}}