{"id":1407,"date":"2022-03-30T08:17:23","date_gmt":"2022-03-30T02:17:23","guid":{"rendered":"https:\/\/r2-toys.com\/?post_type=product&#038;p=1407"},"modified":"2025-12-10T14:57:59","modified_gmt":"2025-12-10T08:57:59","slug":"rey-jakku","status":"publish","type":"product","link":"https:\/\/r2-toys.com\/index.php\/product\/rey-jakku\/","title":{"rendered":"REY (JAKKU)"},"content":{"rendered":"<p>Humana sensible a la Fuerza, fue una Jedi que luch\u00f3 por la Resistencia contra la Primera Orden durante la Era de la Nueva Rep\u00fablica. Aunque naci\u00f3 como Rey Palpatine, no era consciente de su linaje como nieta del Emperador Sheev Palpatine y se refiri\u00f3 a s\u00ed misma simplemente como Rey, creyendo que no era nadie.<\/p>\n<p>Esta figura de 9,5 cm cuenta con un excelente\u00a0 dise\u00f1o, en empaques inspirados en la l\u00ednea original. Incluye 3 accesorios.<\/p>\n<div>\n<p>Edad recomendada: 4 a\u00f1os en adelante<\/p>\n<\/div>\n<div>\n<p>\u26a0\ufe0f ADVERTENCIA: PELIGRO DE ASFIXIA &#8211; Piezas peque\u00f1as. No apto para ni\u00f1os menores de 4 a\u00f1os.<\/p>\n<\/div>\n<div>\n<p>Los productos Star Wars son producidos por Hasbro bajo licencia de Lucasfilm Ltd.<\/p>\n<\/div>\n<div>\n<p>Hasbro y todos los t\u00e9rminos relacionados son marcas registradas de Hasbro.<\/p>\n<\/div>\n","protected":false},"excerpt":{"rendered":"<p>Humana sensible a la Fuerza, fue una Jedi que luch\u00f3 por la Resistencia contra la Primera Orden durante la Era de la Nueva Rep\u00fablica. Aunque naci\u00f3 como Rey Palpatine, no era consciente de su linaje como nieta del Emperador Sheev Palpatine y se refiri\u00f3 a s\u00ed misma simplemente como Rey, creyendo que no era nadie.<\/p>\n<p>Esta figura de 9,5 cm cuenta con un excelente\u00a0 dise\u00f1o, en empaques inspirados en la l\u00ednea original. Incluye 3 accesorios.<\/p>\n","protected":false},"featured_media":3141,"comment_status":"open","ping_status":"closed","template":"","meta":[],"product_brand":[],"product_cat":[29],"product_tag":[],"class_list":{"0":"post-1407","1":"product","2":"type-product","3":"status-publish","4":"has-post-thumbnail","6":"product_cat-vintage","8":"first","9":"instock","10":"taxable","11":"shipping-taxable","12":"purchasable","13":"product-type-simple"},"_links":{"self":[{"href":"https:\/\/r2-toys.com\/index.php\/wp-json\/wp\/v2\/product\/1407","targetHints":{"allow":["GET"]}}],"collection":[{"href":"https:\/\/r2-toys.com\/index.php\/wp-json\/wp\/v2\/product"}],"about":[{"href":"https:\/\/r2-toys.com\/index.php\/wp-json\/wp\/v2\/types\/product"}],"replies":[{"embeddable":true,"href":"https:\/\/r2-toys.com\/index.php\/wp-json\/wp\/v2\/comments?post=1407"}],"wp:featuredmedia":[{"embeddable":true,"href":"https:\/\/r2-toys.com\/index.php\/wp-json\/wp\/v2\/media\/3141"}],"wp:attachment":[{"href":"https:\/\/r2-toys.com\/index.php\/wp-json\/wp\/v2\/media?parent=1407"}],"wp:term":[{"taxonomy":"product_brand","embeddable":true,"href":"https:\/\/r2-toys.com\/index.php\/wp-json\/wp\/v2\/product_brand?post=1407"},{"taxonomy":"product_cat","embeddable":true,"href":"https:\/\/r2-toys.com\/index.php\/wp-json\/wp\/v2\/product_cat?post=1407"},{"taxonomy":"product_tag","embeddable":true,"href":"https:\/\/r2-toys.com\/index.php\/wp-json\/wp\/v2\/product_tag?post=1407"}],"curies":[{"name":"wp","href":"https:\/\/api.w.org\/{rel}","templated":true}]}}