{"id":1411,"date":"2022-03-30T08:36:47","date_gmt":"2022-03-30T02:36:47","guid":{"rendered":"https:\/\/r2-toys.com\/?post_type=product&#038;p=1411"},"modified":"2024-08-26T06:35:13","modified_gmt":"2024-08-26T00:35:13","slug":"tatooine-3-set","status":"publish","type":"product","link":"https:\/\/r2-toys.com\/index.php\/product\/tatooine-3-set\/","title":{"rendered":"TATOOINE 3 SET"},"content":{"rendered":"<p>3 figuras de acci\u00f3n incluye a Vedain, Vizam y Brock Starsher del Retorno del Jedi. Estos personajes son parte de la tripulaci\u00f3n de Jabba Skiff que luchan con los h\u00e9roes rebeldes, Luke Skywalker, Han Solo y Lando Calrissian.<\/p>\n<p>Estas figuras de 9,5 cm cuenta con un excelente\u00a0 dise\u00f1o, en empaques inspirados en la l\u00ednea original. Incluye: 3 figuras y 7 accesorios.<\/p>\n<div>\n<p>Edad recomendada: 4 a\u00f1os en adelante<\/p>\n<\/div>\n<div>\n<p>\u26a0\ufe0f ADVERTENCIA: PELIGRO DE ASFIXIA &#8211; Piezas peque\u00f1as. No apto para ni\u00f1os menores de 4 a\u00f1os.<\/p>\n<\/div>\n<div>\n<p>Los productos Star Wars son producidos por Hasbro bajo licencia de Lucasfilm Ltd.<\/p>\n<\/div>\n<div>\n<p>Hasbro y todos los t\u00e9rminos relacionados son marcas registradas de Hasbro.<\/p>\n<\/div>\n","protected":false},"excerpt":{"rendered":"<p>3 figuras de acci\u00f3n incluye a Vedain, Vizam y Brock Starsher del Retorno del Jedi. Estos personajes son parte de la tripulaci\u00f3n de Jabba Skiff que luchan con los h\u00e9roes rebeldes, Luke Skywalker, Han Solo y Lando Calrissian.<\/p>\n<p>Estas figuras de 9,5 cm cuenta con un excelente\u00a0 dise\u00f1o, en empaques inspirados en la l\u00ednea original. Incluye: 3 figuras y 7 accesorios.<\/p>\n<p>&nbsp;<\/p>\n","protected":false},"featured_media":3159,"comment_status":"open","ping_status":"closed","template":"","meta":[],"product_brand":[],"product_cat":[29],"product_tag":[],"class_list":{"0":"post-1411","1":"product","2":"type-product","3":"status-publish","4":"has-post-thumbnail","6":"product_cat-vintage","8":"first","9":"outofstock","10":"taxable","11":"shipping-taxable","12":"purchasable","13":"product-type-simple"},"_links":{"self":[{"href":"https:\/\/r2-toys.com\/index.php\/wp-json\/wp\/v2\/product\/1411","targetHints":{"allow":["GET"]}}],"collection":[{"href":"https:\/\/r2-toys.com\/index.php\/wp-json\/wp\/v2\/product"}],"about":[{"href":"https:\/\/r2-toys.com\/index.php\/wp-json\/wp\/v2\/types\/product"}],"replies":[{"embeddable":true,"href":"https:\/\/r2-toys.com\/index.php\/wp-json\/wp\/v2\/comments?post=1411"}],"wp:featuredmedia":[{"embeddable":true,"href":"https:\/\/r2-toys.com\/index.php\/wp-json\/wp\/v2\/media\/3159"}],"wp:attachment":[{"href":"https:\/\/r2-toys.com\/index.php\/wp-json\/wp\/v2\/media?parent=1411"}],"wp:term":[{"taxonomy":"product_brand","embeddable":true,"href":"https:\/\/r2-toys.com\/index.php\/wp-json\/wp\/v2\/product_brand?post=1411"},{"taxonomy":"product_cat","embeddable":true,"href":"https:\/\/r2-toys.com\/index.php\/wp-json\/wp\/v2\/product_cat?post=1411"},{"taxonomy":"product_tag","embeddable":true,"href":"https:\/\/r2-toys.com\/index.php\/wp-json\/wp\/v2\/product_tag?post=1411"}],"curies":[{"name":"wp","href":"https:\/\/api.w.org\/{rel}","templated":true}]}}