{"id":1442,"date":"2022-03-31T07:15:39","date_gmt":"2022-03-31T01:15:39","guid":{"rendered":"https:\/\/r2-toys.com\/?post_type=product&#038;p=1442"},"modified":"2024-02-21T00:58:56","modified_gmt":"2024-02-20T18:58:56","slug":"across-the-galaxy-force-ghost-3-pack-anakin-yoda-obi-wan-endor","status":"publish","type":"product","link":"https:\/\/r2-toys.com\/index.php\/product\/across-the-galaxy-force-ghost-3-pack-anakin-yoda-obi-wan-endor\/","title":{"rendered":"ACROSS THE GALAXY FORCE GHOST 3 PACK (ANAKIN, YODA, OBI WAN ENDOR)"},"content":{"rendered":"<p>Un fantasma de la Fuerza era el alma y la esencia de un Jedi muerto que se hab\u00eda hecho uno con la Fuerza, aunque era capaz de interactuar con los vivos, pero no f\u00edsicamente. Escena de Return of Jedi en la Luna de Endor.<\/p>\n<p>Desde 1977 la saga de Star Wars ha sido un movimiento revolucionario de la cultura pop generaci\u00f3n tras generaci\u00f3n, reclutando fans y seguidores, creando para ellos diversas producciones del amplio universo. Gracias a FunkoPop podemos tener incre\u00edbles figuras de tus personajes favoritos con incre\u00edbles dise\u00f1os.<\/p>\n<p>Altura aproximada de 11 cm<\/p>\n<p>Empaque con ventana para su exhibici\u00f3n<\/p>\n<p>Fabricados en Vinyl<\/p>\n<p>Contiene 3 figuras que brillan en la oscuridad.<\/p>\n<p>Edad recomendada: 4 a\u00f1os en adelante<\/p>\n<p>\u26a0\ufe0fADVERTENCIA: PELIGRO DE ASFIXIA &#8211; Piezas peque\u00f1as. No apto para ni\u00f1os menores de 4 a\u00f1os.<\/p>\n<p>Los productos Star Wars son producidos por FUNKO bajo licencia de Lucasfilm Ltd. y Disney<\/p>\n<p>FUNKO y todos los t\u00e9rminos relacionados son marcas registradas.<\/p>\n<p>&nbsp;<\/p>\n<div><\/div>\n<div>\n<p>&nbsp;<\/p>\n<\/div>\n","protected":false},"excerpt":{"rendered":"<p>Un fantasma de la Fuerza era el alma y la esencia de un Jedi muerto que se hab\u00eda hecho uno con la Fuerza, aunque era capaz de interactuar con los vivos, pero no f\u00edsicamente. Escena de Return of Jedi en la Luna de Endor.<\/p>\n","protected":false},"featured_media":3617,"comment_status":"open","ping_status":"closed","template":"","meta":[],"product_brand":[],"product_cat":[20],"product_tag":[],"class_list":{"0":"post-1442","1":"product","2":"type-product","3":"status-publish","4":"has-post-thumbnail","6":"product_cat-funko1","8":"first","9":"outofstock","10":"taxable","11":"shipping-taxable","12":"purchasable","13":"product-type-simple"},"_links":{"self":[{"href":"https:\/\/r2-toys.com\/index.php\/wp-json\/wp\/v2\/product\/1442","targetHints":{"allow":["GET"]}}],"collection":[{"href":"https:\/\/r2-toys.com\/index.php\/wp-json\/wp\/v2\/product"}],"about":[{"href":"https:\/\/r2-toys.com\/index.php\/wp-json\/wp\/v2\/types\/product"}],"replies":[{"embeddable":true,"href":"https:\/\/r2-toys.com\/index.php\/wp-json\/wp\/v2\/comments?post=1442"}],"wp:featuredmedia":[{"embeddable":true,"href":"https:\/\/r2-toys.com\/index.php\/wp-json\/wp\/v2\/media\/3617"}],"wp:attachment":[{"href":"https:\/\/r2-toys.com\/index.php\/wp-json\/wp\/v2\/media?parent=1442"}],"wp:term":[{"taxonomy":"product_brand","embeddable":true,"href":"https:\/\/r2-toys.com\/index.php\/wp-json\/wp\/v2\/product_brand?post=1442"},{"taxonomy":"product_cat","embeddable":true,"href":"https:\/\/r2-toys.com\/index.php\/wp-json\/wp\/v2\/product_cat?post=1442"},{"taxonomy":"product_tag","embeddable":true,"href":"https:\/\/r2-toys.com\/index.php\/wp-json\/wp\/v2\/product_tag?post=1442"}],"curies":[{"name":"wp","href":"https:\/\/api.w.org\/{rel}","templated":true}]}}