{"id":1471,"date":"2022-03-26T04:05:07","date_gmt":"2022-03-25T22:05:07","guid":{"rendered":"https:\/\/r2-toys.com\/?post_type=product&#038;p=1471"},"modified":"2022-06-13T07:59:39","modified_gmt":"2022-06-13T01:59:39","slug":"pin-esmaltado-anakin-skywalker-17","status":"publish","type":"product","link":"https:\/\/r2-toys.com\/index.php\/product\/pin-esmaltado-anakin-skywalker-17\/","title":{"rendered":"Pin Esmaltado Anakin Skywalker (17)"},"content":{"rendered":"<p>Anakin Skywalker compiti\u00f3 en la cl\u00e1sica carrera de Boonta Eve a pesar de ser un ni\u00f1o, gan\u00f3 tras una encarnizada lucha contra Sebulba, un piloto de origen dug que acostumbraba hacer trampa, y debido a eso siempre ganaba.<\/p>\n<p>Desde 1977 la saga de Star Wars ha sido un movimiento revolucionario de la cultura pop generaci\u00f3n tras generaci\u00f3n, reclutando fans y seguidores, creando para ellos diversas producciones del amplio universo. Gracias a FunkoPop podemos tener incre\u00edbles figuras de tus personajes favoritos con incre\u00edbles dise\u00f1os.<\/p>\n<p>Estos Pin Esmaltados de 10 cm vienen con acabados met\u00e1licos y tambi\u00e9n tienen sus propios soportes.<\/p>\n<p>Altura aproximada de 10 cm<\/p>\n<p>Empaque con ventana para su exhibici\u00f3n<\/p>\n<div>\n<p>Edad recomendada: 4 a\u00f1os en adelante<\/p>\n<\/div>\n<div>\n<p>\u26a0\ufe0fADVERTENCIA: PELIGRO DE ASFIXIA &#8211; Piezas peque\u00f1as. No apto para ni\u00f1os menores de 4 a\u00f1os.<\/p>\n<\/div>\n<div>\n<p>Los productos Star Wars son producidos por FUNKO bajo licencia de Lucasfilm Ltd. y Disney<\/p>\n<\/div>\n<div>\n<p>FUNKO y todos los t\u00e9rminos relacionados son marcas registradas.<\/p>\n<\/div>\n<p>&nbsp;<\/p>\n","protected":false},"excerpt":{"rendered":"<p>Anakin Skywalker compiti\u00f3 en la cl\u00e1sica carrera de Boonta Eve a pesar de ser un ni\u00f1o, gan\u00f3 tras una encarnizada lucha contra Sebulba, un piloto de origen dug que acostumbraba hacer trampa, y debido a eso siempre ganaba.<\/p>\n<p>Desde 1977 la saga de Star Wars ha sido un movimiento revolucionario de la cultura pop generaci\u00f3n tras generaci\u00f3n, reclutando fans y seguidores, creando para ellos diversas producciones del amplio universo. Gracias a FunkoPop podemos tener incre\u00edbles figuras de tus personajes favoritos con incre\u00edbles dise\u00f1os.<\/p>\n<p>Estos Pin Esmaltados de 10 cm vienen con acabados met\u00e1licos y tambi\u00e9n tienen sus propios soportes.<\/p>\n<p>Altura aproximada de 10 cm<\/p>\n<p>Empaque con ventana para su exhibici\u00f3n<\/p>\n","protected":false},"featured_media":2813,"comment_status":"open","ping_status":"closed","template":"","meta":[],"product_brand":[],"product_cat":[34],"product_tag":[],"class_list":{"0":"post-1471","1":"product","2":"type-product","3":"status-publish","4":"has-post-thumbnail","6":"product_cat-accesorios","8":"first","9":"instock","10":"taxable","11":"shipping-taxable","12":"purchasable","13":"product-type-simple"},"_links":{"self":[{"href":"https:\/\/r2-toys.com\/index.php\/wp-json\/wp\/v2\/product\/1471","targetHints":{"allow":["GET"]}}],"collection":[{"href":"https:\/\/r2-toys.com\/index.php\/wp-json\/wp\/v2\/product"}],"about":[{"href":"https:\/\/r2-toys.com\/index.php\/wp-json\/wp\/v2\/types\/product"}],"replies":[{"embeddable":true,"href":"https:\/\/r2-toys.com\/index.php\/wp-json\/wp\/v2\/comments?post=1471"}],"wp:featuredmedia":[{"embeddable":true,"href":"https:\/\/r2-toys.com\/index.php\/wp-json\/wp\/v2\/media\/2813"}],"wp:attachment":[{"href":"https:\/\/r2-toys.com\/index.php\/wp-json\/wp\/v2\/media?parent=1471"}],"wp:term":[{"taxonomy":"product_brand","embeddable":true,"href":"https:\/\/r2-toys.com\/index.php\/wp-json\/wp\/v2\/product_brand?post=1471"},{"taxonomy":"product_cat","embeddable":true,"href":"https:\/\/r2-toys.com\/index.php\/wp-json\/wp\/v2\/product_cat?post=1471"},{"taxonomy":"product_tag","embeddable":true,"href":"https:\/\/r2-toys.com\/index.php\/wp-json\/wp\/v2\/product_tag?post=1471"}],"curies":[{"name":"wp","href":"https:\/\/api.w.org\/{rel}","templated":true}]}}