{"id":1562,"date":"2022-03-31T03:47:29","date_gmt":"2022-03-30T21:47:29","guid":{"rendered":"https:\/\/r2-toys.com\/?post_type=product&#038;p=1562"},"modified":"2022-06-10T20:47:56","modified_gmt":"2022-06-10T14:47:56","slug":"scarlett-g-i-joe-74","status":"publish","type":"product","link":"https:\/\/r2-toys.com\/index.php\/product\/scarlett-g-i-joe-74\/","title":{"rendered":"Scarlett G.I. Joe (74)"},"content":{"rendered":"<p>Talentoso artista marcial, debido a que crece en una familia de belters negros. Con el tiempo se uni\u00f3 al ej\u00e9rcito y entr\u00f3 en todas las clases de formaci\u00f3n que pudiera entrar, finalmente sobresalir en el trabajo de inteligencia.<\/p>\n<p>Altura aproximada de 11 cm<\/p>\n<p>Empaque con ventana para su exhibici\u00f3n<\/p>\n<p>Fabricados en Vinyl<\/p>\n<div>\n<p>Edad recomendada: 4 a\u00f1os en adelante<\/p>\n<\/div>\n<div>\n<p>\u26a0\ufe0fADVERTENCIA: PELIGRO DE ASFIXIA &#8211; Piezas peque\u00f1as. No apto para ni\u00f1os menores de 4 a\u00f1os.<\/p>\n<\/div>\n<p>FUNKO, GIJOE y todos los t\u00e9rminos relacionados son marcas registradas FUNKO Y GIJOE.<\/p>\n","protected":false},"excerpt":{"rendered":"<p>Talentoso artista marcial, debido a que crece en una familia de belters negros. Con el tiempo se uni\u00f3 al ej\u00e9rcito y entr\u00f3 en todas las clases de formaci\u00f3n que pudiera entrar, finalmente sobresalir en el trabajo de inteligencia.<\/p>\n","protected":false},"featured_media":3510,"comment_status":"open","ping_status":"closed","template":"","meta":[],"product_brand":[],"product_cat":[20,21],"product_tag":[],"class_list":{"0":"post-1562","1":"product","2":"type-product","3":"status-publish","4":"has-post-thumbnail","6":"product_cat-funko1","7":"product_cat-retro","9":"first","10":"instock","11":"taxable","12":"shipping-taxable","13":"purchasable","14":"product-type-simple"},"_links":{"self":[{"href":"https:\/\/r2-toys.com\/index.php\/wp-json\/wp\/v2\/product\/1562","targetHints":{"allow":["GET"]}}],"collection":[{"href":"https:\/\/r2-toys.com\/index.php\/wp-json\/wp\/v2\/product"}],"about":[{"href":"https:\/\/r2-toys.com\/index.php\/wp-json\/wp\/v2\/types\/product"}],"replies":[{"embeddable":true,"href":"https:\/\/r2-toys.com\/index.php\/wp-json\/wp\/v2\/comments?post=1562"}],"wp:featuredmedia":[{"embeddable":true,"href":"https:\/\/r2-toys.com\/index.php\/wp-json\/wp\/v2\/media\/3510"}],"wp:attachment":[{"href":"https:\/\/r2-toys.com\/index.php\/wp-json\/wp\/v2\/media?parent=1562"}],"wp:term":[{"taxonomy":"product_brand","embeddable":true,"href":"https:\/\/r2-toys.com\/index.php\/wp-json\/wp\/v2\/product_brand?post=1562"},{"taxonomy":"product_cat","embeddable":true,"href":"https:\/\/r2-toys.com\/index.php\/wp-json\/wp\/v2\/product_cat?post=1562"},{"taxonomy":"product_tag","embeddable":true,"href":"https:\/\/r2-toys.com\/index.php\/wp-json\/wp\/v2\/product_tag?post=1562"}],"curies":[{"name":"wp","href":"https:\/\/api.w.org\/{rel}","templated":true}]}}