{"id":1566,"date":"2022-03-30T03:58:14","date_gmt":"2022-03-29T21:58:14","guid":{"rendered":"https:\/\/r2-toys.com\/?post_type=product&#038;p=1566"},"modified":"2022-09-26T06:54:43","modified_gmt":"2022-09-26T00:54:43","slug":"wicket-w-warrick-exclusivo-290","status":"publish","type":"product","link":"https:\/\/r2-toys.com\/index.php\/product\/wicket-w-warrick-exclusivo-290\/","title":{"rendered":"Wicket w. Warrick Exclusivo (290)"},"content":{"rendered":"<p>Explorador\u00a0y guerrero\u00a0Ewok\u00a0en la\u00a0luna\u00a0de\u00a0Endor. Wicket tambi\u00e9n jug\u00f3 un papel fundamental en ayudar a la\u00a0Alianza Rebelde\u00a0a derrotar al\u00a0Imperio Gal\u00e1ctico\u00a0durante la\u00a0Batalla de Endor.<\/p>\n<p>Desde 1977 la saga de Star Wars ha sido un movimiento revolucionario de la cultura pop generaci\u00f3n tras generaci\u00f3n, reclutando fans y seguidores, creando para ellos diversas producciones del amplio universo. Gracias a FunkoPop podemos tener incre\u00edbles figuras de tus personajes favoritos con incre\u00edbles dise\u00f1os.<\/p>\n<p>Altura aproximada de 11 cm<\/p>\n<p>Empaque con ventana para su exhibici\u00f3n<\/p>\n<p>Fabricados en Vinyl<\/p>\n<p>Incluye Pin Exclusivo<\/p>\n<div>\n<p>Edad recomendada: 4 a\u00f1os en adelante<\/p>\n<\/div>\n<div>\n<p>\u26a0\ufe0fADVERTENCIA: PELIGRO DE ASFIXIA &#8211; Piezas peque\u00f1as. No apto para ni\u00f1os menores de 4 a\u00f1os.<\/p>\n<\/div>\n<div>\n<p>Los productos Star Wars son producidos por FUNKO bajo licencia de Lucasfilm Ltd. y Disney<\/p>\n<\/div>\n<p>FUNKO y todos los t\u00e9rminos relacionados son marcas registradas.<\/p>\n","protected":false},"excerpt":{"rendered":"<p>Explorador\u00a0y guerrero\u00a0Ewok\u00a0en la\u00a0luna\u00a0de\u00a0Endor. Wicket tambi\u00e9n jug\u00f3 un papel fundamental en ayudar a la\u00a0Alianza Rebelde\u00a0a derrotar al\u00a0Imperio Gal\u00e1ctico\u00a0durante la\u00a0Batalla de Endor.<\/p>\n","protected":false},"featured_media":2993,"comment_status":"open","ping_status":"closed","template":"","meta":[],"product_brand":[],"product_cat":[20],"product_tag":[],"class_list":{"0":"post-1566","1":"product","2":"type-product","3":"status-publish","4":"has-post-thumbnail","6":"product_cat-funko1","8":"first","9":"instock","10":"taxable","11":"shipping-taxable","12":"purchasable","13":"product-type-simple"},"_links":{"self":[{"href":"https:\/\/r2-toys.com\/index.php\/wp-json\/wp\/v2\/product\/1566","targetHints":{"allow":["GET"]}}],"collection":[{"href":"https:\/\/r2-toys.com\/index.php\/wp-json\/wp\/v2\/product"}],"about":[{"href":"https:\/\/r2-toys.com\/index.php\/wp-json\/wp\/v2\/types\/product"}],"replies":[{"embeddable":true,"href":"https:\/\/r2-toys.com\/index.php\/wp-json\/wp\/v2\/comments?post=1566"}],"wp:featuredmedia":[{"embeddable":true,"href":"https:\/\/r2-toys.com\/index.php\/wp-json\/wp\/v2\/media\/2993"}],"wp:attachment":[{"href":"https:\/\/r2-toys.com\/index.php\/wp-json\/wp\/v2\/media?parent=1566"}],"wp:term":[{"taxonomy":"product_brand","embeddable":true,"href":"https:\/\/r2-toys.com\/index.php\/wp-json\/wp\/v2\/product_brand?post=1566"},{"taxonomy":"product_cat","embeddable":true,"href":"https:\/\/r2-toys.com\/index.php\/wp-json\/wp\/v2\/product_cat?post=1566"},{"taxonomy":"product_tag","embeddable":true,"href":"https:\/\/r2-toys.com\/index.php\/wp-json\/wp\/v2\/product_tag?post=1566"}],"curies":[{"name":"wp","href":"https:\/\/api.w.org\/{rel}","templated":true}]}}