{"id":1575,"date":"2022-03-31T03:57:08","date_gmt":"2022-03-30T21:57:08","guid":{"rendered":"https:\/\/r2-toys.com\/?post_type=product&#038;p=1575"},"modified":"2022-06-10T20:46:26","modified_gmt":"2022-06-10T14:46:26","slug":"wanda-50s-713","status":"publish","type":"product","link":"https:\/\/r2-toys.com\/index.php\/product\/wanda-50s-713\/","title":{"rendered":"Wanda 50\u2019s (713)"},"content":{"rendered":"<p>Wanda Maximoff, tambi\u00e9n conocida como la\u00a0Bruja Escarlata, es una nativa de\u00a0Sokovia, donde creci\u00f3 en compa\u00f1\u00eda de su hermano gemelo,\u00a0Pietro. Nacida con la habilidad m\u00e1gica latente para manipular la\u00a0Magia Ca\u00f3tica.<\/p>\n<p>Altura aproximada de 11 cm<\/p>\n<p>Empaque con ventana para su exhibici\u00f3n<\/p>\n<p>Fabricados en Vinyl<\/p>\n<div>\n<p>Edad recomendada: 4 a\u00f1os en adelante<\/p>\n<\/div>\n<div>\n<p>\u26a0\ufe0fADVERTENCIA: PELIGRO DE ASFIXIA &#8211; Piezas peque\u00f1as. No apto para ni\u00f1os menores de 4 a\u00f1os.<\/p>\n<\/div>\n<p>FUNKO y todos los t\u00e9rminos relacionados son marcas registradas.<\/p>\n","protected":false},"excerpt":{"rendered":"<p>Wanda Maximoff, tambi\u00e9n conocida como la\u00a0Bruja Escarlata, es una nativa de\u00a0Sokovia, donde creci\u00f3 en compa\u00f1\u00eda de su hermano gemelo,\u00a0Pietro. Nacida con la habilidad m\u00e1gica latente para manipular la\u00a0Magia Ca\u00f3tica.<\/p>\n<p>&nbsp;<\/p>\n","protected":false},"featured_media":3275,"comment_status":"open","ping_status":"closed","template":"","meta":[],"product_brand":[],"product_cat":[20,21],"product_tag":[],"class_list":{"0":"post-1575","1":"product","2":"type-product","3":"status-publish","4":"has-post-thumbnail","6":"product_cat-funko1","7":"product_cat-retro","9":"first","10":"instock","11":"taxable","12":"shipping-taxable","13":"purchasable","14":"product-type-simple"},"_links":{"self":[{"href":"https:\/\/r2-toys.com\/index.php\/wp-json\/wp\/v2\/product\/1575","targetHints":{"allow":["GET"]}}],"collection":[{"href":"https:\/\/r2-toys.com\/index.php\/wp-json\/wp\/v2\/product"}],"about":[{"href":"https:\/\/r2-toys.com\/index.php\/wp-json\/wp\/v2\/types\/product"}],"replies":[{"embeddable":true,"href":"https:\/\/r2-toys.com\/index.php\/wp-json\/wp\/v2\/comments?post=1575"}],"wp:featuredmedia":[{"embeddable":true,"href":"https:\/\/r2-toys.com\/index.php\/wp-json\/wp\/v2\/media\/3275"}],"wp:attachment":[{"href":"https:\/\/r2-toys.com\/index.php\/wp-json\/wp\/v2\/media?parent=1575"}],"wp:term":[{"taxonomy":"product_brand","embeddable":true,"href":"https:\/\/r2-toys.com\/index.php\/wp-json\/wp\/v2\/product_brand?post=1575"},{"taxonomy":"product_cat","embeddable":true,"href":"https:\/\/r2-toys.com\/index.php\/wp-json\/wp\/v2\/product_cat?post=1575"},{"taxonomy":"product_tag","embeddable":true,"href":"https:\/\/r2-toys.com\/index.php\/wp-json\/wp\/v2\/product_tag?post=1575"}],"curies":[{"name":"wp","href":"https:\/\/api.w.org\/{rel}","templated":true}]}}