{"id":1580,"date":"2022-03-31T03:56:22","date_gmt":"2022-03-30T21:56:22","guid":{"rendered":"https:\/\/r2-toys.com\/?post_type=product&#038;p=1580"},"modified":"2022-09-16T14:17:27","modified_gmt":"2022-09-16T08:17:27","slug":"vlad-empalador-exclusivo-1074","status":"publish","type":"product","link":"https:\/\/r2-toys.com\/index.php\/product\/vlad-empalador-exclusivo-1074\/","title":{"rendered":"Vlad Empalador Exclusivo (1074)"},"content":{"rendered":"<p>Protagonista del escritor irland\u00e9s Brem Stoker, de 1897, de la pel\u00edcula Dracula, vistiendo su ic\u00f3nico traje rojo de batalla.<\/p>\n<p>Altura aproximada de 11 cm<\/p>\n<p>Empaque con ventana para su exhibici\u00f3n<\/p>\n<p>Fabricados en Vinyl<\/p>\n<div>\n<p>Edad recomendada: 4 a\u00f1os en adelante<\/p>\n<\/div>\n<div>\n<p>\u26a0\ufe0fADVERTENCIA: PELIGRO DE ASFIXIA &#8211; Piezas peque\u00f1as. No apto para ni\u00f1os menores de 4 a\u00f1os.<\/p>\n<\/div>\n<div>\n<p>Los productos Star Wars son producidos por FUNKO bajo licencia de Lucasfilm Ltd. y Disney<\/p>\n<\/div>\n<p>FUNKO y todos los t\u00e9rminos relacionados son marcas registradas.<\/p>\n","protected":false},"excerpt":{"rendered":"<p>Protagonista del escritor irland\u00e9s Brem Stoker, de 1897, de la pel\u00edcula Dracula, vistiendo su ic\u00f3nico traje rojo de batalla.<\/p>\n","protected":false},"featured_media":3272,"comment_status":"open","ping_status":"closed","template":"","meta":[],"product_brand":[],"product_cat":[20,21],"product_tag":[],"class_list":{"0":"post-1580","1":"product","2":"type-product","3":"status-publish","4":"has-post-thumbnail","6":"product_cat-funko1","7":"product_cat-retro","9":"first","10":"instock","11":"taxable","12":"shipping-taxable","13":"purchasable","14":"product-type-simple"},"_links":{"self":[{"href":"https:\/\/r2-toys.com\/index.php\/wp-json\/wp\/v2\/product\/1580","targetHints":{"allow":["GET"]}}],"collection":[{"href":"https:\/\/r2-toys.com\/index.php\/wp-json\/wp\/v2\/product"}],"about":[{"href":"https:\/\/r2-toys.com\/index.php\/wp-json\/wp\/v2\/types\/product"}],"replies":[{"embeddable":true,"href":"https:\/\/r2-toys.com\/index.php\/wp-json\/wp\/v2\/comments?post=1580"}],"wp:featuredmedia":[{"embeddable":true,"href":"https:\/\/r2-toys.com\/index.php\/wp-json\/wp\/v2\/media\/3272"}],"wp:attachment":[{"href":"https:\/\/r2-toys.com\/index.php\/wp-json\/wp\/v2\/media?parent=1580"}],"wp:term":[{"taxonomy":"product_brand","embeddable":true,"href":"https:\/\/r2-toys.com\/index.php\/wp-json\/wp\/v2\/product_brand?post=1580"},{"taxonomy":"product_cat","embeddable":true,"href":"https:\/\/r2-toys.com\/index.php\/wp-json\/wp\/v2\/product_cat?post=1580"},{"taxonomy":"product_tag","embeddable":true,"href":"https:\/\/r2-toys.com\/index.php\/wp-json\/wp\/v2\/product_tag?post=1580"}],"curies":[{"name":"wp","href":"https:\/\/api.w.org\/{rel}","templated":true}]}}