{"id":1636,"date":"2022-03-31T22:54:29","date_gmt":"2022-03-31T16:54:29","guid":{"rendered":"https:\/\/r2-toys.com\/?post_type=product&#038;p=1636"},"modified":"2022-06-13T06:39:45","modified_gmt":"2022-06-13T00:39:45","slug":"luke-skywalker-retro-series-453","status":"publish","type":"product","link":"https:\/\/r2-toys.com\/index.php\/product\/luke-skywalker-retro-series-453\/","title":{"rendered":"Luke Skywalker Retro Series (453)"},"content":{"rendered":"<p>Esta l\u00ednea de Funko de Star Wars Retro Series Pop! Vinyl Rinde homenaje a los c\u00f3mics originales que se lanzaron en 1977, y cada personaje cuenta con un dise\u00f1o impresionante que muestra su apariencia en el c\u00f3mic.<\/p>\n<p>Desde 1977 la saga de Star Wars ha sido un movimiento revolucionario de la cultura pop generaci\u00f3n tras generaci\u00f3n, reclutando fans y seguidores, creando para ellos diversas producciones del amplio universo. Gracias a FunkoPop podemos tener incre\u00edbles figuras de tus personajes favoritos con incre\u00edbles dise\u00f1os.<\/p>\n<p>Altura aproximada de 11 cm<\/p>\n<p>Empaque con ventana para su exhibici\u00f3n<\/p>\n<p>Fabricados en Vinyl<\/p>\n<div>\n<p>Edad recomendada: 4 a\u00f1os en adelante<\/p>\n<\/div>\n<div>\n<p>\u26a0\ufe0fADVERTENCIA: PELIGRO DE ASFIXIA &#8211; Piezas peque\u00f1as. No apto para ni\u00f1os menores de 4 a\u00f1os.<\/p>\n<\/div>\n<div>\n<p>Los productos Star Wars son producidos por FUNKO bajo licencia de Lucasfilm Ltd. y Disney<\/p>\n<\/div>\n<p>FUNKO y todos los t\u00e9rminos relacionados son marcas registradas.<\/p>\n","protected":false},"excerpt":{"rendered":"<p>Esta l\u00ednea de Funko de Star Wars Retro Series Pop! Vinyl Rinde homenaje a los c\u00f3mics originales que se lanzaron en 1977, y cada personaje cuenta con un dise\u00f1o impresionante que muestra su apariencia en el c\u00f3mic.<\/p>\n","protected":false},"featured_media":3905,"comment_status":"open","ping_status":"closed","template":"","meta":[],"product_brand":[],"product_cat":[20],"product_tag":[],"class_list":{"0":"post-1636","1":"product","2":"type-product","3":"status-publish","4":"has-post-thumbnail","6":"product_cat-funko1","8":"first","9":"instock","10":"taxable","11":"shipping-taxable","12":"purchasable","13":"product-type-simple"},"_links":{"self":[{"href":"https:\/\/r2-toys.com\/index.php\/wp-json\/wp\/v2\/product\/1636","targetHints":{"allow":["GET"]}}],"collection":[{"href":"https:\/\/r2-toys.com\/index.php\/wp-json\/wp\/v2\/product"}],"about":[{"href":"https:\/\/r2-toys.com\/index.php\/wp-json\/wp\/v2\/types\/product"}],"replies":[{"embeddable":true,"href":"https:\/\/r2-toys.com\/index.php\/wp-json\/wp\/v2\/comments?post=1636"}],"wp:featuredmedia":[{"embeddable":true,"href":"https:\/\/r2-toys.com\/index.php\/wp-json\/wp\/v2\/media\/3905"}],"wp:attachment":[{"href":"https:\/\/r2-toys.com\/index.php\/wp-json\/wp\/v2\/media?parent=1636"}],"wp:term":[{"taxonomy":"product_brand","embeddable":true,"href":"https:\/\/r2-toys.com\/index.php\/wp-json\/wp\/v2\/product_brand?post=1636"},{"taxonomy":"product_cat","embeddable":true,"href":"https:\/\/r2-toys.com\/index.php\/wp-json\/wp\/v2\/product_cat?post=1636"},{"taxonomy":"product_tag","embeddable":true,"href":"https:\/\/r2-toys.com\/index.php\/wp-json\/wp\/v2\/product_tag?post=1636"}],"curies":[{"name":"wp","href":"https:\/\/api.w.org\/{rel}","templated":true}]}}