{"id":1862,"date":"2022-03-24T04:44:25","date_gmt":"2022-03-23T22:44:25","guid":{"rendered":"https:\/\/r2-toys.com\/?post_type=product&#038;p=1862"},"modified":"2026-01-24T09:04:01","modified_gmt":"2026-01-24T03:04:01","slug":"bodhi-rook","status":"publish","type":"product","link":"https:\/\/r2-toys.com\/index.php\/product\/bodhi-rook\/","title":{"rendered":"Bodhi Rook"},"content":{"rendered":"<div class=\"page\" title=\"Page 2\">\n<div class=\"layoutArea\">\n<div class=\"column\">\n<p>Bodhi, ex piloto imperial, tiene s\u00f3lidas habilidades t\u00e9cnicas y de pilotaje que utilizar\u00e1 para la Rebeli\u00f3n. Siempre pr\u00e1ctico, pero muy ansioso, Bodhi debe reunir su coraje para llevar la batalla al Imperio. Esta figura de 15cm inspirada en Rogue One, con excelentes detalles y multiples articulaciones. Incluye 2 accesorios.<\/p>\n<p>Edad recomendada: 4 a\u00f1os en adelante<\/p>\n<p>\u26a0\ufe0f ADVERTENCIA: PELIGRO DE ASFIXIA &#8211; Piezas peque\u00f1as. No apto para ni\u00f1os menores de 4 a\u00f1os.<\/p>\n<p>Los productos Star Wars son producidos por Hasbro bajo licencia de Lucasfilm Ltd.<\/p>\n<p>Hasbro y todos los t\u00e9rminos relacionados son marcas registradas de Hasbro.<\/p>\n<p>&nbsp;<\/p>\n<\/div>\n<\/div>\n<\/div>\n","protected":false},"excerpt":{"rendered":"<p>Bodhi, ex piloto imperial, tiene s\u00f3lidas habilidades t\u00e9cnicas y de pilotaje que utilizar\u00e1 para la Rebeli\u00f3n. Siempre pr\u00e1ctico, pero muy ansioso, Bodhi debe reunir su coraje para llevar la batalla al Imperio. Esta figura de 15cm inspirada en Rogue One, con excelentes detalles y multiples articulaciones. Incluye 2 accesorios.<\/p>\n","protected":false},"featured_media":2420,"comment_status":"open","ping_status":"closed","template":"","meta":[],"product_brand":[],"product_cat":[28],"product_tag":[],"class_list":{"0":"post-1862","1":"product","2":"type-product","3":"status-publish","4":"has-post-thumbnail","6":"product_cat-black-series","8":"first","9":"instock","10":"taxable","11":"shipping-taxable","12":"purchasable","13":"product-type-simple"},"_links":{"self":[{"href":"https:\/\/r2-toys.com\/index.php\/wp-json\/wp\/v2\/product\/1862","targetHints":{"allow":["GET"]}}],"collection":[{"href":"https:\/\/r2-toys.com\/index.php\/wp-json\/wp\/v2\/product"}],"about":[{"href":"https:\/\/r2-toys.com\/index.php\/wp-json\/wp\/v2\/types\/product"}],"replies":[{"embeddable":true,"href":"https:\/\/r2-toys.com\/index.php\/wp-json\/wp\/v2\/comments?post=1862"}],"wp:featuredmedia":[{"embeddable":true,"href":"https:\/\/r2-toys.com\/index.php\/wp-json\/wp\/v2\/media\/2420"}],"wp:attachment":[{"href":"https:\/\/r2-toys.com\/index.php\/wp-json\/wp\/v2\/media?parent=1862"}],"wp:term":[{"taxonomy":"product_brand","embeddable":true,"href":"https:\/\/r2-toys.com\/index.php\/wp-json\/wp\/v2\/product_brand?post=1862"},{"taxonomy":"product_cat","embeddable":true,"href":"https:\/\/r2-toys.com\/index.php\/wp-json\/wp\/v2\/product_cat?post=1862"},{"taxonomy":"product_tag","embeddable":true,"href":"https:\/\/r2-toys.com\/index.php\/wp-json\/wp\/v2\/product_tag?post=1862"}],"curies":[{"name":"wp","href":"https:\/\/api.w.org\/{rel}","templated":true}]}}