{"id":1866,"date":"2022-03-31T08:23:02","date_gmt":"2022-03-31T02:23:02","guid":{"rendered":"https:\/\/r2-toys.com\/?post_type=product&#038;p=1866"},"modified":"2022-09-17T20:24:35","modified_gmt":"2022-09-17T14:24:35","slug":"jar-jar-binks-the-clone-wars-500-exclusivo","status":"publish","type":"product","link":"https:\/\/r2-toys.com\/index.php\/product\/jar-jar-binks-the-clone-wars-500-exclusivo\/","title":{"rendered":"Jar Jar Binks The Clone Wars (500) Exclusivo"},"content":{"rendered":"<p>Fue un comandante militar y pol\u00edtico Gungan que jug\u00f3 un papel importante en la Invasi\u00f3n de Naboo y las Guerras Clon que culminaron con la ca\u00edda de la Rep\u00fablica Gal\u00e1ctica y el surgimiento del Imperio Gal\u00e1ctico. Binks se convirti\u00f3 en representante de su pueblo en el Senado Gal\u00e1ctico, sirviendo junto a Amidala una vez que se convirti\u00f3 en la senadora del planeta.<\/p>\n<p>Desde 1977 la saga de Star Wars ha sido un movimiento revolucionario de la cultura pop generaci\u00f3n tras generaci\u00f3n, reclutando fans y seguidores, creando para ellos diversas producciones del amplio universo. Gracias a FunkoPop podemos tener incre\u00edbles figuras de tus personajes favoritos con incre\u00edbles dise\u00f1os.<\/p>\n<p>Altura aproximada de 11 cm<\/p>\n<p>Empaque con ventana para su exhibici\u00f3n Fabricados en Vinyl<\/p>\n<p>Edad recomendada: 4 a\u00f1os en adelante<\/p>\n<p>\u26a0\ufe0fADVERTENCIA: PELIGRO DE ASFIXIA &#8211; Piezas peque\u00f1as. No apto para ni\u00f1os menores de 4 a\u00f1os.<\/p>\n<p>Los productos Star Wars son producidos por FUNKO bajo licencia de Lucasfilm Ltd. y Disney<\/p>\n<p>FUNKO, Gamestop y todos los t\u00e9rminos relacionados son marcas registradas de Funko y Gamestop.<\/p>\n","protected":false},"excerpt":{"rendered":"<p>Fue un comandante militar y pol\u00edtico Gungan que jug\u00f3 un papel importante en la Invasi\u00f3n de Naboo y las Guerras Clon que culminaron con la ca\u00edda de la Rep\u00fablica Gal\u00e1ctica y el surgimiento del Imperio Gal\u00e1ctico. Binks se convirti\u00f3 en representante de su pueblo en el Senado Gal\u00e1ctico, sirviendo junto a Amidala una vez que se convirti\u00f3 en la senadora del planeta.<\/p>\n","protected":false},"featured_media":3693,"comment_status":"open","ping_status":"closed","template":"","meta":[],"product_brand":[],"product_cat":[20],"product_tag":[],"class_list":{"0":"post-1866","1":"product","2":"type-product","3":"status-publish","4":"has-post-thumbnail","6":"product_cat-funko1","8":"first","9":"instock","10":"taxable","11":"shipping-taxable","12":"purchasable","13":"product-type-simple"},"_links":{"self":[{"href":"https:\/\/r2-toys.com\/index.php\/wp-json\/wp\/v2\/product\/1866","targetHints":{"allow":["GET"]}}],"collection":[{"href":"https:\/\/r2-toys.com\/index.php\/wp-json\/wp\/v2\/product"}],"about":[{"href":"https:\/\/r2-toys.com\/index.php\/wp-json\/wp\/v2\/types\/product"}],"replies":[{"embeddable":true,"href":"https:\/\/r2-toys.com\/index.php\/wp-json\/wp\/v2\/comments?post=1866"}],"wp:featuredmedia":[{"embeddable":true,"href":"https:\/\/r2-toys.com\/index.php\/wp-json\/wp\/v2\/media\/3693"}],"wp:attachment":[{"href":"https:\/\/r2-toys.com\/index.php\/wp-json\/wp\/v2\/media?parent=1866"}],"wp:term":[{"taxonomy":"product_brand","embeddable":true,"href":"https:\/\/r2-toys.com\/index.php\/wp-json\/wp\/v2\/product_brand?post=1866"},{"taxonomy":"product_cat","embeddable":true,"href":"https:\/\/r2-toys.com\/index.php\/wp-json\/wp\/v2\/product_cat?post=1866"},{"taxonomy":"product_tag","embeddable":true,"href":"https:\/\/r2-toys.com\/index.php\/wp-json\/wp\/v2\/product_tag?post=1866"}],"curies":[{"name":"wp","href":"https:\/\/api.w.org\/{rel}","templated":true}]}}