{"id":1868,"date":"2022-03-31T23:03:49","date_gmt":"2022-03-31T17:03:49","guid":{"rendered":"https:\/\/r2-toys.com\/?post_type=product&#038;p=1868"},"modified":"2023-05-03T05:55:53","modified_gmt":"2023-05-02T23:55:53","slug":"moroff-exclusivo-jedha-492","status":"publish","type":"product","link":"https:\/\/r2-toys.com\/index.php\/product\/moroff-exclusivo-jedha-492\/","title":{"rendered":"Moroff Exclusivo (Jedha) (492)"},"content":{"rendered":"<p>Moroff busca zonas de combate en la galaxia para vender su fuerza y poder de fuego a cualquiera que lo necesite. No esta interesado en los detalles del conflicto entre el Imperio y los rebeldes, el poderoso mercenario gigorano cree que se puede ganar dinero con su imponente artilleria.<\/p>\n<p>Desde 1977 la saga de Star Wars ha sido un movimiento revolucionario de la cultura pop generaci\u00f3n tras generaci\u00f3n, reclutando fans y seguidores, creando para ellos diversas producciones del amplio universo. Gracias a FunkoPop podemos tener incre\u00edbles figuras de tus personajes favoritos con incre\u00edbles dise\u00f1os.<\/p>\n<p>Altura aproximada de 11 cm<\/p>\n<p>Empaque con ventana para su exhibici\u00f3n Fabricados en Vinyl<\/p>\n<p>Edad recomendada: 4 a\u00f1os en adelante<\/p>\n<p>\u26a0\ufe0fADVERTENCIA: PELIGRO DE ASFIXIA &#8211; Piezas peque\u00f1as. No apto para ni\u00f1os menores de 4 a\u00f1os.<\/p>\n<p>Los productos Star Wars son producidos por FUNKO bajo licencia de Lucasfilm Ltd. y Disney<\/p>\n<p>FUNKO, Amazon y todos los t\u00e9rminos relacionados son marcas registradas Funko y Amazon.<\/p>\n","protected":false},"excerpt":{"rendered":"<p>Moroff busca zonas de combate en la galaxia para vender su fuerza y poder de fuego a cualquiera que lo necesite. No esta interesado en los detalles del conflicto entre el Imperio y los rebeldes, el poderoso mercenario gigorano cree que se puede ganar dinero con su imponente artilleria.<\/p>\n","protected":false},"featured_media":3934,"comment_status":"open","ping_status":"closed","template":"","meta":[],"product_brand":[],"product_cat":[20],"product_tag":[],"class_list":{"0":"post-1868","1":"product","2":"type-product","3":"status-publish","4":"has-post-thumbnail","6":"product_cat-funko1","8":"first","9":"instock","10":"taxable","11":"shipping-taxable","12":"purchasable","13":"product-type-simple"},"_links":{"self":[{"href":"https:\/\/r2-toys.com\/index.php\/wp-json\/wp\/v2\/product\/1868","targetHints":{"allow":["GET"]}}],"collection":[{"href":"https:\/\/r2-toys.com\/index.php\/wp-json\/wp\/v2\/product"}],"about":[{"href":"https:\/\/r2-toys.com\/index.php\/wp-json\/wp\/v2\/types\/product"}],"replies":[{"embeddable":true,"href":"https:\/\/r2-toys.com\/index.php\/wp-json\/wp\/v2\/comments?post=1868"}],"wp:featuredmedia":[{"embeddable":true,"href":"https:\/\/r2-toys.com\/index.php\/wp-json\/wp\/v2\/media\/3934"}],"wp:attachment":[{"href":"https:\/\/r2-toys.com\/index.php\/wp-json\/wp\/v2\/media?parent=1868"}],"wp:term":[{"taxonomy":"product_brand","embeddable":true,"href":"https:\/\/r2-toys.com\/index.php\/wp-json\/wp\/v2\/product_brand?post=1868"},{"taxonomy":"product_cat","embeddable":true,"href":"https:\/\/r2-toys.com\/index.php\/wp-json\/wp\/v2\/product_cat?post=1868"},{"taxonomy":"product_tag","embeddable":true,"href":"https:\/\/r2-toys.com\/index.php\/wp-json\/wp\/v2\/product_tag?post=1868"}],"curies":[{"name":"wp","href":"https:\/\/api.w.org\/{rel}","templated":true}]}}