{"id":1871,"date":"2022-03-30T07:15:43","date_gmt":"2022-03-30T01:15:43","guid":{"rendered":"https:\/\/r2-toys.com\/?post_type=product&#038;p=1871"},"modified":"2025-12-10T15:09:58","modified_gmt":"2025-12-10T09:09:58","slug":"lobot","status":"publish","type":"product","link":"https:\/\/r2-toys.com\/index.php\/product\/lobot\/","title":{"rendered":"LOBOT"},"content":{"rendered":"<p>El ayudante de Calrissian y el oficial de enlace inform\u00e1tico de Ciudad Nube. Es un hombre con un dispositivo brillante que mejora el cerebro envuelto alrededor de la parte posterior de su cr\u00e1neo que le permiti\u00f3 contactar directamente con la computadora central de la ciudad.<\/p>\n<p>Esta figura de 9,5 cm cuenta con un excelente dise\u00f1o, en empaques inspirados en la l\u00ednea original.<\/p>\n<p>Edad recomendada: 4 a\u00f1os en adelante<\/p>\n<p>\u26a0\ufe0fADVERTENCIA: PELIGRO DE ASFIXIA &#8211; Piezas peque\u00f1as. No apto para ni\u00f1os menores de 4 a\u00f1os.<\/p>\n<p>Los productos Star Wars son producidos por Hasbro bajo licencia de Lucasfilm\u00a0Ltd.\u00a0Hasbro y todos los t\u00e9rminos relacionados son marcas registradas de Hasbro<\/p>\n","protected":false},"excerpt":{"rendered":"<p>El ayudante de Calrissian y el oficial de enlace inform\u00e1tico de Ciudad Nube. Es un hombre con un dispositivo brillante que mejora el cerebro envuelto alrededor de la parte posterior de su cr\u00e1neo que le permiti\u00f3 contactar directamente con la computadora central de la ciudad.<\/p>\n","protected":false},"featured_media":3089,"comment_status":"open","ping_status":"closed","template":"","meta":[],"product_brand":[],"product_cat":[29],"product_tag":[],"class_list":{"0":"post-1871","1":"product","2":"type-product","3":"status-publish","4":"has-post-thumbnail","6":"product_cat-vintage","8":"first","9":"instock","10":"taxable","11":"shipping-taxable","12":"purchasable","13":"product-type-simple"},"_links":{"self":[{"href":"https:\/\/r2-toys.com\/index.php\/wp-json\/wp\/v2\/product\/1871","targetHints":{"allow":["GET"]}}],"collection":[{"href":"https:\/\/r2-toys.com\/index.php\/wp-json\/wp\/v2\/product"}],"about":[{"href":"https:\/\/r2-toys.com\/index.php\/wp-json\/wp\/v2\/types\/product"}],"replies":[{"embeddable":true,"href":"https:\/\/r2-toys.com\/index.php\/wp-json\/wp\/v2\/comments?post=1871"}],"wp:featuredmedia":[{"embeddable":true,"href":"https:\/\/r2-toys.com\/index.php\/wp-json\/wp\/v2\/media\/3089"}],"wp:attachment":[{"href":"https:\/\/r2-toys.com\/index.php\/wp-json\/wp\/v2\/media?parent=1871"}],"wp:term":[{"taxonomy":"product_brand","embeddable":true,"href":"https:\/\/r2-toys.com\/index.php\/wp-json\/wp\/v2\/product_brand?post=1871"},{"taxonomy":"product_cat","embeddable":true,"href":"https:\/\/r2-toys.com\/index.php\/wp-json\/wp\/v2\/product_cat?post=1871"},{"taxonomy":"product_tag","embeddable":true,"href":"https:\/\/r2-toys.com\/index.php\/wp-json\/wp\/v2\/product_tag?post=1871"}],"curies":[{"name":"wp","href":"https:\/\/api.w.org\/{rel}","templated":true}]}}