{"id":1874,"date":"2022-03-30T05:59:21","date_gmt":"2022-03-29T23:59:21","guid":{"rendered":"https:\/\/r2-toys.com\/?post_type=product&#038;p=1874"},"modified":"2025-12-10T15:14:06","modified_gmt":"2025-12-10T09:14:06","slug":"kuiil-credit-collection","status":"publish","type":"product","link":"https:\/\/r2-toys.com\/index.php\/product\/kuiil-credit-collection\/","title":{"rendered":"Kuiil Credit Collection"},"content":{"rendered":"<p>Un granjero de vapor en Arvala-7, Kuiil vino a buscar la paz en un mundo apartado, que ahora est\u00e1 siendo invadido por criminales y mercenarios.<\/p>\n<p>Esta figura de 9,5 cm de la colecci\u00f3n cuenta con un excelente dise\u00f1o\u00a0y vienen en empaques desgastado inspirados en la l\u00ednea original. Incluye accesorios<br \/>\nEsta colecci\u00f3n distintiva presenta aplicaciones de decoraci\u00f3n inspiradas en las im\u00e1genes de cr\u00e9dito final de The Mandalorian, adem\u00e1s de un accesorio de cr\u00e9dito gal\u00e1ctico coleccionable.<\/p>\n<p>Esta figura de 15 cm de la colecci\u00f3n cuenta con un excelente dise\u00f1o\u00a0y vienen en empaques inspirados en la l\u00ednea original. Incluye accesorios<\/p>\n<p>Edad recomendada: 4 a\u00f1os en adelante<\/p>\n<p>\u26a0\ufe0fADVERTENCIA: PELIGRO DE ASFIXIA &#8211; Piezas peque\u00f1as. No apto para ni\u00f1os menores de 4 a\u00f1os.<\/p>\n<p>Los productos Star Wars son producidos por Hasbro bajo licencia de Lucasfilm Ltd.<\/p>\n<p>Hasbro y todos los t\u00e9rminos relacionados son marcas registradas de Hasbro.<\/p>\n","protected":false},"excerpt":{"rendered":"<p>Un granjero de vapor en Arvala-7, Kuiil vino a buscar la paz en un mundo apartado, que ahora est\u00e1 siendo invadido por criminales y mercenarios.<\/p>\n<p>&nbsp;<\/p>\n","protected":false},"featured_media":3082,"comment_status":"open","ping_status":"closed","template":"","meta":[],"product_brand":[],"product_cat":[29],"product_tag":[],"class_list":{"0":"post-1874","1":"product","2":"type-product","3":"status-publish","4":"has-post-thumbnail","6":"product_cat-vintage","8":"first","9":"instock","10":"taxable","11":"shipping-taxable","12":"purchasable","13":"product-type-simple"},"_links":{"self":[{"href":"https:\/\/r2-toys.com\/index.php\/wp-json\/wp\/v2\/product\/1874","targetHints":{"allow":["GET"]}}],"collection":[{"href":"https:\/\/r2-toys.com\/index.php\/wp-json\/wp\/v2\/product"}],"about":[{"href":"https:\/\/r2-toys.com\/index.php\/wp-json\/wp\/v2\/types\/product"}],"replies":[{"embeddable":true,"href":"https:\/\/r2-toys.com\/index.php\/wp-json\/wp\/v2\/comments?post=1874"}],"wp:featuredmedia":[{"embeddable":true,"href":"https:\/\/r2-toys.com\/index.php\/wp-json\/wp\/v2\/media\/3082"}],"wp:attachment":[{"href":"https:\/\/r2-toys.com\/index.php\/wp-json\/wp\/v2\/media?parent=1874"}],"wp:term":[{"taxonomy":"product_brand","embeddable":true,"href":"https:\/\/r2-toys.com\/index.php\/wp-json\/wp\/v2\/product_brand?post=1874"},{"taxonomy":"product_cat","embeddable":true,"href":"https:\/\/r2-toys.com\/index.php\/wp-json\/wp\/v2\/product_cat?post=1874"},{"taxonomy":"product_tag","embeddable":true,"href":"https:\/\/r2-toys.com\/index.php\/wp-json\/wp\/v2\/product_tag?post=1874"}],"curies":[{"name":"wp","href":"https:\/\/api.w.org\/{rel}","templated":true}]}}