{"id":1877,"date":"2022-03-25T03:52:13","date_gmt":"2022-03-24T21:52:13","guid":{"rendered":"https:\/\/r2-toys.com\/?post_type=product&#038;p=1877"},"modified":"2024-08-24T00:52:45","modified_gmt":"2024-08-23T18:52:45","slug":"boba-fetts-slave-1","status":"publish","type":"product","link":"https:\/\/r2-toys.com\/index.php\/product\/boba-fetts-slave-1\/","title":{"rendered":"BOBA FETT\u00b4S SLAVE-1"},"content":{"rendered":"<p>La nave de Boba Fett transport\u00f3 a Han Solo en carbonita al vil g\u00e1ngster Jabba the Hutt en Tatooine, cobrando una recompensa por el ex contrabandista.<\/p>\n<p>Este veh\u00edculo ic\u00f3nico<span class=\"Apple-converted-space\">\u00a0 <\/span>The Empire Strikes Back en empaque Vintage Collection para<span class=\"Apple-converted-space\">\u00a0 <\/span>figuras de 9.5cm, cuentan con la marca Kenner original con detalles que incluyen una cabina que se abre, un tren de aterrizaje que funciona, alas que se separan y una escalera retr\u00e1ctil.<\/p>\n<p>En empaque Vintage original para<span class=\"Apple-converted-space\">\u00a0 <\/span>figuras de 9.5cm. Incluye: veh\u00edculo, soporte y Han Solo en carbonita. Las figuras no est\u00e1n incluidas.<\/p>\n<p>Edad recomendada: 4 a\u00f1os en adelante<\/p>\n<p>\u26a0\ufe0fADVERTENCIA: PELIGRO DE ASFIXIA &#8211; Piezas peque\u00f1as. No apto para ni\u00f1os menores de 4 a\u00f1os.<\/p>\n<p>Los productos Star Wars son producidos por Hasbro bajo licencia de Lucasfilm Ltd.<\/p>\n<p>Hasbro y todos los t\u00e9rminos relacionados son marcas registradas de Hasbro.<\/p>\n","protected":false},"excerpt":{"rendered":"<p>La nave de Boba Fett transport\u00f3 a Han Solo en carbonita al vil g\u00e1ngster Jabba the Hutt en Tatooine, cobrando una recompensa por el ex contrabandista.<\/p>\n","protected":false},"featured_media":2685,"comment_status":"open","ping_status":"closed","template":"","meta":[],"product_brand":[],"product_cat":[27],"product_tag":[],"class_list":{"0":"post-1877","1":"product","2":"type-product","3":"status-publish","4":"has-post-thumbnail","6":"product_cat-naves","8":"first","9":"instock","10":"taxable","11":"shipping-taxable","12":"purchasable","13":"product-type-simple"},"_links":{"self":[{"href":"https:\/\/r2-toys.com\/index.php\/wp-json\/wp\/v2\/product\/1877","targetHints":{"allow":["GET"]}}],"collection":[{"href":"https:\/\/r2-toys.com\/index.php\/wp-json\/wp\/v2\/product"}],"about":[{"href":"https:\/\/r2-toys.com\/index.php\/wp-json\/wp\/v2\/types\/product"}],"replies":[{"embeddable":true,"href":"https:\/\/r2-toys.com\/index.php\/wp-json\/wp\/v2\/comments?post=1877"}],"wp:featuredmedia":[{"embeddable":true,"href":"https:\/\/r2-toys.com\/index.php\/wp-json\/wp\/v2\/media\/2685"}],"wp:attachment":[{"href":"https:\/\/r2-toys.com\/index.php\/wp-json\/wp\/v2\/media?parent=1877"}],"wp:term":[{"taxonomy":"product_brand","embeddable":true,"href":"https:\/\/r2-toys.com\/index.php\/wp-json\/wp\/v2\/product_brand?post=1877"},{"taxonomy":"product_cat","embeddable":true,"href":"https:\/\/r2-toys.com\/index.php\/wp-json\/wp\/v2\/product_cat?post=1877"},{"taxonomy":"product_tag","embeddable":true,"href":"https:\/\/r2-toys.com\/index.php\/wp-json\/wp\/v2\/product_tag?post=1877"}],"curies":[{"name":"wp","href":"https:\/\/api.w.org\/{rel}","templated":true}]}}