{"id":1879,"date":"2022-03-25T03:55:27","date_gmt":"2022-03-24T21:55:27","guid":{"rendered":"https:\/\/r2-toys.com\/?post_type=product&#038;p=1879"},"modified":"2024-09-23T01:56:30","modified_gmt":"2024-09-22T19:56:30","slug":"kylo-ren-tie-silencer","status":"publish","type":"product","link":"https:\/\/r2-toys.com\/index.php\/product\/kylo-ren-tie-silencer\/","title":{"rendered":"KYLO REN TIE SILENCER"},"content":{"rendered":"<p>Con un dise\u00f1o basado en el<span class=\"Apple-converted-space\">\u00a0 <\/span>TIE Fighter y al TIE de Darth Vader, el TIE de Kylo Ren es un caza angular equipado con ca\u00f1ones l\u00e1ser y lanza misiles.<\/p>\n<p>Ren es un piloto experto, gracias a las habilidades heredadas de su padre. No hay otra nave de la Primera Orden como este TIE, y es una herramienta eficaz en la misi\u00f3n de Ren de destruir la Resistencia.<\/p>\n<p>-Veh\u00edculo y figura activados con tecnolog\u00eda Force Link<\/p>\n<p>-El TIE Silencer incluye aut\u00e9nticos efectos de luz inspirados en la pel\u00edcula. Los sonidos y efectos de luz del veh\u00edculo se activan con tecnolog\u00eda Force Link<\/p>\n<p>-El guante con tecnolog\u00eda Force Link activa los efectos de los juguetes<\/p>\n<p>-El TIE Silencer de Kylo Ren lanza dos proyectiles de dos alas diferentes<\/p>\n<p>Edad recomendada: 4 a\u00f1os en adelante<\/p>\n<p>ADVERTENCIA: PELIGRO DE ASFIXIA &#8211; Piezas peque\u00f1as. No apto para ni\u00f1os menores de 4 a\u00f1os.<\/p>\n<p>Los productos Star Wars son producidos por Hasbro bajo licencia de Lucasfilm Ltd.<\/p>\n<p>Hasbro y todos los t\u00e9rminos relacionados son marcas registradas de Hasbro.<\/p>\n","protected":false},"excerpt":{"rendered":"<p>Con un dise\u00f1o basado en el<span class=\"Apple-converted-space\">\u00a0 <\/span>TIE Fighter y al TIE de Darth Vader, el TIE de Kylo Ren es un caza angular equipado con ca\u00f1ones l\u00e1ser y lanza misiles.<\/p>\n<p>Ren es un piloto experto, gracias a las habilidades heredadas de su padre. No hay otra nave de la Primera Orden como este TIE, y es una herramienta eficaz en la misi\u00f3n de Ren de destruir la Resistencia.<\/p>\n<p>&nbsp;<\/p>\n","protected":false},"featured_media":2696,"comment_status":"open","ping_status":"closed","template":"","meta":[],"product_brand":[],"product_cat":[27],"product_tag":[],"class_list":{"0":"post-1879","1":"product","2":"type-product","3":"status-publish","4":"has-post-thumbnail","6":"product_cat-naves","8":"first","9":"outofstock","10":"taxable","11":"shipping-taxable","12":"purchasable","13":"product-type-simple"},"_links":{"self":[{"href":"https:\/\/r2-toys.com\/index.php\/wp-json\/wp\/v2\/product\/1879","targetHints":{"allow":["GET"]}}],"collection":[{"href":"https:\/\/r2-toys.com\/index.php\/wp-json\/wp\/v2\/product"}],"about":[{"href":"https:\/\/r2-toys.com\/index.php\/wp-json\/wp\/v2\/types\/product"}],"replies":[{"embeddable":true,"href":"https:\/\/r2-toys.com\/index.php\/wp-json\/wp\/v2\/comments?post=1879"}],"wp:featuredmedia":[{"embeddable":true,"href":"https:\/\/r2-toys.com\/index.php\/wp-json\/wp\/v2\/media\/2696"}],"wp:attachment":[{"href":"https:\/\/r2-toys.com\/index.php\/wp-json\/wp\/v2\/media?parent=1879"}],"wp:term":[{"taxonomy":"product_brand","embeddable":true,"href":"https:\/\/r2-toys.com\/index.php\/wp-json\/wp\/v2\/product_brand?post=1879"},{"taxonomy":"product_cat","embeddable":true,"href":"https:\/\/r2-toys.com\/index.php\/wp-json\/wp\/v2\/product_cat?post=1879"},{"taxonomy":"product_tag","embeddable":true,"href":"https:\/\/r2-toys.com\/index.php\/wp-json\/wp\/v2\/product_tag?post=1879"}],"curies":[{"name":"wp","href":"https:\/\/api.w.org\/{rel}","templated":true}]}}